{"id":7444,"date":"2026-03-20T09:25:49","date_gmt":"2026-03-20T08:25:49","guid":{"rendered":"https:\/\/shop.swisspowertube.ch\/?post_type=product&#038;p=7444"},"modified":"2026-03-23T16:49:25","modified_gmt":"2026-03-23T15:49:25","slug":"naturstein-l-tryptophan-kapseln-100-stk","status":"publish","type":"product","link":"https:\/\/shop.swisspowertube.ch\/it\/prodotto\/naturstein-l-tryptophan-kapseln-100-stk\/","title":{"rendered":"Naturstein L-Tryptophan Kapseln 100 Stk."},"content":{"rendered":"<p>L-Tryptophan ist eine essentielle Aminos\u00e4ure, welche in eiweisshaltigen Lebensmitteln vorkommt,\u00a0 aber nicht selber vom menschlichen K\u00f6rper hergestellt werden kann.<\/p>\n<p>Tryptophan ist eine Vorstufe des Botenstoffs Serotonin, welches auch Gl\u00fcckshormon genannt wird. Sobald der Serotoninspiegel im menschlichen K\u00f6rper ansteigt, versp\u00fcren wir ein angenehmes Gef\u00fchl und f\u00fchlen uns zufrieden und ausgeglichen.<\/p>\n<p>L-Trytophan kann auch einen gesunden und tiefen Schlaf f\u00f6rdern. Die beiden enthaltenen Pflanzenextrakte Melisse und Lavendel unterst\u00fctzen L-Tryptophan dabei.<\/p>\n<p>Ohne Konservierungsmittel, glutenfrei, laktosefrei, vegetarisch.<\/p>\n<p>Anwendung: Am Abend 1 Kapsel mit etwas Wasser einnehmen.<\/p>\n<p>Wichtige Hinweise: Die angegebene Tagesdosis sollte nicht \u00fcberschritten werden. Ausserhalb der Reichweite von Kindern aufbewahren. Nahrungserg\u00e4nzungsmittel sind kein Ersatz f\u00fcr eine abwechslungsreiche Ern\u00e4hrung.<\/p>","protected":false},"excerpt":{"rendered":"<p>L-Tryptophan ist eine essentielle Aminos\u00e4ure, welche in eiweisshaltigen Lebensmitteln vorkommt,\u00a0 aber nicht selber vom menschlichen K\u00f6rper hergestellt werden kann. Tryptophan ist eine Vorstufe des Botenstoffs Serotonin, welches auch Gl\u00fcckshormon genannt wird. Sobald der Serotoninspiegel im menschlichen K\u00f6rper ansteigt, versp\u00fcren wir ein angenehmes Gef\u00fchl und f\u00fchlen uns zufrieden und ausgeglichen. L-Trytophan kann auch einen gesunden und [&hellip;]<\/p>\n","protected":false},"featured_media":7428,"template":"","meta":{"inline_featured_image":false,"site-sidebar-layout":"default","site-content-layout":"","ast-site-content-layout":"default","site-content-style":"default","site-sidebar-style":"default","ast-global-header-display":"","ast-banner-title-visibility":"","ast-main-header-display":"","ast-hfb-above-header-display":"","ast-hfb-below-header-display":"","ast-hfb-mobile-header-display":"","site-post-title":"","ast-breadcrumbs-content":"","ast-featured-img":"","footer-sml-layout":"","ast-disable-related-posts":"","theme-transparent-header-meta":"default","adv-header-id-meta":"","stick-header-meta":"default","header-above-stick-meta":"","header-main-stick-meta":"","header-below-stick-meta":"","astra-migrate-meta-layouts":"set","ast-page-background-enabled":"default","ast-page-background-meta":{"desktop":{"background-color":"","background-image":"","background-repeat":"repeat","background-position":"center center","background-size":"auto","background-attachment":"scroll","background-type":"","background-media":"","overlay-type":"","overlay-color":"","overlay-opacity":"","overlay-gradient":""},"tablet":{"background-color":"","background-image":"","background-repeat":"repeat","background-position":"center center","background-size":"auto","background-attachment":"scroll","background-type":"","background-media":"","overlay-type":"","overlay-color":"","overlay-opacity":"","overlay-gradient":""},"mobile":{"background-color":"","background-image":"","background-repeat":"repeat","background-position":"center center","background-size":"auto","background-attachment":"scroll","background-type":"","background-media":"","overlay-type":"","overlay-color":"","overlay-opacity":"","overlay-gradient":""}},"ast-content-background-meta":{"desktop":{"background-color":"var(--ast-global-color-5)","background-image":"","background-repeat":"repeat","background-position":"center center","background-size":"auto","background-attachment":"scroll","background-type":"","background-media":"","overlay-type":"","overlay-color":"","overlay-opacity":"","overlay-gradient":""},"tablet":{"background-color":"var(--ast-global-color-5)","background-image":"","background-repeat":"repeat","background-position":"center center","background-size":"auto","background-attachment":"scroll","background-type":"","background-media":"","overlay-type":"","overlay-color":"","overlay-opacity":"","overlay-gradient":""},"mobile":{"background-color":"var(--ast-global-color-5)","background-image":"","background-repeat":"repeat","background-position":"center center","background-size":"auto","background-attachment":"scroll","background-type":"","background-media":"","overlay-type":"","overlay-color":"","overlay-opacity":"","overlay-gradient":""}}},"product_brand":[],"product_cat":[101],"product_tag":[],"class_list":{"0":"post-7444","1":"product","2":"type-product","3":"status-publish","4":"has-post-thumbnail","6":"product_cat-naturstein-nahrungsergaenzungsmittel","7":"desktop-align-center","8":"tablet-align-center","9":"mobile-align-center","10":"ast-product-gallery-layout-horizontal","11":"ast-product-gallery-with-no-image","12":"ast-product-tabs-layout-horizontal","14":"first","15":"instock","16":"taxable","17":"shipping-taxable","18":"purchasable","19":"product-type-simple"},"_links":{"self":[{"href":"https:\/\/shop.swisspowertube.ch\/it\/wp-json\/wp\/v2\/product\/7444","targetHints":{"allow":["GET"]}}],"collection":[{"href":"https:\/\/shop.swisspowertube.ch\/it\/wp-json\/wp\/v2\/product"}],"about":[{"href":"https:\/\/shop.swisspowertube.ch\/it\/wp-json\/wp\/v2\/types\/product"}],"wp:featuredmedia":[{"embeddable":true,"href":"https:\/\/shop.swisspowertube.ch\/it\/wp-json\/wp\/v2\/media\/7428"}],"wp:attachment":[{"href":"https:\/\/shop.swisspowertube.ch\/it\/wp-json\/wp\/v2\/media?parent=7444"}],"wp:term":[{"taxonomy":"product_brand","embeddable":true,"href":"https:\/\/shop.swisspowertube.ch\/it\/wp-json\/wp\/v2\/product_brand?post=7444"},{"taxonomy":"product_cat","embeddable":true,"href":"https:\/\/shop.swisspowertube.ch\/it\/wp-json\/wp\/v2\/product_cat?post=7444"},{"taxonomy":"product_tag","embeddable":true,"href":"https:\/\/shop.swisspowertube.ch\/it\/wp-json\/wp\/v2\/product_tag?post=7444"}],"curies":[{"name":"wp","href":"https:\/\/api.w.org\/{rel}","templated":true}]}}