{"id":7436,"date":"2026-03-19T16:17:15","date_gmt":"2026-03-19T15:17:15","guid":{"rendered":"https:\/\/shop.swisspowertube.ch\/?post_type=product&#038;p=7436"},"modified":"2026-03-19T19:30:16","modified_gmt":"2026-03-19T18:30:16","slug":"naturstein-kollagen-kapseln-75-stk","status":"publish","type":"product","link":"https:\/\/shop.swisspowertube.ch\/it\/prodotto\/naturstein-kollagen-kapseln-75-stk\/","title":{"rendered":"Naturstein Kollagen Kapseln 75 Stk."},"content":{"rendered":"<h5><strong>Naturstein Kollagen Kapseln<\/strong>\u00a0f\u00fcr gesunde Gelenke, Knochen, Haut und Z\u00e4hne,<\/h5>\n<h5>&#8230;einen gesunden Darm sowie zum Aufbau von Muskulatur.<\/h5>\n<p><strong>Vitamin C<\/strong>\u00a0tr\u00e4gt zu einer normalen\u00a0<strong>Kollagenbildung\u00a0<\/strong>f\u00fcr eine normale Funktion der Haut und Knochen bei.<\/p>\n<h6>Verzehrempfehlung:<\/h6>\n<p>T\u00e4glich 3 x 2 Kapseln mit Wasser einnehmen.<\/p>\n<p>Die empfohlene Tagesdosis sollte nicht \u00fcberschritten werden. Nahrungserg\u00e4nzungsmittel sind kein Ersatz f\u00fcr eine ausgewogene Ern\u00e4hrung und gesunde Lebensweise.<br \/>\nAufbewahrung: Bei Raumtemperatur, vor Sonne gesch\u00fctzt, verschlossen, ausser Reichweite von Kindern aufbewahren.<\/p>\n<h6>Wirkungen und Vorteile von\u00a0<strong>Kollagen<\/strong>:<\/h6>\n<p>&#8211; Antioxidativ<br \/>\n&#8211; Antientz\u00fcndlich, hemmt Entz\u00fcndungen im K\u00f6rper<br \/>\n&#8211; Verbesserung der Darmbarriere und der Darmgesundheit<br \/>\n&#8211; Sch\u00f6nere Haut, verj\u00fcngend (anti-aging), beschleunigt die Wundheilung<br \/>\n&#8211; Hilft bei der Pr\u00e4vention von Arthrose und Osteoporose, beugt Osteoarthritis vor<br \/>\n&#8211; Hohe S\u00e4ttigungswirkung, bei geringer Kalorienmenge<br \/>\n&#8211; Schnellere Erholung nach intensivem Sport<br \/>\n&#8211; Kann den Blutdruck senken<br \/>\n&#8211; Wirkt \u00dcbergewicht entgegen und hilft beim Abnehmen<br \/>\n&#8211; Kann einen erh\u00f6hten Blutzucker senken<\/p>\n<h6>Facts zu\u00a0<strong>Kollagen<\/strong><\/h6>\n<p>&#8211;\u00a0<strong>Kollagen\u00a0<\/strong>ist ein zentraler Bestandteil von: Haut, Haaren, N\u00e4geln, Gelenken, Sehnen, B\u00e4ndern und Knochen.<br \/>\n&#8211;\u00a0<strong>Kollagen\u00a0<\/strong>ist das\u00a0<strong>Protein\u00a0<\/strong>mit dem h\u00f6chsten relativen Anteil (ca. 25%) am Gesamtprotein des Menschen.<br \/>\n&#8211; Die Synthese von\u00a0<strong>Kollagen<\/strong>\u00a0ist\u00a0<strong>Vitamin C<\/strong>\u00a0abh\u00e4ngig (daher hat es in unseren Kapseln noch\u00a0<strong>Vitamin C<\/strong>\u00a0drin).<br \/>\n&#8211;\u00a0<strong>Kollagen<\/strong>\u00a0ist der Stoff, der die Strukturen von unserem K\u00f6rpers zusammenh\u00e4lt. Seine Aufgabe besteht darin, den Zellen und Geweben Struktur zu verleihen, wobei es diese m\u00f6glichst fest und zugleich flexibel h\u00e4lt.<br \/>\n&#8211; Ein Mangel an\u00a0<strong>Kollagen\u00a0<\/strong>spiegelt sich zum Beispiel in Form von schlaffer Haut und verletzungsanf\u00e4lligen Sehnen und B\u00e4ndern wider.<br \/>\n&#8211;\u00a0<strong>Kollagen\u00a0<\/strong>besteht haupts\u00e4chlich aus den wichtigen Aminos\u00e4uren Glycin, Hydroxyprolin und Hydroxylysin, wobei die letzteren beiden nur im\u00a0<strong>Kollagen<\/strong>\u00a0vorkommen. Weiterhin sind bis auf L-Tryptophan alle essentiellen Aminos\u00e4uren enthalten, zumindest in geringeren Mengen.<br \/>\n&#8211; Pauschale Empfehlungen f\u00fcr den Bedarf an\u00a0<strong>Kollagen\u00a0<\/strong>liegen zwischen 10 bis 15 Gramm pro Tag. Hierbei ist jedoch nicht der individuelle Lebensstil ber\u00fccksichtigt. Wenn man viel trainiert oder aktuell unter einer Verletzung leidet, kann der Bedarf an\u00a0<strong>Kollagen<\/strong>\u00a0deutlich h\u00f6her ausfallen.<br \/>\n&#8211; Nebenwirkungen von\u00a0<strong>Kollagen<\/strong>\u00a0sind keine bekannt.<br \/>\n&#8211;\u00a0<strong>Kollagen-Hydrolysat<\/strong>\u00a0kann der K\u00f6rper gut resorbieren, weil es bereits \u00abvorverdaut\u00bb ist.<\/p>\n<h6><strong>Kollagen\u00a0<\/strong>in unserer Ern\u00e4hrung<\/h6>\n<p>&#8211; Da heutzutage meist nur noch das zarte Muskelfleisch gegessen wird, kommt\u00a0<strong>Kollagen\u00a0<\/strong>zu kurz.<br \/>\n&#8211;\u00a0<strong>Kollagen<\/strong>\u00a0ist nur in sehr wenigen Lebensmitteln enthalten, die heutzutage auf unserem Speiseplan stehen. Nennenswert sind Gummib\u00e4rchen (Gelatine) und Hackfleisch. Allerdings werden diese Lebensmittel zu selten konsumiert und wenn, dann nicht in ausreichenden Mengen, um den Bedarf zu decken.<br \/>\n&#8211; Eine M\u00f6glichkeit, den Bedarf zu decken, ist nebst der Supplementierung, die Knochenbr\u00fche. Hier werden die kollagenen Strukturen aus dem Knochen ausgekocht, wodurch eine sehr nahrhafte und zugleich k\u00f6stliche Br\u00fche entsteht, die dar\u00fcber hinaus viele Mineralstoffe enth\u00e4lt. Innereien und strafferes Fleisch sind ebenfalls gute Kollagenquellen.<br \/>\n&#8211;\u00a0<strong>Kollagen\u00a0<\/strong>ist zum Grossteil nur in tierischen Produkten enthalten. Vegetarier und Veganer sind daher gef\u00e4hrdet, einen Mangel zu entwickeln, da sie ihren Bedarf nicht mit pflanzlichen Produkten decken k\u00f6nnen.<\/p>","protected":false},"excerpt":{"rendered":"<p>Naturstein Kollagen Kapseln\u00a0f\u00fcr gesunde Gelenke, Knochen, Haut und Z\u00e4hne, &#8230;einen gesunden Darm sowie zum Aufbau von Muskulatur. Vitamin C\u00a0tr\u00e4gt zu einer normalen\u00a0Kollagenbildung\u00a0f\u00fcr eine normale Funktion der Haut und Knochen bei. Verzehrempfehlung: T\u00e4glich 3 x 2 Kapseln mit Wasser einnehmen. Die empfohlene Tagesdosis sollte nicht \u00fcberschritten werden. Nahrungserg\u00e4nzungsmittel sind kein Ersatz f\u00fcr eine ausgewogene Ern\u00e4hrung und [&hellip;]<\/p>\n","protected":false},"featured_media":7427,"template":"","meta":{"inline_featured_image":false,"site-sidebar-layout":"default","site-content-layout":"","ast-site-content-layout":"default","site-content-style":"default","site-sidebar-style":"default","ast-global-header-display":"","ast-banner-title-visibility":"","ast-main-header-display":"","ast-hfb-above-header-display":"","ast-hfb-below-header-display":"","ast-hfb-mobile-header-display":"","site-post-title":"","ast-breadcrumbs-content":"","ast-featured-img":"","footer-sml-layout":"","ast-disable-related-posts":"","theme-transparent-header-meta":"default","adv-header-id-meta":"","stick-header-meta":"default","header-above-stick-meta":"","header-main-stick-meta":"","header-below-stick-meta":"","astra-migrate-meta-layouts":"set","ast-page-background-enabled":"default","ast-page-background-meta":{"desktop":{"background-color":"","background-image":"","background-repeat":"repeat","background-position":"center center","background-size":"auto","background-attachment":"scroll","background-type":"","background-media":"","overlay-type":"","overlay-color":"","overlay-opacity":"","overlay-gradient":""},"tablet":{"background-color":"","background-image":"","background-repeat":"repeat","background-position":"center center","background-size":"auto","background-attachment":"scroll","background-type":"","background-media":"","overlay-type":"","overlay-color":"","overlay-opacity":"","overlay-gradient":""},"mobile":{"background-color":"","background-image":"","background-repeat":"repeat","background-position":"center center","background-size":"auto","background-attachment":"scroll","background-type":"","background-media":"","overlay-type":"","overlay-color":"","overlay-opacity":"","overlay-gradient":""}},"ast-content-background-meta":{"desktop":{"background-color":"var(--ast-global-color-5)","background-image":"","background-repeat":"repeat","background-position":"center center","background-size":"auto","background-attachment":"scroll","background-type":"","background-media":"","overlay-type":"","overlay-color":"","overlay-opacity":"","overlay-gradient":""},"tablet":{"background-color":"var(--ast-global-color-5)","background-image":"","background-repeat":"repeat","background-position":"center center","background-size":"auto","background-attachment":"scroll","background-type":"","background-media":"","overlay-type":"","overlay-color":"","overlay-opacity":"","overlay-gradient":""},"mobile":{"background-color":"var(--ast-global-color-5)","background-image":"","background-repeat":"repeat","background-position":"center center","background-size":"auto","background-attachment":"scroll","background-type":"","background-media":"","overlay-type":"","overlay-color":"","overlay-opacity":"","overlay-gradient":""}}},"product_brand":[],"product_cat":[101],"product_tag":[],"class_list":{"0":"post-7436","1":"product","2":"type-product","3":"status-publish","4":"has-post-thumbnail","6":"product_cat-naturstein-nahrungsergaenzungsmittel","7":"desktop-align-center","8":"tablet-align-center","9":"mobile-align-center","10":"ast-product-gallery-layout-horizontal","11":"ast-product-gallery-with-no-image","12":"ast-product-tabs-layout-horizontal","14":"first","15":"instock","16":"taxable","17":"shipping-taxable","18":"purchasable","19":"product-type-simple"},"_links":{"self":[{"href":"https:\/\/shop.swisspowertube.ch\/it\/wp-json\/wp\/v2\/product\/7436","targetHints":{"allow":["GET"]}}],"collection":[{"href":"https:\/\/shop.swisspowertube.ch\/it\/wp-json\/wp\/v2\/product"}],"about":[{"href":"https:\/\/shop.swisspowertube.ch\/it\/wp-json\/wp\/v2\/types\/product"}],"wp:featuredmedia":[{"embeddable":true,"href":"https:\/\/shop.swisspowertube.ch\/it\/wp-json\/wp\/v2\/media\/7427"}],"wp:attachment":[{"href":"https:\/\/shop.swisspowertube.ch\/it\/wp-json\/wp\/v2\/media?parent=7436"}],"wp:term":[{"taxonomy":"product_brand","embeddable":true,"href":"https:\/\/shop.swisspowertube.ch\/it\/wp-json\/wp\/v2\/product_brand?post=7436"},{"taxonomy":"product_cat","embeddable":true,"href":"https:\/\/shop.swisspowertube.ch\/it\/wp-json\/wp\/v2\/product_cat?post=7436"},{"taxonomy":"product_tag","embeddable":true,"href":"https:\/\/shop.swisspowertube.ch\/it\/wp-json\/wp\/v2\/product_tag?post=7436"}],"curies":[{"name":"wp","href":"https:\/\/api.w.org\/{rel}","templated":true}]}}