{"id":7434,"date":"2026-03-19T16:11:30","date_gmt":"2026-03-19T15:11:30","guid":{"rendered":"https:\/\/shop.swisspowertube.ch\/?post_type=product&#038;p=7434"},"modified":"2026-03-19T19:31:00","modified_gmt":"2026-03-19T18:31:00","slug":"naturstein-augen-vital-kapseln-100-stk","status":"publish","type":"product","link":"https:\/\/shop.swisspowertube.ch\/it\/prodotto\/naturstein-augen-vital-kapseln-100-stk\/","title":{"rendered":"Naturstein Augen Vital Kapseln 100 Stk."},"content":{"rendered":"<h5><strong>Vitamin B2<\/strong>\u00a0tr\u00e4gt zur Erhaltung normaler Sehkraft bei<\/h5>\n<h6><\/h6>\n<h6>Verzehrempfehlung:<\/h6>\n<p>1 Kapsel\u00a0<strong>Naturstein Augen Vital<\/strong>\u00a0t\u00e4glich mit reichlich Wasser einnehmen.<\/p>\n<p>Nahrungserg\u00e4nzungsmittel mit Vitamin C, Vitamin B2 und Lutein. Vitamin B2 tr\u00e4gt zur Erhaltung normaler Sehkraft bei.<\/p>\n<p>Ausserhalb der Reichweite von Kindern aufbewahren. Die angegebene empfohlene Tagesdosis soll nicht \u00fcberschritten werden. Nahrungserg\u00e4nzungsmittel sind kein Ersatz f\u00fcr eine abwechslungsreiche und ausgewogene Ern\u00e4hrung und eine gesunde Lebensweise.<\/p>","protected":false},"excerpt":{"rendered":"<p>Vitamin B2\u00a0tr\u00e4gt zur Erhaltung normaler Sehkraft bei Verzehrempfehlung: 1 Kapsel\u00a0Naturstein Augen Vital\u00a0t\u00e4glich mit reichlich Wasser einnehmen. Nahrungserg\u00e4nzungsmittel mit Vitamin C, Vitamin B2 und Lutein. Vitamin B2 tr\u00e4gt zur Erhaltung normaler Sehkraft bei. Ausserhalb der Reichweite von Kindern aufbewahren. Die angegebene empfohlene Tagesdosis soll nicht \u00fcberschritten werden. Nahrungserg\u00e4nzungsmittel sind kein Ersatz f\u00fcr eine abwechslungsreiche und ausgewogene [&hellip;]<\/p>\n","protected":false},"featured_media":7435,"template":"","meta":{"inline_featured_image":false,"site-sidebar-layout":"default","site-content-layout":"","ast-site-content-layout":"default","site-content-style":"default","site-sidebar-style":"default","ast-global-header-display":"","ast-banner-title-visibility":"","ast-main-header-display":"","ast-hfb-above-header-display":"","ast-hfb-below-header-display":"","ast-hfb-mobile-header-display":"","site-post-title":"","ast-breadcrumbs-content":"","ast-featured-img":"","footer-sml-layout":"","ast-disable-related-posts":"","theme-transparent-header-meta":"default","adv-header-id-meta":"","stick-header-meta":"default","header-above-stick-meta":"","header-main-stick-meta":"","header-below-stick-meta":"","astra-migrate-meta-layouts":"set","ast-page-background-enabled":"default","ast-page-background-meta":{"desktop":{"background-color":"","background-image":"","background-repeat":"repeat","background-position":"center center","background-size":"auto","background-attachment":"scroll","background-type":"","background-media":"","overlay-type":"","overlay-color":"","overlay-opacity":"","overlay-gradient":""},"tablet":{"background-color":"","background-image":"","background-repeat":"repeat","background-position":"center center","background-size":"auto","background-attachment":"scroll","background-type":"","background-media":"","overlay-type":"","overlay-color":"","overlay-opacity":"","overlay-gradient":""},"mobile":{"background-color":"","background-image":"","background-repeat":"repeat","background-position":"center center","background-size":"auto","background-attachment":"scroll","background-type":"","background-media":"","overlay-type":"","overlay-color":"","overlay-opacity":"","overlay-gradient":""}},"ast-content-background-meta":{"desktop":{"background-color":"var(--ast-global-color-5)","background-image":"","background-repeat":"repeat","background-position":"center center","background-size":"auto","background-attachment":"scroll","background-type":"","background-media":"","overlay-type":"","overlay-color":"","overlay-opacity":"","overlay-gradient":""},"tablet":{"background-color":"var(--ast-global-color-5)","background-image":"","background-repeat":"repeat","background-position":"center center","background-size":"auto","background-attachment":"scroll","background-type":"","background-media":"","overlay-type":"","overlay-color":"","overlay-opacity":"","overlay-gradient":""},"mobile":{"background-color":"var(--ast-global-color-5)","background-image":"","background-repeat":"repeat","background-position":"center center","background-size":"auto","background-attachment":"scroll","background-type":"","background-media":"","overlay-type":"","overlay-color":"","overlay-opacity":"","overlay-gradient":""}}},"product_brand":[],"product_cat":[101,95],"product_tag":[],"class_list":{"0":"post-7434","1":"product","2":"type-product","3":"status-publish","4":"has-post-thumbnail","6":"product_cat-naturstein-nahrungsergaenzungsmittel","7":"product_cat-unkategorisiert","8":"desktop-align-center","9":"tablet-align-center","10":"mobile-align-center","11":"ast-product-gallery-layout-horizontal","12":"ast-product-gallery-with-no-image","13":"ast-product-tabs-layout-horizontal","15":"first","16":"instock","17":"taxable","18":"shipping-taxable","19":"purchasable","20":"product-type-simple"},"_links":{"self":[{"href":"https:\/\/shop.swisspowertube.ch\/it\/wp-json\/wp\/v2\/product\/7434","targetHints":{"allow":["GET"]}}],"collection":[{"href":"https:\/\/shop.swisspowertube.ch\/it\/wp-json\/wp\/v2\/product"}],"about":[{"href":"https:\/\/shop.swisspowertube.ch\/it\/wp-json\/wp\/v2\/types\/product"}],"wp:featuredmedia":[{"embeddable":true,"href":"https:\/\/shop.swisspowertube.ch\/it\/wp-json\/wp\/v2\/media\/7435"}],"wp:attachment":[{"href":"https:\/\/shop.swisspowertube.ch\/it\/wp-json\/wp\/v2\/media?parent=7434"}],"wp:term":[{"taxonomy":"product_brand","embeddable":true,"href":"https:\/\/shop.swisspowertube.ch\/it\/wp-json\/wp\/v2\/product_brand?post=7434"},{"taxonomy":"product_cat","embeddable":true,"href":"https:\/\/shop.swisspowertube.ch\/it\/wp-json\/wp\/v2\/product_cat?post=7434"},{"taxonomy":"product_tag","embeddable":true,"href":"https:\/\/shop.swisspowertube.ch\/it\/wp-json\/wp\/v2\/product_tag?post=7434"}],"curies":[{"name":"wp","href":"https:\/\/api.w.org\/{rel}","templated":true}]}}