{"id":7414,"date":"2026-03-19T15:46:41","date_gmt":"2026-03-19T14:46:41","guid":{"rendered":"https:\/\/shop.swisspowertube.ch\/?post_type=product&#038;p=7414"},"modified":"2026-03-19T19:31:40","modified_gmt":"2026-03-19T18:31:40","slug":"naturstein-schwarzkuemmeloel-kapseln-100-stk","status":"publish","type":"product","link":"https:\/\/shop.swisspowertube.ch\/it\/prodotto\/naturstein-schwarzkuemmeloel-kapseln-100-stk\/","title":{"rendered":"Naturstein Schwarzk\u00fcmmel\u00f6l Kapseln 100 Stk."},"content":{"rendered":"<h2>Naturstein \u00c4gyptisches Schwarzk\u00fcmmel\u00f6l<\/h2>\n<p>Das wertvolle\u00a0<strong>Schwarzk\u00fcmmel\u00f6l<\/strong>\u00a0wird h\u00e4ufig als Naturheilmittel bei\u00a0<strong>allergischem Schnupfen, Asthma bronchiale und tr\u00e4nenden Augen<\/strong>\u00a0angewendet. Es bietet somit eine tolle M\u00f6glichkeit um Heuschnupfen die Stirn zu bieten.<\/p>\n<p>Die enthaltenen \u00e4therischen \u00d6le aus Schwarzk\u00fcmmel erg\u00e4nzen die in rauen Mengen enthaltenen\u00a0<strong>Omega 3-, 6- und 9-Fetts\u00e4uren<\/strong>, die einen positiven Effekt auf Allergiesymptome haben sollen. Das Nahrungserg\u00e4nzungsmittel bietet somit eine umfangreiche M\u00f6glichkeit um l\u00e4stige Symptome zu bek\u00e4mpfen und kann auch vorbeugend bereits in den Wintermonaten eingenommen werden.<\/p>\n<h3>Anwendung:<\/h3>\n<p>Am Abend 3 Kapseln mit etwas Wasser einnehmen.<\/p>\n<p>Schwarzk\u00fcmmel\u00f6l sollte nicht auf n\u00fcchternen Magen eingenommen werden. Besonders zu Beginn der Einnahme kann es zu vermehrtem Aufstossen kommen.<\/p>\n<h3>Wichtige Hinweise:<\/h3>\n<p>Die angegebene Tagesdosis sollte nicht \u00fcberschritten werden. Ausserhalb der Reichweite von Kindern aufbewahren. Nahrungserg\u00e4nzungsmittel sind kein Ersatz f\u00fcr eine abwechslungsreiche Ern\u00e4hrung.<\/p>\n<p><span style=\"font-size: 16px;\">\u00a0<\/span><\/p>","protected":false},"excerpt":{"rendered":"<p>Naturstein \u00c4gyptisches Schwarzk\u00fcmmel\u00f6l Das wertvolle\u00a0Schwarzk\u00fcmmel\u00f6l\u00a0wird h\u00e4ufig als Naturheilmittel bei\u00a0allergischem Schnupfen, Asthma bronchiale und tr\u00e4nenden Augen\u00a0angewendet. Es bietet somit eine tolle M\u00f6glichkeit um Heuschnupfen die Stirn zu bieten. Die enthaltenen \u00e4therischen \u00d6le aus Schwarzk\u00fcmmel erg\u00e4nzen die in rauen Mengen enthaltenen\u00a0Omega 3-, 6- und 9-Fetts\u00e4uren, die einen positiven Effekt auf Allergiesymptome haben sollen. Das Nahrungserg\u00e4nzungsmittel bietet somit [&hellip;]<\/p>\n","protected":false},"featured_media":7433,"template":"","meta":{"inline_featured_image":false,"site-sidebar-layout":"default","site-content-layout":"","ast-site-content-layout":"default","site-content-style":"default","site-sidebar-style":"default","ast-global-header-display":"","ast-banner-title-visibility":"","ast-main-header-display":"","ast-hfb-above-header-display":"","ast-hfb-below-header-display":"","ast-hfb-mobile-header-display":"","site-post-title":"","ast-breadcrumbs-content":"","ast-featured-img":"","footer-sml-layout":"","ast-disable-related-posts":"","theme-transparent-header-meta":"default","adv-header-id-meta":"","stick-header-meta":"default","header-above-stick-meta":"","header-main-stick-meta":"","header-below-stick-meta":"","astra-migrate-meta-layouts":"set","ast-page-background-enabled":"default","ast-page-background-meta":{"desktop":{"background-color":"","background-image":"","background-repeat":"repeat","background-position":"center center","background-size":"auto","background-attachment":"scroll","background-type":"","background-media":"","overlay-type":"","overlay-color":"","overlay-opacity":"","overlay-gradient":""},"tablet":{"background-color":"","background-image":"","background-repeat":"repeat","background-position":"center center","background-size":"auto","background-attachment":"scroll","background-type":"","background-media":"","overlay-type":"","overlay-color":"","overlay-opacity":"","overlay-gradient":""},"mobile":{"background-color":"","background-image":"","background-repeat":"repeat","background-position":"center center","background-size":"auto","background-attachment":"scroll","background-type":"","background-media":"","overlay-type":"","overlay-color":"","overlay-opacity":"","overlay-gradient":""}},"ast-content-background-meta":{"desktop":{"background-color":"var(--ast-global-color-5)","background-image":"","background-repeat":"repeat","background-position":"center center","background-size":"auto","background-attachment":"scroll","background-type":"","background-media":"","overlay-type":"","overlay-color":"","overlay-opacity":"","overlay-gradient":""},"tablet":{"background-color":"var(--ast-global-color-5)","background-image":"","background-repeat":"repeat","background-position":"center center","background-size":"auto","background-attachment":"scroll","background-type":"","background-media":"","overlay-type":"","overlay-color":"","overlay-opacity":"","overlay-gradient":""},"mobile":{"background-color":"var(--ast-global-color-5)","background-image":"","background-repeat":"repeat","background-position":"center center","background-size":"auto","background-attachment":"scroll","background-type":"","background-media":"","overlay-type":"","overlay-color":"","overlay-opacity":"","overlay-gradient":""}}},"product_brand":[],"product_cat":[101],"product_tag":[],"class_list":{"0":"post-7414","1":"product","2":"type-product","3":"status-publish","4":"has-post-thumbnail","6":"product_cat-naturstein-nahrungsergaenzungsmittel","7":"desktop-align-center","8":"tablet-align-center","9":"mobile-align-center","10":"ast-product-gallery-layout-horizontal","11":"ast-product-gallery-with-no-image","12":"ast-product-tabs-layout-horizontal","14":"first","15":"instock","16":"taxable","17":"shipping-taxable","18":"purchasable","19":"product-type-simple"},"_links":{"self":[{"href":"https:\/\/shop.swisspowertube.ch\/it\/wp-json\/wp\/v2\/product\/7414","targetHints":{"allow":["GET"]}}],"collection":[{"href":"https:\/\/shop.swisspowertube.ch\/it\/wp-json\/wp\/v2\/product"}],"about":[{"href":"https:\/\/shop.swisspowertube.ch\/it\/wp-json\/wp\/v2\/types\/product"}],"wp:featuredmedia":[{"embeddable":true,"href":"https:\/\/shop.swisspowertube.ch\/it\/wp-json\/wp\/v2\/media\/7433"}],"wp:attachment":[{"href":"https:\/\/shop.swisspowertube.ch\/it\/wp-json\/wp\/v2\/media?parent=7414"}],"wp:term":[{"taxonomy":"product_brand","embeddable":true,"href":"https:\/\/shop.swisspowertube.ch\/it\/wp-json\/wp\/v2\/product_brand?post=7414"},{"taxonomy":"product_cat","embeddable":true,"href":"https:\/\/shop.swisspowertube.ch\/it\/wp-json\/wp\/v2\/product_cat?post=7414"},{"taxonomy":"product_tag","embeddable":true,"href":"https:\/\/shop.swisspowertube.ch\/it\/wp-json\/wp\/v2\/product_tag?post=7414"}],"curies":[{"name":"wp","href":"https:\/\/api.w.org\/{rel}","templated":true}]}}