{"id":7412,"date":"2026-03-19T15:41:35","date_gmt":"2026-03-19T14:41:35","guid":{"rendered":"https:\/\/shop.swisspowertube.ch\/?post_type=product&#038;p=7412"},"modified":"2026-03-19T19:32:17","modified_gmt":"2026-03-19T18:32:17","slug":"naturstein-schwarzer-knoblauch-kapseln-100-stk","status":"publish","type":"product","link":"https:\/\/shop.swisspowertube.ch\/it\/prodotto\/naturstein-schwarzer-knoblauch-kapseln-100-stk\/","title":{"rendered":"Naturstein Schwarzer Knoblauch Kapseln 100 Stk."},"content":{"rendered":"<h4><strong>Schwarzer Knoblauch<\/strong>\u00a0neu in Kombination mit Vitamin B1 und B12 von\u00a0<strong>Naturstein\u00a0<\/strong><\/h4>\n<p>&nbsp;<\/p>\n<h6>Was ist schwarzer Knoblauch oder auch Black Garlic?<\/h6>\n<p>Beim\u00a0<strong>schwarzen Knoblauch<\/strong>, welchen wir f\u00fcr die Extraktherstellung verwenden, handelt sich um einen speziellen argentinischen Knoblauch, der auf nat\u00fcrliche Weise in Japan von spezialisierten Fachpersonen in einem jahrhundertealten, aufw\u00e4ndigen Verfahren fermentiert wird.<\/p>\n<h6>W\u00e4hrend des nat\u00fcrlichen Fermentationsprozesses (ohne Gentechnik) wird frischer Knoblauch \u00fcber einen l\u00e4ngeren Zeitraum unter kontrollierten Bedingungen auf nat\u00fcrliche Art gealtert (fermentiert).<\/h6>\n<p>Zucker und\u00a0<strong>Aminos\u00e4uren<\/strong>\u00a0des Knoblauchs erzeugen w\u00e4hrend des\u00a0<strong>G\u00e4rprozesses<\/strong>\u00a0Melanoidine, gelbbraune bis fast schwarz gef\u00e4rbte, nat\u00fcrliche\u00a0<strong>organische<\/strong>\u00a0Verbindungen, die f\u00fcr die schwarze Farbe verantwortlich sind.\u00a0Der Knoblauch bekommt durch die Fermentation eine sehr weiche Konsistenz und ist nun auch\u00a0<strong>geruchlos<\/strong>.<\/p>\n<h6>Verzehrempfehlung<\/h6>\n<p>2 mal t\u00e4glich 1 Kapsel mit etwas Wasser einnehmen.<\/p>\n<p>Vegan, laktosefrei, glutenfrei. Kapselh\u00fclle aus Cellulose.<\/p>\n<p><span style=\"font-size: 16px;\">Nahrungserg\u00e4nzungsmittel sind kein Ersatz f\u00fcr eine abwechslungsreiche und ausgewogene Ern\u00e4hrung und eine gesunde Lebensweise. Die angegebene empfohlene Tagesdosis darf nicht \u00fcberschritten werden. Ausserhalb der Reichweite von Kindern aufbewahren<\/span><\/p>\n<p><span style=\"font-size: 16px;\">\u00a0<\/span><\/p>","protected":false},"excerpt":{"rendered":"<p>Schwarzer Knoblauch\u00a0neu in Kombination mit Vitamin B1 und B12 von\u00a0Naturstein\u00a0 &nbsp; Was ist schwarzer Knoblauch oder auch Black Garlic? Beim\u00a0schwarzen Knoblauch, welchen wir f\u00fcr die Extraktherstellung verwenden, handelt sich um einen speziellen argentinischen Knoblauch, der auf nat\u00fcrliche Weise in Japan von spezialisierten Fachpersonen in einem jahrhundertealten, aufw\u00e4ndigen Verfahren fermentiert wird. W\u00e4hrend des nat\u00fcrlichen Fermentationsprozesses (ohne [&hellip;]<\/p>\n","protected":false},"featured_media":7432,"template":"","meta":{"inline_featured_image":false,"site-sidebar-layout":"default","site-content-layout":"","ast-site-content-layout":"default","site-content-style":"default","site-sidebar-style":"default","ast-global-header-display":"","ast-banner-title-visibility":"","ast-main-header-display":"","ast-hfb-above-header-display":"","ast-hfb-below-header-display":"","ast-hfb-mobile-header-display":"","site-post-title":"","ast-breadcrumbs-content":"","ast-featured-img":"","footer-sml-layout":"","ast-disable-related-posts":"","theme-transparent-header-meta":"default","adv-header-id-meta":"","stick-header-meta":"default","header-above-stick-meta":"","header-main-stick-meta":"","header-below-stick-meta":"","astra-migrate-meta-layouts":"set","ast-page-background-enabled":"default","ast-page-background-meta":{"desktop":{"background-color":"","background-image":"","background-repeat":"repeat","background-position":"center center","background-size":"auto","background-attachment":"scroll","background-type":"","background-media":"","overlay-type":"","overlay-color":"","overlay-opacity":"","overlay-gradient":""},"tablet":{"background-color":"","background-image":"","background-repeat":"repeat","background-position":"center center","background-size":"auto","background-attachment":"scroll","background-type":"","background-media":"","overlay-type":"","overlay-color":"","overlay-opacity":"","overlay-gradient":""},"mobile":{"background-color":"","background-image":"","background-repeat":"repeat","background-position":"center center","background-size":"auto","background-attachment":"scroll","background-type":"","background-media":"","overlay-type":"","overlay-color":"","overlay-opacity":"","overlay-gradient":""}},"ast-content-background-meta":{"desktop":{"background-color":"var(--ast-global-color-5)","background-image":"","background-repeat":"repeat","background-position":"center center","background-size":"auto","background-attachment":"scroll","background-type":"","background-media":"","overlay-type":"","overlay-color":"","overlay-opacity":"","overlay-gradient":""},"tablet":{"background-color":"var(--ast-global-color-5)","background-image":"","background-repeat":"repeat","background-position":"center center","background-size":"auto","background-attachment":"scroll","background-type":"","background-media":"","overlay-type":"","overlay-color":"","overlay-opacity":"","overlay-gradient":""},"mobile":{"background-color":"var(--ast-global-color-5)","background-image":"","background-repeat":"repeat","background-position":"center center","background-size":"auto","background-attachment":"scroll","background-type":"","background-media":"","overlay-type":"","overlay-color":"","overlay-opacity":"","overlay-gradient":""}}},"product_brand":[],"product_cat":[101],"product_tag":[],"class_list":{"0":"post-7412","1":"product","2":"type-product","3":"status-publish","4":"has-post-thumbnail","6":"product_cat-naturstein-nahrungsergaenzungsmittel","7":"desktop-align-center","8":"tablet-align-center","9":"mobile-align-center","10":"ast-product-gallery-layout-horizontal","11":"ast-product-gallery-with-no-image","12":"ast-product-tabs-layout-horizontal","14":"first","15":"instock","16":"taxable","17":"shipping-taxable","18":"purchasable","19":"product-type-simple"},"_links":{"self":[{"href":"https:\/\/shop.swisspowertube.ch\/it\/wp-json\/wp\/v2\/product\/7412","targetHints":{"allow":["GET"]}}],"collection":[{"href":"https:\/\/shop.swisspowertube.ch\/it\/wp-json\/wp\/v2\/product"}],"about":[{"href":"https:\/\/shop.swisspowertube.ch\/it\/wp-json\/wp\/v2\/types\/product"}],"wp:featuredmedia":[{"embeddable":true,"href":"https:\/\/shop.swisspowertube.ch\/it\/wp-json\/wp\/v2\/media\/7432"}],"wp:attachment":[{"href":"https:\/\/shop.swisspowertube.ch\/it\/wp-json\/wp\/v2\/media?parent=7412"}],"wp:term":[{"taxonomy":"product_brand","embeddable":true,"href":"https:\/\/shop.swisspowertube.ch\/it\/wp-json\/wp\/v2\/product_brand?post=7412"},{"taxonomy":"product_cat","embeddable":true,"href":"https:\/\/shop.swisspowertube.ch\/it\/wp-json\/wp\/v2\/product_cat?post=7412"},{"taxonomy":"product_tag","embeddable":true,"href":"https:\/\/shop.swisspowertube.ch\/it\/wp-json\/wp\/v2\/product_tag?post=7412"}],"curies":[{"name":"wp","href":"https:\/\/api.w.org\/{rel}","templated":true}]}}