{"id":7407,"date":"2026-03-19T15:04:49","date_gmt":"2026-03-19T14:04:49","guid":{"rendered":"https:\/\/shop.swisspowertube.ch\/?post_type=product&#038;p=7407"},"modified":"2026-03-23T16:50:44","modified_gmt":"2026-03-23T15:50:44","slug":"naturstein-fischoel-kapseln-100-stk","status":"publish","type":"product","link":"https:\/\/shop.swisspowertube.ch\/it\/prodotto\/naturstein-fischoel-kapseln-100-stk\/","title":{"rendered":"Capsule di olio di pesce di pietra naturale 100 pz."},"content":{"rendered":"<p>Nahrungserg\u00e4nzungsmittel reich an Omega-3-Fetts\u00e4uren. EPA und DHA tragen zu einer normalen Herzfunktion bei.<\/p>\n<div>\n<p><strong>Naturstein Fisch\u00f6l-Kapseln\u00a0<\/strong>mit EPA und DHA liefern eine hochwertige Quelle der essenziellen Omega-3-Fetts\u00e4uren Eicosapentaens\u00e4ure (EPA) und Docosahexaens\u00e4ure (DHA), die eine entscheidende Rolle bei zahlreichen lebenswichtigen K\u00f6rperfunktionen spielen. Sie unterst\u00fctzen nicht nur eine normale Herzfunktion und helfen bei der Regulierung des Blutdrucks, sondern tragen auch zur allgemeinen Gesundheit bei. Dar\u00fcber hinaus sind EPA und DHA wesentlich f\u00fcr die Gehirnentwicklung sowie den Erhalt der normalen Sehkraft. Besonders in der Schwangerschaft ist eine ausreichende Zufuhr dieser Fetts\u00e4uren wichtig \u2013 sowohl f\u00fcr die gesunde Entwicklung des Kindes als auch f\u00fcr das Wohlbefinden der Mutter.<\/p>\n<p><strong>Naturstein Fisch\u00f6l-Kapseln\u00a0<\/strong>mit EPA und DHA sind ideal f\u00fcr alle, die ihre Herzfunktion, Sehkraft und kognitive Gesundheit auf nat\u00fcrliche Weise f\u00f6rdern m\u00f6chten. Dank ihres Gehalts an hochwertigen Omega-3-Fetts\u00e4uren unterst\u00fctzen sie eine ausgewogene Lebensweise und liefern wichtige N\u00e4hrstoffe f\u00fcr das t\u00e4gliche Wohlbefinden.<\/p>\n<p><strong>Anwendung<\/strong>:\u00a0 Zweimal t\u00e4glich 1 Kapsel mit Wasser einnehmen.<\/p>\n<p>Die angegebene Tagesdosis sollte nicht \u00fcberschritten werden.\u00a0 Nahrungserg\u00e4nzungsmittel sind kein Ersatz f\u00fcr eine abwechslungsreiche Ern\u00e4hrung.<br \/>\nBei Raumtemperatur, vor Sonne gesch\u00fctzt, verschlossen, ausser Reichweite von Kindern aufbewahren.<\/p>\n<\/div>","protected":false},"excerpt":{"rendered":"<p>Nahrungserg\u00e4nzungsmittel reich an Omega-3-Fetts\u00e4uren. EPA und DHA tragen zu einer normalen Herzfunktion bei<\/p>","protected":false},"featured_media":7430,"template":"","meta":{"inline_featured_image":false,"site-sidebar-layout":"default","site-content-layout":"","ast-site-content-layout":"default","site-content-style":"default","site-sidebar-style":"default","ast-global-header-display":"","ast-banner-title-visibility":"","ast-main-header-display":"","ast-hfb-above-header-display":"","ast-hfb-below-header-display":"","ast-hfb-mobile-header-display":"","site-post-title":"","ast-breadcrumbs-content":"","ast-featured-img":"","footer-sml-layout":"","ast-disable-related-posts":"","theme-transparent-header-meta":"default","adv-header-id-meta":"","stick-header-meta":"default","header-above-stick-meta":"","header-main-stick-meta":"","header-below-stick-meta":"","astra-migrate-meta-layouts":"set","ast-page-background-enabled":"default","ast-page-background-meta":{"desktop":{"background-color":"","background-image":"","background-repeat":"repeat","background-position":"center center","background-size":"auto","background-attachment":"scroll","background-type":"","background-media":"","overlay-type":"","overlay-color":"","overlay-opacity":"","overlay-gradient":""},"tablet":{"background-color":"","background-image":"","background-repeat":"repeat","background-position":"center center","background-size":"auto","background-attachment":"scroll","background-type":"","background-media":"","overlay-type":"","overlay-color":"","overlay-opacity":"","overlay-gradient":""},"mobile":{"background-color":"","background-image":"","background-repeat":"repeat","background-position":"center center","background-size":"auto","background-attachment":"scroll","background-type":"","background-media":"","overlay-type":"","overlay-color":"","overlay-opacity":"","overlay-gradient":""}},"ast-content-background-meta":{"desktop":{"background-color":"var(--ast-global-color-5)","background-image":"","background-repeat":"repeat","background-position":"center center","background-size":"auto","background-attachment":"scroll","background-type":"","background-media":"","overlay-type":"","overlay-color":"","overlay-opacity":"","overlay-gradient":""},"tablet":{"background-color":"var(--ast-global-color-5)","background-image":"","background-repeat":"repeat","background-position":"center center","background-size":"auto","background-attachment":"scroll","background-type":"","background-media":"","overlay-type":"","overlay-color":"","overlay-opacity":"","overlay-gradient":""},"mobile":{"background-color":"var(--ast-global-color-5)","background-image":"","background-repeat":"repeat","background-position":"center center","background-size":"auto","background-attachment":"scroll","background-type":"","background-media":"","overlay-type":"","overlay-color":"","overlay-opacity":"","overlay-gradient":""}}},"product_brand":[],"product_cat":[101],"product_tag":[],"class_list":{"0":"post-7407","1":"product","2":"type-product","3":"status-publish","4":"has-post-thumbnail","6":"product_cat-naturstein-nahrungsergaenzungsmittel","7":"desktop-align-center","8":"tablet-align-center","9":"mobile-align-center","10":"ast-product-gallery-layout-horizontal","11":"ast-product-gallery-with-no-image","12":"ast-product-tabs-layout-horizontal","14":"first","15":"instock","16":"taxable","17":"shipping-taxable","18":"purchasable","19":"product-type-simple"},"_links":{"self":[{"href":"https:\/\/shop.swisspowertube.ch\/it\/wp-json\/wp\/v2\/product\/7407","targetHints":{"allow":["GET"]}}],"collection":[{"href":"https:\/\/shop.swisspowertube.ch\/it\/wp-json\/wp\/v2\/product"}],"about":[{"href":"https:\/\/shop.swisspowertube.ch\/it\/wp-json\/wp\/v2\/types\/product"}],"wp:featuredmedia":[{"embeddable":true,"href":"https:\/\/shop.swisspowertube.ch\/it\/wp-json\/wp\/v2\/media\/7430"}],"wp:attachment":[{"href":"https:\/\/shop.swisspowertube.ch\/it\/wp-json\/wp\/v2\/media?parent=7407"}],"wp:term":[{"taxonomy":"product_brand","embeddable":true,"href":"https:\/\/shop.swisspowertube.ch\/it\/wp-json\/wp\/v2\/product_brand?post=7407"},{"taxonomy":"product_cat","embeddable":true,"href":"https:\/\/shop.swisspowertube.ch\/it\/wp-json\/wp\/v2\/product_cat?post=7407"},{"taxonomy":"product_tag","embeddable":true,"href":"https:\/\/shop.swisspowertube.ch\/it\/wp-json\/wp\/v2\/product_tag?post=7407"}],"curies":[{"name":"wp","href":"https:\/\/api.w.org\/{rel}","templated":true}]}}