{"id":5755,"date":"2024-07-05T07:21:45","date_gmt":"2024-07-05T07:21:45","guid":{"rendered":"https:\/\/cms-webdesign.ch\/swisspowertube\/?product=chlorella-dr-ray"},"modified":"2025-11-10T10:35:40","modified_gmt":"2025-11-10T09:35:40","slug":"chlorella-dr-ray","status":"publish","type":"product","link":"https:\/\/shop.swisspowertube.ch\/it\/prodotto\/chlorella-dr-ray\/","title":{"rendered":"Chlorella Dr. Ray"},"content":{"rendered":"<p>Chlorophyll ist der gr\u00fcne Farbstoff in Pflanzen, der die Photosynthese erm\u00f6glicht, die Grundlage vieler Lebewesen auf Erden. Chlorophyll ist sehr gut erforscht; sein Einsatz in der Medizin ist aber relativ neu. Bekannt ist die Wirkung von Chlorella bei der Entgiftung einer Reihe von Toxinen \u2013 insbesondere Schwermetallen. Wegen der \u00c4hnlichkeit seines Molek\u00fcls mit dem H\u00e4moglobin unterst\u00fctzt es auch die Blutbildung und sch\u00fctzt die Leber.<\/p>\n<p>Seine vielf\u00e4ltigen Inhaltsstoffe \u2013 Vitamine, Mineralien, Aminos\u00e4uren, Proteine, usw. \u2013 qualifizieren es zu einem potenten Mikro-N\u00e4hrstoff Lieferanten. Daher ist es in den USA in den letzten Jahren zu einem popul\u00e4ren Anti-Aging Produkt geworden, das sogar als Infusion verabreicht wird.<\/p>\n<p><em><strong>Anwendung<\/strong><\/em><\/p>\n<p><em><strong>Als Tagesdosis gen\u00fcgt ein Pipettenr\u00f6hrchen. Die Einnahme kann mit Wasser oder Fruchts\u00e4ften erfolgen, was sehr angenehm ist und auch von Kindern und \u00e4lteren Menschen gerne angenommen wird. Bei Kindern Dosis gem\u00e4ss Gewicht reduzieren. Empfindliche Personen beginnen mit 5 Tropfen und steigern die Dosis langsam.<\/strong><\/em><\/p>\n<p>Inhalt: 30 ml<\/p>","protected":false},"excerpt":{"rendered":"<p>Chlorophyll ist der gr\u00fcne Farbstoff in Pflanzen, der die Photosynthese erm\u00f6glicht, die Grundlage vieler Lebewesen auf Erden. Chlorophyll ist sehr gut erforscht; sein Einsatz in der Medizin ist aber relativ neu. Bekannt ist die Wirkung von Chlorella bei der Entgiftung einer Reihe von Toxinen \u2013 insbesondere Schwermetallen. Wegen der \u00c4hnlichkeit seines Molek\u00fcls mit dem H\u00e4moglobin [&hellip;]<\/p>\n","protected":false},"featured_media":5756,"template":"","meta":{"inline_featured_image":false,"site-sidebar-layout":"default","site-content-layout":"","ast-site-content-layout":"default","site-content-style":"default","site-sidebar-style":"default","ast-global-header-display":"","ast-banner-title-visibility":"","ast-main-header-display":"","ast-hfb-above-header-display":"","ast-hfb-below-header-display":"","ast-hfb-mobile-header-display":"","site-post-title":"","ast-breadcrumbs-content":"","ast-featured-img":"","footer-sml-layout":"","ast-disable-related-posts":"","theme-transparent-header-meta":"default","adv-header-id-meta":"","stick-header-meta":"default","header-above-stick-meta":"","header-main-stick-meta":"","header-below-stick-meta":"","astra-migrate-meta-layouts":"set","ast-page-background-enabled":"default","ast-page-background-meta":{"desktop":{"background-color":"","background-image":"","background-repeat":"repeat","background-position":"center center","background-size":"auto","background-attachment":"scroll","background-type":"","background-media":"","overlay-type":"","overlay-color":"","overlay-opacity":"","overlay-gradient":""},"tablet":{"background-color":"","background-image":"","background-repeat":"repeat","background-position":"center center","background-size":"auto","background-attachment":"scroll","background-type":"","background-media":"","overlay-type":"","overlay-color":"","overlay-opacity":"","overlay-gradient":""},"mobile":{"background-color":"","background-image":"","background-repeat":"repeat","background-position":"center center","background-size":"auto","background-attachment":"scroll","background-type":"","background-media":"","overlay-type":"","overlay-color":"","overlay-opacity":"","overlay-gradient":""}},"ast-content-background-meta":{"desktop":{"background-color":"var(--ast-global-color-5)","background-image":"","background-repeat":"repeat","background-position":"center center","background-size":"auto","background-attachment":"scroll","background-type":"","background-media":"","overlay-type":"","overlay-color":"","overlay-opacity":"","overlay-gradient":""},"tablet":{"background-color":"var(--ast-global-color-5)","background-image":"","background-repeat":"repeat","background-position":"center center","background-size":"auto","background-attachment":"scroll","background-type":"","background-media":"","overlay-type":"","overlay-color":"","overlay-opacity":"","overlay-gradient":""},"mobile":{"background-color":"var(--ast-global-color-5)","background-image":"","background-repeat":"repeat","background-position":"center center","background-size":"auto","background-attachment":"scroll","background-type":"","background-media":"","overlay-type":"","overlay-color":"","overlay-opacity":"","overlay-gradient":""}}},"product_brand":[],"product_cat":[69],"product_tag":[],"class_list":{"0":"post-5755","1":"product","2":"type-product","3":"status-publish","4":"has-post-thumbnail","6":"product_cat-entgiftungsprodukte","7":"desktop-align-center","8":"tablet-align-center","9":"mobile-align-center","10":"ast-product-gallery-layout-horizontal","11":"ast-product-gallery-with-no-image","12":"ast-product-tabs-layout-horizontal","14":"first","15":"instock","16":"taxable","17":"shipping-taxable","18":"purchasable","19":"product-type-simple"},"_links":{"self":[{"href":"https:\/\/shop.swisspowertube.ch\/it\/wp-json\/wp\/v2\/product\/5755","targetHints":{"allow":["GET"]}}],"collection":[{"href":"https:\/\/shop.swisspowertube.ch\/it\/wp-json\/wp\/v2\/product"}],"about":[{"href":"https:\/\/shop.swisspowertube.ch\/it\/wp-json\/wp\/v2\/types\/product"}],"wp:featuredmedia":[{"embeddable":true,"href":"https:\/\/shop.swisspowertube.ch\/it\/wp-json\/wp\/v2\/media\/5756"}],"wp:attachment":[{"href":"https:\/\/shop.swisspowertube.ch\/it\/wp-json\/wp\/v2\/media?parent=5755"}],"wp:term":[{"taxonomy":"product_brand","embeddable":true,"href":"https:\/\/shop.swisspowertube.ch\/it\/wp-json\/wp\/v2\/product_brand?post=5755"},{"taxonomy":"product_cat","embeddable":true,"href":"https:\/\/shop.swisspowertube.ch\/it\/wp-json\/wp\/v2\/product_cat?post=5755"},{"taxonomy":"product_tag","embeddable":true,"href":"https:\/\/shop.swisspowertube.ch\/it\/wp-json\/wp\/v2\/product_tag?post=5755"}],"curies":[{"name":"wp","href":"https:\/\/api.w.org\/{rel}","templated":true}]}}