{"id":5749,"date":"2024-05-02T13:29:02","date_gmt":"2024-05-02T13:29:02","guid":{"rendered":"https:\/\/cms-webdesign.ch\/swisspowertube\/?product=dr-goerg-bio-kokosmus-200-g"},"modified":"2025-11-06T10:49:13","modified_gmt":"2025-11-06T09:49:13","slug":"dr-goerg-bio-kokosmus-200-g","status":"publish","type":"product","link":"https:\/\/shop.swisspowertube.ch\/it\/prodotto\/dr-goerg-bio-kokosmus-200-g\/","title":{"rendered":"Dr. Goerg Bio-Kokosmus 200 g"},"content":{"rendered":"<div>\n<p>Das Bio-Kokosmus ist der Inbegriff von karibischen Sandstrand-Tr\u00e4umen. Denn hier darf nur eines rein: das Fruchtfleisch erntefrischer Kokosn\u00fcsse! Das Bio-Kokosmus ist ein unverf\u00e4lschtes Vergn\u00fcgen und bietet jedem Kokos-Fan Genuss ohne Grenzen. Deshalb schmeckt das Kokosmus wie frisch von der Kokospalme und schenkt all Ihren Gerichten einen unvergleichlichen Tropentouch.<\/p>\n<p>Die Liste der Gerichte, die Sie mit unserem Tropenwunder verfeinern k\u00f6nnen, ist lang: Auf der deftigen Seite harmoniert das Mus gut mit Suppen, Saucen, Dips, Currys und allerlei asiatischen Gerichten. Auch f\u00fcr den s\u00fc\u00dfen Zahn hat es einiges zu bieten: \u00dcberziehen Sie einen Obstsalat oder toppen Ihre Fr\u00fchst\u00fccks-Bowls mit etwas Kokosmus \u2013 sinnlicher geht\u2019s nicht! Nat\u00fcrlich passt es auch wunderbar zu Desserts, Backwaren, S\u00fc\u00dfspeisen, Eis oder fruchtigen Smoothies. In tropischen Getr\u00e4nken oder als Brotaufstrich macht es ebenfalls eine schmackhafte Figur. Sie sehen: es gibt eigentlich nichts, was unser Mus nicht kann.<\/p>\n<div><\/div>\n<div><\/div>\n<\/div>\n<p>Zutaten: <strong>100 % reines Kok<\/strong><strong>osm<\/strong><strong>us aus kontrolliert biologischem Anbau<\/strong><\/p>\n<p>Inhalt: 200 g<\/p>","protected":false},"excerpt":{"rendered":"<p>Das Bio-Kokosmus ist der Inbegriff von karibischen Sandstrand-Tr\u00e4umen. Denn hier darf nur eines rein: das Fruchtfleisch erntefrischer Kokosn\u00fcsse! Das Bio-Kokosmus ist ein unverf\u00e4lschtes Vergn\u00fcgen und bietet jedem Kokos-Fan Genuss ohne Grenzen. Deshalb schmeckt das Kokosmus wie frisch von der Kokospalme und schenkt all Ihren Gerichten einen unvergleichlichen Tropentouch. Die Liste der Gerichte, die Sie mit [&hellip;]<\/p>\n","protected":false},"featured_media":5750,"template":"","meta":{"inline_featured_image":false,"site-sidebar-layout":"default","site-content-layout":"","ast-site-content-layout":"default","site-content-style":"default","site-sidebar-style":"default","ast-global-header-display":"","ast-banner-title-visibility":"","ast-main-header-display":"","ast-hfb-above-header-display":"","ast-hfb-below-header-display":"","ast-hfb-mobile-header-display":"","site-post-title":"","ast-breadcrumbs-content":"","ast-featured-img":"","footer-sml-layout":"","ast-disable-related-posts":"","theme-transparent-header-meta":"default","adv-header-id-meta":"","stick-header-meta":"default","header-above-stick-meta":"","header-main-stick-meta":"","header-below-stick-meta":"","astra-migrate-meta-layouts":"set","ast-page-background-enabled":"default","ast-page-background-meta":{"desktop":{"background-color":"","background-image":"","background-repeat":"repeat","background-position":"center center","background-size":"auto","background-attachment":"scroll","background-type":"","background-media":"","overlay-type":"","overlay-color":"","overlay-opacity":"","overlay-gradient":""},"tablet":{"background-color":"","background-image":"","background-repeat":"repeat","background-position":"center center","background-size":"auto","background-attachment":"scroll","background-type":"","background-media":"","overlay-type":"","overlay-color":"","overlay-opacity":"","overlay-gradient":""},"mobile":{"background-color":"","background-image":"","background-repeat":"repeat","background-position":"center center","background-size":"auto","background-attachment":"scroll","background-type":"","background-media":"","overlay-type":"","overlay-color":"","overlay-opacity":"","overlay-gradient":""}},"ast-content-background-meta":{"desktop":{"background-color":"var(--ast-global-color-5)","background-image":"","background-repeat":"repeat","background-position":"center center","background-size":"auto","background-attachment":"scroll","background-type":"","background-media":"","overlay-type":"","overlay-color":"","overlay-opacity":"","overlay-gradient":""},"tablet":{"background-color":"var(--ast-global-color-5)","background-image":"","background-repeat":"repeat","background-position":"center center","background-size":"auto","background-attachment":"scroll","background-type":"","background-media":"","overlay-type":"","overlay-color":"","overlay-opacity":"","overlay-gradient":""},"mobile":{"background-color":"var(--ast-global-color-5)","background-image":"","background-repeat":"repeat","background-position":"center center","background-size":"auto","background-attachment":"scroll","background-type":"","background-media":"","overlay-type":"","overlay-color":"","overlay-opacity":"","overlay-gradient":""}}},"product_brand":[],"product_cat":[63],"product_tag":[],"class_list":{"0":"post-5749","1":"product","2":"type-product","3":"status-publish","4":"has-post-thumbnail","6":"product_cat-dr-goerg-bio-kokos-produkte","7":"desktop-align-center","8":"tablet-align-center","9":"mobile-align-center","10":"ast-product-gallery-layout-horizontal","11":"ast-product-gallery-with-no-image","12":"ast-product-tabs-layout-horizontal","14":"first","15":"onbackorder","16":"taxable","17":"shipping-taxable","18":"purchasable","19":"product-type-simple"},"_links":{"self":[{"href":"https:\/\/shop.swisspowertube.ch\/it\/wp-json\/wp\/v2\/product\/5749","targetHints":{"allow":["GET"]}}],"collection":[{"href":"https:\/\/shop.swisspowertube.ch\/it\/wp-json\/wp\/v2\/product"}],"about":[{"href":"https:\/\/shop.swisspowertube.ch\/it\/wp-json\/wp\/v2\/types\/product"}],"wp:featuredmedia":[{"embeddable":true,"href":"https:\/\/shop.swisspowertube.ch\/it\/wp-json\/wp\/v2\/media\/5750"}],"wp:attachment":[{"href":"https:\/\/shop.swisspowertube.ch\/it\/wp-json\/wp\/v2\/media?parent=5749"}],"wp:term":[{"taxonomy":"product_brand","embeddable":true,"href":"https:\/\/shop.swisspowertube.ch\/it\/wp-json\/wp\/v2\/product_brand?post=5749"},{"taxonomy":"product_cat","embeddable":true,"href":"https:\/\/shop.swisspowertube.ch\/it\/wp-json\/wp\/v2\/product_cat?post=5749"},{"taxonomy":"product_tag","embeddable":true,"href":"https:\/\/shop.swisspowertube.ch\/it\/wp-json\/wp\/v2\/product_tag?post=5749"}],"curies":[{"name":"wp","href":"https:\/\/api.w.org\/{rel}","templated":true}]}}