{"id":5742,"date":"2023-12-13T11:58:19","date_gmt":"2023-12-13T10:58:19","guid":{"rendered":"https:\/\/cms-webdesign.ch\/swisspowertube\/?product=sojall-elektrokur-1000-ml"},"modified":"2025-03-05T10:29:25","modified_gmt":"2025-03-05T09:29:25","slug":"sojall-elektrokur-1000-ml","status":"publish","type":"product","link":"https:\/\/shop.swisspowertube.ch\/it\/prodotto\/sojall-elektrokur-1000-ml\/","title":{"rendered":"SOJALL Elektrokur 1000 ml"},"content":{"rendered":"<p><strong><span style=\"font-size: 16px;\">ERFRISCHT UND REINIGT<\/span><\/strong><\/p>\n<p>SOJALL Elektro Kur dient als Trinkkur. Es erfrischt angenehm und man f\u00fchlt sich wie neu geboren und rein. SOJALL Elektro Kur unterst\u00fctzt den t\u00e4glichen Wohlf\u00fchl-Effekt.<\/p>\n<h3><span style=\"font-size: 16px;\">WASSER UND ELEKTROYTE \u2013 LEITEN ELEKTROLYTISCHE REIZE WEITER<\/span><\/h3>\n<p>Die in der SOJALL Elektro Kur gel\u00f6sten wertvollen Elektrolyte sind Teil unserer K\u00f6rperfl\u00fcssigkeiten und k\u00f6nnen dort von Natur aus <strong>elektrolytische Reize weiterleiten<\/strong>. Elektrolyte sind f\u00fcr die Aufrechterhaltung der normalen K\u00f6rperfunktionen und die <strong>Regulierung des S\u00e4ure-Basen-Haushaltes<\/strong> unerl\u00e4sslich.<\/p>\n<h3><span style=\"font-size: 16px;\">TRANSPORT VON N\u00c4HRSTOFFEN IN DIE ZELLE<\/span><\/h3>\n<p>Wasser und Elektrolyte sind in unseren K\u00f6rperfl\u00fcssigkeiten unverzichtbar f\u00fcr den Transport von N\u00e4hrstoffen und Sauerstoff im Blut <strong>\u00fcber die Zellmembran in die Zelle<\/strong>.<\/p>\n<h3><span style=\"font-size: 16px;\">ABTRANSPORT VON SCHADSTOFFEN<\/span><\/h3>\n<p>Zus\u00e4tzlich dienen Wasser und Elektrolyte auch f\u00fcr den Abtransport von Schadstoffen \u00fcber die Lymphe und unterst\u00fctzen somit die Reinigung des K\u00f6rpers auf ganz nat\u00fcrliche Weise.<\/p>\n<h3><span style=\"font-size: 16px;\">NOBELPREIS F\u00dcR ERKENNTNISSE<\/span><\/h3>\n<p>Zwei amerikanische Nobelpreistr\u00e4ger konnten 2003 den Transport von Wasser und Elektrolyten durch die Zellmembran aufkl\u00e4ren. Mit ihren Arbeiten sind die Vorg\u00e4nge vor und in bestimmten Transmembranproteinen auf molekularer Ebene mit erstaunlichen Ergebnissen erforscht worden. Damit wurde unter anderem auch eine Reihe von Krankheiten der Niere, Muskeln und des Nervensystems besser erkl\u00e4rbar.<\/p>\n<h3><span style=\"font-size: 16px;\">UNTERST\u00dcTZT DIE GESUNDHEIT<\/span><\/h3>\n<p>Durch die Ausscheidung von Urin und Stuhl sowie durch die<\/p>\n<p>Atmung gehen t\u00e4glich Wasser und Elektrolyte verloren. Elektrolyte kann der K\u00f6rper nicht selbst herstellen, weshalb sie \u00fcber die t\u00e4gliche Nahrung aufgenommen werden m\u00fcssen. Wichtig ist auch, gen\u00fcgend Wasser \u00fcber den Tag verteilt zu trinken.<\/p>\n<div id=\"text_block-32-370\" class=\"ct-text-block sj-list-style\" style=\"margin-bottom: 30px; font-size: 18px;\">\n<p>&nbsp;<\/p>\n<h3 style=\"margin-bottom: 0px; font-size: 26px;\"><span style=\"font-size: 16px;\">K\u00d6RPERLICHE UND GEISTIGE FUNKTIONEN<\/span><\/h3>\n<p>Der menschliche K\u00f6rper besteht je nach Alter zu 50 bis 80 Prozent aus Wasser. SOJALL Elektro Kur enth\u00e4lt Wasser, das zur Erhaltung normaler k\u00f6rperlicher und kognitiver Funktionen*1 beitr\u00e4gt sowie einen wertvollen Beitrag zur Regulierung der K\u00f6rpertemperatur leistet. Diese Wirkung wird beim Verzehr von mindestens zwei Litern Wasser (aus allen Quellen) t\u00e4glich erzielt.<\/p>\n<h3 style=\"margin-bottom: 0px; font-size: 26px;\"><span style=\"font-size: 16px;\">weitere Vorteile<\/span><\/h3>\n<ul>\n<li>ohne Zucker<\/li>\n<li>ohne Zuckerzusatz<\/li>\n<li>ohne Kalorien<\/li>\n<li>vegan<\/li>\n<\/ul>\n<h3 style=\"margin-bottom: 0px; font-size: 26px;\"><span style=\"font-size: 16px;\">REIN NAT\u00dcRLICHE ELEKTROLYTE<\/span><\/h3>\n<p>SOJALL Elektro Kur enth\u00e4lt rein nat\u00fcrliche Elektrolyte, wie<br \/>\nz. B. Natrium, Chlorid, Magnesium, Calcium, Kalium etc. Diese werden vom K\u00f6per gut aufgenommen.<\/p>\n<h3 style=\"margin-bottom: 0px; font-size: 26px;\"><span style=\"font-size: 16px;\">Empfehlung zum Verzehr<\/span><\/h3>\n<p>30 ml SOJALL Elektro Kur mit einem Liter Trinkwasser verd\u00fcnnt trinken. Die Dosierung kann bei speziellen Bed\u00fcrfnissen auch erh\u00f6ht werden. Am besten richtet man sich in der Fr\u00fch eine Trinkflasche mit Wasser her, gibt die passende Menge SOJALL Elektro Kur dazu und trinkt den Inhalt \u00fcber den Tag verteilt.<\/p>\n<p>Es empfiehlt sich SOJALL Elektro Kur in Kombination mit<br \/>\nSOJALL Makal einzunehmen. SOJALL Makal enth\u00e4lt Dolomitmehl &#8211; ein reines Naturprodukt &#8211; mit Kalzium, Magnesium sowie Zink. Magnesium und Kalzium sind neben Natrium und Chlorid von zentraler Bedeutung f\u00fcr den Wasserhaushalt und dem <span style=\"font-weight: bolder;\">Gleichgewicht der Elektrolyte<\/span> im K\u00f6rper. Zink unterst\u00fctzt den <span style=\"font-weight: bolder;\">S\u00e4ure-Basen-Stoffwechsel<\/span> und tr\u00e4gt <span style=\"font-weight: bolder;\">zum Schutz der Zelle vor oxidativem Stress und zur Zellteilung<\/span> bei.<\/p>\n<p>Eine abwechslungsreiche und ausgewogene Ern\u00e4hrung und eine gesunde Lebensweise sind wichtig.<\/p>\n<p>&nbsp;<\/p>\n<\/div>\n<div id=\"div_block-277-370\" class=\"ct-div-block\" style=\"flex-flow: column; align-items: flex-start; margin-bottom: 30px; font-size: 18px;\">\n<h3 id=\"headline-278-370\" class=\"ct-headline\" style=\"margin-bottom: 0px; font-size: 26px;\"><span style=\"font-size: 16px;\">Zutaten:<\/span><\/h3>\n<div id=\"text_block-47-370\" class=\"ct-text-block\"><span id=\"span-82-370\" class=\"ct-span\" style=\"text-decoration: inherit;\">Quellwasser, Natursole<\/span><\/div>\n<div id=\"text_block-47-370\" class=\"ct-text-block\"><strong><span style=\"font-size: 14px;\">Packungsgr\u00f6\u00dfe <\/span><\/strong><strong><span style=\"font-size: 14px;\">1000 ml<\/span><\/strong><\/div>\n<\/div>","protected":false},"excerpt":{"rendered":"<p>ERFRISCHT UND REINIGT SOJALL Elektro Kur dient als Trinkkur. Es erfrischt angenehm und man f\u00fchlt sich wie neu geboren und rein. SOJALL Elektro Kur unterst\u00fctzt den t\u00e4glichen Wohlf\u00fchl-Effekt. WASSER UND ELEKTROYTE \u2013 LEITEN ELEKTROLYTISCHE REIZE WEITER Die in der SOJALL Elektro Kur gel\u00f6sten wertvollen Elektrolyte sind Teil unserer K\u00f6rperfl\u00fcssigkeiten und k\u00f6nnen dort von Natur aus [&hellip;]<\/p>\n","protected":false},"featured_media":5743,"template":"","meta":{"inline_featured_image":false,"site-sidebar-layout":"default","site-content-layout":"","ast-site-content-layout":"default","site-content-style":"default","site-sidebar-style":"default","ast-global-header-display":"","ast-banner-title-visibility":"","ast-main-header-display":"","ast-hfb-above-header-display":"","ast-hfb-below-header-display":"","ast-hfb-mobile-header-display":"","site-post-title":"","ast-breadcrumbs-content":"","ast-featured-img":"","footer-sml-layout":"","ast-disable-related-posts":"","theme-transparent-header-meta":"default","adv-header-id-meta":"","stick-header-meta":"default","header-above-stick-meta":"","header-main-stick-meta":"","header-below-stick-meta":"","astra-migrate-meta-layouts":"set","ast-page-background-enabled":"default","ast-page-background-meta":{"desktop":{"background-color":"","background-image":"","background-repeat":"repeat","background-position":"center center","background-size":"auto","background-attachment":"scroll","background-type":"","background-media":"","overlay-type":"","overlay-color":"","overlay-opacity":"","overlay-gradient":""},"tablet":{"background-color":"","background-image":"","background-repeat":"repeat","background-position":"center center","background-size":"auto","background-attachment":"scroll","background-type":"","background-media":"","overlay-type":"","overlay-color":"","overlay-opacity":"","overlay-gradient":""},"mobile":{"background-color":"","background-image":"","background-repeat":"repeat","background-position":"center center","background-size":"auto","background-attachment":"scroll","background-type":"","background-media":"","overlay-type":"","overlay-color":"","overlay-opacity":"","overlay-gradient":""}},"ast-content-background-meta":{"desktop":{"background-color":"var(--ast-global-color-5)","background-image":"","background-repeat":"repeat","background-position":"center center","background-size":"auto","background-attachment":"scroll","background-type":"","background-media":"","overlay-type":"","overlay-color":"","overlay-opacity":"","overlay-gradient":""},"tablet":{"background-color":"var(--ast-global-color-5)","background-image":"","background-repeat":"repeat","background-position":"center center","background-size":"auto","background-attachment":"scroll","background-type":"","background-media":"","overlay-type":"","overlay-color":"","overlay-opacity":"","overlay-gradient":""},"mobile":{"background-color":"var(--ast-global-color-5)","background-image":"","background-repeat":"repeat","background-position":"center center","background-size":"auto","background-attachment":"scroll","background-type":"","background-media":"","overlay-type":"","overlay-color":"","overlay-opacity":"","overlay-gradient":""}}},"product_brand":[],"product_cat":[62],"product_tag":[],"class_list":{"0":"post-5742","1":"product","2":"type-product","3":"status-publish","4":"has-post-thumbnail","6":"product_cat-sojall-produkte","7":"desktop-align-center","8":"tablet-align-center","9":"mobile-align-center","10":"ast-product-gallery-layout-horizontal","11":"ast-product-tabs-layout-horizontal","13":"first","14":"instock","15":"taxable","16":"shipping-taxable","17":"purchasable","18":"product-type-simple"},"_links":{"self":[{"href":"https:\/\/shop.swisspowertube.ch\/it\/wp-json\/wp\/v2\/product\/5742","targetHints":{"allow":["GET"]}}],"collection":[{"href":"https:\/\/shop.swisspowertube.ch\/it\/wp-json\/wp\/v2\/product"}],"about":[{"href":"https:\/\/shop.swisspowertube.ch\/it\/wp-json\/wp\/v2\/types\/product"}],"wp:featuredmedia":[{"embeddable":true,"href":"https:\/\/shop.swisspowertube.ch\/it\/wp-json\/wp\/v2\/media\/5743"}],"wp:attachment":[{"href":"https:\/\/shop.swisspowertube.ch\/it\/wp-json\/wp\/v2\/media?parent=5742"}],"wp:term":[{"taxonomy":"product_brand","embeddable":true,"href":"https:\/\/shop.swisspowertube.ch\/it\/wp-json\/wp\/v2\/product_brand?post=5742"},{"taxonomy":"product_cat","embeddable":true,"href":"https:\/\/shop.swisspowertube.ch\/it\/wp-json\/wp\/v2\/product_cat?post=5742"},{"taxonomy":"product_tag","embeddable":true,"href":"https:\/\/shop.swisspowertube.ch\/it\/wp-json\/wp\/v2\/product_tag?post=5742"}],"curies":[{"name":"wp","href":"https:\/\/api.w.org\/{rel}","templated":true}]}}