{"id":5719,"date":"2022-08-23T14:19:50","date_gmt":"2022-08-23T14:19:50","guid":{"rendered":"https:\/\/cms-webdesign.ch\/swisspowertube\/?product=sojall-topil-250-ml"},"modified":"2025-07-08T16:26:53","modified_gmt":"2025-07-08T14:26:53","slug":"sojall-topil-250-ml","status":"publish","type":"product","link":"https:\/\/shop.swisspowertube.ch\/it\/prodotto\/sojall-topil-250-ml\/","title":{"rendered":"SOJALL Topil 250 ml"},"content":{"rendered":"<p>Sojall<\/p>\n<ul>\n<li>zum S\u00fc\u00dfen von Speisen und Getr\u00e4nken<\/li>\n<li>hoher Ballaststoffgehalt<\/li>\n<li>Inulin dient den Bifidobakterien vorteilhafterweise als Nahrung<\/li>\n<li>reich an nat\u00fcrlichem Kalium f\u00fcr Blutdruck, Nerven und Muskelfunktion<\/li>\n<li>Tipp: Schmeckt auch als nat\u00fcrlich-s\u00fc\u00dfer Brotaufstrich<\/li>\n<li>vegan<\/li>\n<\/ul>\n<h3>NAT\u00dcRLICH S\u00dcSS UND GESUND<\/h3>\n<p>SOJALL Topil ist ein wertvolles fermentiertes Bio-Lebensmittel mit nat\u00fcrlichem Fruchtzuckergehalt, hergestellt aus dem Saft der Topinamburknolle. SOJALL Topil schmeckt, unterst\u00fctzt die Gesundheit und eignet sich hervorragend zum S\u00fc\u00dfen von Speisen wie auch Getr\u00e4nken. SOJALL Topil ist reich an Kalium. T\u00e4glich verzehrt tr\u00e4gt diese Quelle zur Aufrechterhaltung eines normalen Blutdruck sowie zu einer normalen Funktion des Nervensystems und der Muskelfunktion bei. SOJALL Topil ist f\u00fcr Jung und Alt ebenso wie f\u00fcr Sportler eine gesunde Alternative zu Zucker. Topinambur enth\u00e4lt von Natur aus die wertvollen Ballaststoffe Inulin und Oligofructose sowie zahlreiche Mineralstoffe. Inulin ist ein Ballaststoff. Es quillt als Ballaststoff im Magen-Darm-Trakt auf und kann von Bifidobakterien verstoffwechselt werden bzw. dient ihnen vorteilhafter weise als Nahrung. Bifidobakterien kommen unter anderem in der Muttermilch vor, die f\u00fcr S\u00e4uglinge bekanntlich das Beste ist. Oligofructose ist ein Mehrfachzucker, der zwischen 30 und 50 % der S\u00fc\u00dfkraft von Saccharose aufweist und daher als nat\u00fcrlicher Zuckeraustauschstoff ideal ist.<\/p>\n<div>\n<div>\n<p>&nbsp;<\/p>\n<\/div>\n<\/div>\n<div>\n<div>\n<h3>WEITERE VORTEILE<\/h3>\n<p>schmeckt lecker<br \/>\nhoher Ballaststoffgehalt<br \/>\nwertvolle Kaliumquelle<br \/>\ngut bioverf\u00fcgbar<br \/>\nideal auch f\u00fcr Kinder<\/p>\n<p>SOJALL Topil schmeckt auch als nat\u00fcrlich-s\u00fc\u00dfer Brotaufstrich!<\/p>\n<p>Eine abwechslungsreiche und ausgewogene Ern\u00e4hrung und eine gesunde Lebensweise sind wichtig.<\/p>\n<\/div>\n<\/div>","protected":false},"excerpt":{"rendered":"<p>Sojall zum S\u00fc\u00dfen von Speisen und Getr\u00e4nken hoher Ballaststoffgehalt Inulin dient den Bifidobakterien vorteilhafterweise als Nahrung reich an nat\u00fcrlichem Kalium f\u00fcr Blutdruck, Nerven und Muskelfunktion Tipp: Schmeckt auch als nat\u00fcrlich-s\u00fc\u00dfer Brotaufstrich vegan NAT\u00dcRLICH S\u00dcSS UND GESUND SOJALL Topil ist ein wertvolles fermentiertes Bio-Lebensmittel mit nat\u00fcrlichem Fruchtzuckergehalt, hergestellt aus dem Saft der Topinamburknolle. SOJALL Topil schmeckt, [&hellip;]<\/p>\n","protected":false},"featured_media":5720,"template":"","meta":{"inline_featured_image":false,"site-sidebar-layout":"default","site-content-layout":"","ast-site-content-layout":"default","site-content-style":"default","site-sidebar-style":"default","ast-global-header-display":"","ast-banner-title-visibility":"","ast-main-header-display":"","ast-hfb-above-header-display":"","ast-hfb-below-header-display":"","ast-hfb-mobile-header-display":"","site-post-title":"","ast-breadcrumbs-content":"","ast-featured-img":"","footer-sml-layout":"","ast-disable-related-posts":"","theme-transparent-header-meta":"default","adv-header-id-meta":"","stick-header-meta":"default","header-above-stick-meta":"","header-main-stick-meta":"","header-below-stick-meta":"","astra-migrate-meta-layouts":"set","ast-page-background-enabled":"default","ast-page-background-meta":{"desktop":{"background-color":"","background-image":"","background-repeat":"repeat","background-position":"center center","background-size":"auto","background-attachment":"scroll","background-type":"","background-media":"","overlay-type":"","overlay-color":"","overlay-opacity":"","overlay-gradient":""},"tablet":{"background-color":"","background-image":"","background-repeat":"repeat","background-position":"center center","background-size":"auto","background-attachment":"scroll","background-type":"","background-media":"","overlay-type":"","overlay-color":"","overlay-opacity":"","overlay-gradient":""},"mobile":{"background-color":"","background-image":"","background-repeat":"repeat","background-position":"center center","background-size":"auto","background-attachment":"scroll","background-type":"","background-media":"","overlay-type":"","overlay-color":"","overlay-opacity":"","overlay-gradient":""}},"ast-content-background-meta":{"desktop":{"background-color":"var(--ast-global-color-5)","background-image":"","background-repeat":"repeat","background-position":"center center","background-size":"auto","background-attachment":"scroll","background-type":"","background-media":"","overlay-type":"","overlay-color":"","overlay-opacity":"","overlay-gradient":""},"tablet":{"background-color":"var(--ast-global-color-5)","background-image":"","background-repeat":"repeat","background-position":"center center","background-size":"auto","background-attachment":"scroll","background-type":"","background-media":"","overlay-type":"","overlay-color":"","overlay-opacity":"","overlay-gradient":""},"mobile":{"background-color":"var(--ast-global-color-5)","background-image":"","background-repeat":"repeat","background-position":"center center","background-size":"auto","background-attachment":"scroll","background-type":"","background-media":"","overlay-type":"","overlay-color":"","overlay-opacity":"","overlay-gradient":""}}},"product_brand":[],"product_cat":[62],"product_tag":[],"class_list":{"0":"post-5719","1":"product","2":"type-product","3":"status-publish","4":"has-post-thumbnail","6":"product_cat-sojall-produkte","7":"desktop-align-center","8":"tablet-align-center","9":"mobile-align-center","10":"ast-product-gallery-layout-horizontal","11":"ast-product-gallery-with-no-image","12":"ast-product-tabs-layout-horizontal","14":"first","15":"instock","16":"taxable","17":"shipping-taxable","18":"purchasable","19":"product-type-simple"},"_links":{"self":[{"href":"https:\/\/shop.swisspowertube.ch\/it\/wp-json\/wp\/v2\/product\/5719","targetHints":{"allow":["GET"]}}],"collection":[{"href":"https:\/\/shop.swisspowertube.ch\/it\/wp-json\/wp\/v2\/product"}],"about":[{"href":"https:\/\/shop.swisspowertube.ch\/it\/wp-json\/wp\/v2\/types\/product"}],"wp:featuredmedia":[{"embeddable":true,"href":"https:\/\/shop.swisspowertube.ch\/it\/wp-json\/wp\/v2\/media\/5720"}],"wp:attachment":[{"href":"https:\/\/shop.swisspowertube.ch\/it\/wp-json\/wp\/v2\/media?parent=5719"}],"wp:term":[{"taxonomy":"product_brand","embeddable":true,"href":"https:\/\/shop.swisspowertube.ch\/it\/wp-json\/wp\/v2\/product_brand?post=5719"},{"taxonomy":"product_cat","embeddable":true,"href":"https:\/\/shop.swisspowertube.ch\/it\/wp-json\/wp\/v2\/product_cat?post=5719"},{"taxonomy":"product_tag","embeddable":true,"href":"https:\/\/shop.swisspowertube.ch\/it\/wp-json\/wp\/v2\/product_tag?post=5719"}],"curies":[{"name":"wp","href":"https:\/\/api.w.org\/{rel}","templated":true}]}}