{"id":5706,"date":"2022-03-14T10:22:47","date_gmt":"2022-03-14T10:22:47","guid":{"rendered":"https:\/\/cms-webdesign.ch\/swisspowertube\/?product=batterie-9-v-block-energizer-max-plus"},"modified":"2025-01-15T16:02:27","modified_gmt":"2025-01-15T15:02:27","slug":"batterie-9-v-block-energizer-max-plus","status":"publish","type":"product","link":"https:\/\/shop.swisspowertube.ch\/it\/prodotto\/batterie-9-v-block-energizer-max-plus\/","title":{"rendered":"Batterie 9 V Block &#8211; Energizer Max Plus"},"content":{"rendered":"<div>\n<p>Passend zu unseren Powertube\u00ae und QuickZap\u00ae-Tens-Ger\u00e4ten<\/p>\n<\/div>\n<p>&nbsp;<\/p>\n<p>Hinweise zur Batterieentsorgung<\/p>\n<p>Im Zusammenhang mit dem Vertrieb von Batterien oder mit der Lieferung<br \/>\nvon Ger\u00e4ten, die Batterien enthalten, ist der Anbieter verpflichtet,<br \/>\nden Kunden auf folgendes hinzuweisen:<\/p>\n<p>Der Kunde ist zur R\u00fcckgabe gebrauchter Batterien als Endnutzer<br \/>\ngesetzlich verpflichtet. Er kann Altbatterien, die der Anbieter als<br \/>\nNeubatterien im Sortiment f\u00fchrt oder gef\u00fchrt hat, unentgeltlich am<br \/>\nVersandlager (Versandadresse) des Anbieters zur\u00fcckgeben. Die auf den<br \/>\nBatterien abgebildeten Symbole haben folgende Bedeutung:<br \/>\nDas Symbol der durchgekreuzten M\u00fclltonne bedeutet, dass die Batterie nicht in den Hausm\u00fcll gegeben werden darf.<\/p>","protected":false},"excerpt":{"rendered":"<p>Passend zu unseren Powertube\u00ae und QuickZap\u00ae-Tens-Ger\u00e4ten &nbsp; Hinweise zur Batterieentsorgung Im Zusammenhang mit dem Vertrieb von Batterien oder mit der Lieferung von Ger\u00e4ten, die Batterien enthalten, ist der Anbieter verpflichtet, den Kunden auf folgendes hinzuweisen: Der Kunde ist zur R\u00fcckgabe gebrauchter Batterien als Endnutzer gesetzlich verpflichtet. Er kann Altbatterien, die der Anbieter als Neubatterien im [&hellip;]<\/p>\n","protected":false},"featured_media":5707,"template":"","meta":{"inline_featured_image":false,"site-sidebar-layout":"default","site-content-layout":"","ast-site-content-layout":"default","site-content-style":"default","site-sidebar-style":"default","ast-global-header-display":"","ast-banner-title-visibility":"","ast-main-header-display":"","ast-hfb-above-header-display":"","ast-hfb-below-header-display":"","ast-hfb-mobile-header-display":"","site-post-title":"","ast-breadcrumbs-content":"","ast-featured-img":"","footer-sml-layout":"","ast-disable-related-posts":"","theme-transparent-header-meta":"default","adv-header-id-meta":"","stick-header-meta":"default","header-above-stick-meta":"","header-main-stick-meta":"","header-below-stick-meta":"","astra-migrate-meta-layouts":"set","ast-page-background-enabled":"default","ast-page-background-meta":{"desktop":{"background-color":"","background-image":"","background-repeat":"repeat","background-position":"center center","background-size":"auto","background-attachment":"scroll","background-type":"","background-media":"","overlay-type":"","overlay-color":"","overlay-opacity":"","overlay-gradient":""},"tablet":{"background-color":"","background-image":"","background-repeat":"repeat","background-position":"center center","background-size":"auto","background-attachment":"scroll","background-type":"","background-media":"","overlay-type":"","overlay-color":"","overlay-opacity":"","overlay-gradient":""},"mobile":{"background-color":"","background-image":"","background-repeat":"repeat","background-position":"center center","background-size":"auto","background-attachment":"scroll","background-type":"","background-media":"","overlay-type":"","overlay-color":"","overlay-opacity":"","overlay-gradient":""}},"ast-content-background-meta":{"desktop":{"background-color":"var(--ast-global-color-5)","background-image":"","background-repeat":"repeat","background-position":"center center","background-size":"auto","background-attachment":"scroll","background-type":"","background-media":"","overlay-type":"","overlay-color":"","overlay-opacity":"","overlay-gradient":""},"tablet":{"background-color":"var(--ast-global-color-5)","background-image":"","background-repeat":"repeat","background-position":"center center","background-size":"auto","background-attachment":"scroll","background-type":"","background-media":"","overlay-type":"","overlay-color":"","overlay-opacity":"","overlay-gradient":""},"mobile":{"background-color":"var(--ast-global-color-5)","background-image":"","background-repeat":"repeat","background-position":"center center","background-size":"auto","background-attachment":"scroll","background-type":"","background-media":"","overlay-type":"","overlay-color":"","overlay-opacity":"","overlay-gradient":""}}},"product_brand":[],"product_cat":[65],"product_tag":[],"class_list":{"0":"post-5706","1":"product","2":"type-product","3":"status-publish","4":"has-post-thumbnail","6":"product_cat-ersatzteile","7":"desktop-align-center","8":"tablet-align-center","9":"mobile-align-center","10":"ast-product-gallery-layout-horizontal","11":"ast-product-gallery-with-no-image","12":"ast-product-tabs-layout-horizontal","14":"first","15":"instock","16":"taxable","17":"shipping-taxable","18":"purchasable","19":"product-type-simple"},"_links":{"self":[{"href":"https:\/\/shop.swisspowertube.ch\/it\/wp-json\/wp\/v2\/product\/5706","targetHints":{"allow":["GET"]}}],"collection":[{"href":"https:\/\/shop.swisspowertube.ch\/it\/wp-json\/wp\/v2\/product"}],"about":[{"href":"https:\/\/shop.swisspowertube.ch\/it\/wp-json\/wp\/v2\/types\/product"}],"wp:featuredmedia":[{"embeddable":true,"href":"https:\/\/shop.swisspowertube.ch\/it\/wp-json\/wp\/v2\/media\/5707"}],"wp:attachment":[{"href":"https:\/\/shop.swisspowertube.ch\/it\/wp-json\/wp\/v2\/media?parent=5706"}],"wp:term":[{"taxonomy":"product_brand","embeddable":true,"href":"https:\/\/shop.swisspowertube.ch\/it\/wp-json\/wp\/v2\/product_brand?post=5706"},{"taxonomy":"product_cat","embeddable":true,"href":"https:\/\/shop.swisspowertube.ch\/it\/wp-json\/wp\/v2\/product_cat?post=5706"},{"taxonomy":"product_tag","embeddable":true,"href":"https:\/\/shop.swisspowertube.ch\/it\/wp-json\/wp\/v2\/product_tag?post=5706"}],"curies":[{"name":"wp","href":"https:\/\/api.w.org\/{rel}","templated":true}]}}