{"id":5675,"date":"2020-08-20T12:05:15","date_gmt":"2020-08-20T12:05:15","guid":{"rendered":"https:\/\/cms-webdesign.ch\/swisspowertube\/?product=manual-quickzap-spanisch"},"modified":"2025-01-10T09:25:44","modified_gmt":"2025-01-10T08:25:44","slug":"manual-quickzap-spanisch","status":"publish","type":"product","link":"https:\/\/shop.swisspowertube.ch\/it\/prodotto\/manual-quickzap-spanisch\/","title":{"rendered":"Manual QuickZap (Spanisch)"},"content":{"rendered":"<p>Este manual le ayuda a utilizar el aparato con efectividad. Con<br \/>\npalabras sencillas, una estructura clara y muchas im\u00e1genes, el lector<br \/>\nrecibe toda la informaci\u00f3n para la aplicaci\u00f3n pr\u00e1tica.<\/p>\n<p>Las preguntas m\u00e1s frecuentes se responden de forma clara y concisa.<br \/>\nAdem\u00e1s, el libro ofrece muchas indicaciones para la aplicaci\u00f3n.<\/p>\n<p>Este manual es muy \u00fatil para particulares y para terapeutas que usan la sencilla e ingeniosa tecnolog\u00eda QuickZap.<\/p>\n<div>\n<ul>\n<li>Instrucciones de uso<\/li>\n<li>Preguntas y respuestas<\/li>\n<li>Sugerencias e informaciones \u00fatiles<\/li>\n<li>Los puntos de acupuntura m\u00e1s importantes<\/li>\n<li>Carpeta de anillas<\/li>\n<li>63 p\u00e1ginas<\/li>\n<\/ul>\n<\/div>","protected":false},"excerpt":{"rendered":"<p>Este manual le ayuda a utilizar el aparato con efectividad. Con palabras sencillas, una estructura clara y muchas im\u00e1genes, el lector recibe toda la informaci\u00f3n para la aplicaci\u00f3n pr\u00e1tica. Las preguntas m\u00e1s frecuentes se responden de forma clara y concisa. Adem\u00e1s, el libro ofrece muchas indicaciones para la aplicaci\u00f3n. Este manual es muy \u00fatil para [&hellip;]<\/p>\n","protected":false},"featured_media":5676,"template":"","meta":{"inline_featured_image":false,"site-sidebar-layout":"default","site-content-layout":"","ast-site-content-layout":"default","site-content-style":"default","site-sidebar-style":"default","ast-global-header-display":"","ast-banner-title-visibility":"","ast-main-header-display":"","ast-hfb-above-header-display":"","ast-hfb-below-header-display":"","ast-hfb-mobile-header-display":"","site-post-title":"","ast-breadcrumbs-content":"","ast-featured-img":"","footer-sml-layout":"","ast-disable-related-posts":"","theme-transparent-header-meta":"default","adv-header-id-meta":"","stick-header-meta":"default","header-above-stick-meta":"","header-main-stick-meta":"","header-below-stick-meta":"","astra-migrate-meta-layouts":"set","ast-page-background-enabled":"default","ast-page-background-meta":{"desktop":{"background-color":"","background-image":"","background-repeat":"repeat","background-position":"center center","background-size":"auto","background-attachment":"scroll","background-type":"","background-media":"","overlay-type":"","overlay-color":"","overlay-opacity":"","overlay-gradient":""},"tablet":{"background-color":"","background-image":"","background-repeat":"repeat","background-position":"center center","background-size":"auto","background-attachment":"scroll","background-type":"","background-media":"","overlay-type":"","overlay-color":"","overlay-opacity":"","overlay-gradient":""},"mobile":{"background-color":"","background-image":"","background-repeat":"repeat","background-position":"center center","background-size":"auto","background-attachment":"scroll","background-type":"","background-media":"","overlay-type":"","overlay-color":"","overlay-opacity":"","overlay-gradient":""}},"ast-content-background-meta":{"desktop":{"background-color":"var(--ast-global-color-5)","background-image":"","background-repeat":"repeat","background-position":"center center","background-size":"auto","background-attachment":"scroll","background-type":"","background-media":"","overlay-type":"","overlay-color":"","overlay-opacity":"","overlay-gradient":""},"tablet":{"background-color":"var(--ast-global-color-5)","background-image":"","background-repeat":"repeat","background-position":"center center","background-size":"auto","background-attachment":"scroll","background-type":"","background-media":"","overlay-type":"","overlay-color":"","overlay-opacity":"","overlay-gradient":""},"mobile":{"background-color":"var(--ast-global-color-5)","background-image":"","background-repeat":"repeat","background-position":"center center","background-size":"auto","background-attachment":"scroll","background-type":"","background-media":"","overlay-type":"","overlay-color":"","overlay-opacity":"","overlay-gradient":""}}},"product_brand":[],"product_cat":[66],"product_tag":[],"class_list":{"0":"post-5675","1":"product","2":"type-product","3":"status-publish","4":"has-post-thumbnail","6":"product_cat-bucher","7":"desktop-align-center","8":"tablet-align-center","9":"mobile-align-center","10":"ast-product-gallery-layout-horizontal","11":"ast-product-gallery-with-no-image","12":"ast-product-tabs-layout-horizontal","14":"first","15":"instock","16":"taxable","17":"shipping-taxable","18":"purchasable","19":"product-type-simple"},"_links":{"self":[{"href":"https:\/\/shop.swisspowertube.ch\/it\/wp-json\/wp\/v2\/product\/5675","targetHints":{"allow":["GET"]}}],"collection":[{"href":"https:\/\/shop.swisspowertube.ch\/it\/wp-json\/wp\/v2\/product"}],"about":[{"href":"https:\/\/shop.swisspowertube.ch\/it\/wp-json\/wp\/v2\/types\/product"}],"wp:featuredmedia":[{"embeddable":true,"href":"https:\/\/shop.swisspowertube.ch\/it\/wp-json\/wp\/v2\/media\/5676"}],"wp:attachment":[{"href":"https:\/\/shop.swisspowertube.ch\/it\/wp-json\/wp\/v2\/media?parent=5675"}],"wp:term":[{"taxonomy":"product_brand","embeddable":true,"href":"https:\/\/shop.swisspowertube.ch\/it\/wp-json\/wp\/v2\/product_brand?post=5675"},{"taxonomy":"product_cat","embeddable":true,"href":"https:\/\/shop.swisspowertube.ch\/it\/wp-json\/wp\/v2\/product_cat?post=5675"},{"taxonomy":"product_tag","embeddable":true,"href":"https:\/\/shop.swisspowertube.ch\/it\/wp-json\/wp\/v2\/product_tag?post=5675"}],"curies":[{"name":"wp","href":"https:\/\/api.w.org\/{rel}","templated":true}]}}