{"id":5671,"date":"2020-08-20T12:03:21","date_gmt":"2020-08-20T12:03:21","guid":{"rendered":"https:\/\/cms-webdesign.ch\/swisspowertube\/?product=handbuch-quickzap-deutsch"},"modified":"2026-03-23T15:15:13","modified_gmt":"2026-03-23T14:15:13","slug":"handbuch-quickzap-deutsch","status":"publish","type":"product","link":"https:\/\/shop.swisspowertube.ch\/it\/prodotto\/handbuch-quickzap-deutsch\/","title":{"rendered":"Handbuch Powertube (Deutsch)"},"content":{"rendered":"<p>Dieses Handbuch hilft Ihnen, das Ger\u00e4t effektiv zu nutzen. Mit<br \/>\neinfachen Worten, \u00fcbersichtlich strukturiert und mit vielen<br \/>\nanschaulichen Bildern wird dem Leser alles Wichtige f\u00fcr die praktische<br \/>\nAnwendung vermittelt.<\/p>\n<p>Die h\u00e4ufigsten Fragen zur Handhabung werden kurz und b\u00fcndig<br \/>\nbeantwortet. Dar\u00fcber hinaus enth\u00e4lt das Buch viele Tipps zum Thema<br \/>\nPowertube und Gesundheit.<\/p>\n<p>Dieses Handbuch ist \u00fcberaus hilfreich f\u00fcr private Anwender und<br \/>\nTherapeuten, die regelm\u00e4ssig mit der einfachen und genialen<br \/>\nPowertube-Technologie arbeiten.<\/p>\n<div>\n<ul>\n<li>Bedienungshinweise<\/li>\n<li>Fragen und Antworten<\/li>\n<li>Tipps und n\u00fctzliche Informationen<\/li>\n<li>Die wichtigsten Power-Punkte<\/li>\n<li>Ringbuch<\/li>\n<li>69 Seiten<\/li>\n<\/ul>\n<\/div>","protected":false},"excerpt":{"rendered":"<p>Dieses Handbuch hilft Ihnen, das Ger\u00e4t effektiv zu nutzen. Mit einfachen Worten, \u00fcbersichtlich strukturiert und mit vielen anschaulichen Bildern wird dem Leser alles Wichtige f\u00fcr die praktische Anwendung vermittelt. Die h\u00e4ufigsten Fragen zur Handhabung werden kurz und b\u00fcndig beantwortet. Dar\u00fcber hinaus enth\u00e4lt das Buch viele Tipps zum Thema Powertube und Gesundheit. Dieses Handbuch ist \u00fcberaus [&hellip;]<\/p>\n","protected":false},"featured_media":7405,"template":"","meta":{"inline_featured_image":false,"site-sidebar-layout":"default","site-content-layout":"","ast-site-content-layout":"default","site-content-style":"default","site-sidebar-style":"default","ast-global-header-display":"","ast-banner-title-visibility":"","ast-main-header-display":"","ast-hfb-above-header-display":"","ast-hfb-below-header-display":"","ast-hfb-mobile-header-display":"","site-post-title":"","ast-breadcrumbs-content":"","ast-featured-img":"","footer-sml-layout":"","ast-disable-related-posts":"","theme-transparent-header-meta":"default","adv-header-id-meta":"","stick-header-meta":"default","header-above-stick-meta":"","header-main-stick-meta":"","header-below-stick-meta":"","astra-migrate-meta-layouts":"set","ast-page-background-enabled":"default","ast-page-background-meta":{"desktop":{"background-color":"","background-image":"","background-repeat":"repeat","background-position":"center center","background-size":"auto","background-attachment":"scroll","background-type":"","background-media":"","overlay-type":"","overlay-color":"","overlay-opacity":"","overlay-gradient":""},"tablet":{"background-color":"","background-image":"","background-repeat":"repeat","background-position":"center center","background-size":"auto","background-attachment":"scroll","background-type":"","background-media":"","overlay-type":"","overlay-color":"","overlay-opacity":"","overlay-gradient":""},"mobile":{"background-color":"","background-image":"","background-repeat":"repeat","background-position":"center center","background-size":"auto","background-attachment":"scroll","background-type":"","background-media":"","overlay-type":"","overlay-color":"","overlay-opacity":"","overlay-gradient":""}},"ast-content-background-meta":{"desktop":{"background-color":"var(--ast-global-color-5)","background-image":"","background-repeat":"repeat","background-position":"center center","background-size":"auto","background-attachment":"scroll","background-type":"","background-media":"","overlay-type":"","overlay-color":"","overlay-opacity":"","overlay-gradient":""},"tablet":{"background-color":"var(--ast-global-color-5)","background-image":"","background-repeat":"repeat","background-position":"center center","background-size":"auto","background-attachment":"scroll","background-type":"","background-media":"","overlay-type":"","overlay-color":"","overlay-opacity":"","overlay-gradient":""},"mobile":{"background-color":"var(--ast-global-color-5)","background-image":"","background-repeat":"repeat","background-position":"center center","background-size":"auto","background-attachment":"scroll","background-type":"","background-media":"","overlay-type":"","overlay-color":"","overlay-opacity":"","overlay-gradient":""}}},"product_brand":[],"product_cat":[66],"product_tag":[],"class_list":{"0":"post-5671","1":"product","2":"type-product","3":"status-publish","4":"has-post-thumbnail","6":"product_cat-bucher","7":"desktop-align-center","8":"tablet-align-center","9":"mobile-align-center","10":"ast-product-gallery-layout-horizontal","11":"ast-product-gallery-with-no-image","12":"ast-product-tabs-layout-horizontal","14":"first","15":"instock","16":"taxable","17":"shipping-taxable","18":"purchasable","19":"product-type-simple"},"_links":{"self":[{"href":"https:\/\/shop.swisspowertube.ch\/it\/wp-json\/wp\/v2\/product\/5671","targetHints":{"allow":["GET"]}}],"collection":[{"href":"https:\/\/shop.swisspowertube.ch\/it\/wp-json\/wp\/v2\/product"}],"about":[{"href":"https:\/\/shop.swisspowertube.ch\/it\/wp-json\/wp\/v2\/types\/product"}],"wp:featuredmedia":[{"embeddable":true,"href":"https:\/\/shop.swisspowertube.ch\/it\/wp-json\/wp\/v2\/media\/7405"}],"wp:attachment":[{"href":"https:\/\/shop.swisspowertube.ch\/it\/wp-json\/wp\/v2\/media?parent=5671"}],"wp:term":[{"taxonomy":"product_brand","embeddable":true,"href":"https:\/\/shop.swisspowertube.ch\/it\/wp-json\/wp\/v2\/product_brand?post=5671"},{"taxonomy":"product_cat","embeddable":true,"href":"https:\/\/shop.swisspowertube.ch\/it\/wp-json\/wp\/v2\/product_cat?post=5671"},{"taxonomy":"product_tag","embeddable":true,"href":"https:\/\/shop.swisspowertube.ch\/it\/wp-json\/wp\/v2\/product_tag?post=5671"}],"curies":[{"name":"wp","href":"https:\/\/api.w.org\/{rel}","templated":true}]}}