{"id":5629,"date":"2020-08-20T08:57:31","date_gmt":"2020-08-20T08:57:31","guid":{"rendered":"https:\/\/cms-webdesign.ch\/swisspowertube\/?product=sojall-royal-240-g"},"modified":"2025-01-20T08:41:05","modified_gmt":"2025-01-20T07:41:05","slug":"sojall-royal-240-g","status":"publish","type":"product","link":"https:\/\/shop.swisspowertube.ch\/fr\/produit\/sojall-royal-240-g\/","title":{"rendered":"SOJALL Royal 240 g"},"content":{"rendered":"<p>SOJALL Royal ist mit den enthaltenen Bl\u00fctenpollen, der nat\u00fcrlichen<br \/>\nQuelle s\u00e4mtlicher B-Vitamine, sowie den hochwertigen pflanzlichen<br \/>\nSoja-Proteinen das \u201ek\u00f6nigliche\u201c Produkt der SOJALL Bio-Food-Linie. Die<br \/>\nspeziell ausgew\u00e4hlten wertvollen Zutaten werden enzymschonend nach dem<br \/>\nSOJALL KEIMO FOOD\u00ae-bzw. SOJALL\u00ae FERMENTA FOOD-Verfahren<br \/>\n(Milchs\u00e4ure-Fermentation) gekeimt und fermentiert. Dank dieser<br \/>\nenzymschonenden Produktveredelung (unter 40 \u00b0C) k\u00f6nnen sich u. a.<br \/>\nMikron\u00e4hrstoffe (Vitamine) vermehren sowie die Bioverf\u00fcgbarkeit und<br \/>\nWertigkeit der Zutaten verbessern. Gleichzeitig wird die Haltbarkeit<br \/>\nohne Zus\u00e4tze stabilisiert.Die speziell ausgew\u00e4hlten wertvollen Zutaten<br \/>\nwerden enzymschonend nach dem SOJALL KEIMO FOOD\u00ae-bzw. SOJALL\u00ae FERMENTA<br \/>\nFOOD-Verfahren (Milchs\u00e4ure-Fermentation) gekeimt und fermentiert. Dank<br \/>\ndieser enzymschonenden Produktveredelung (unter 40 \u00b0C) k\u00f6nnen sich u. a.<br \/>\nMikron\u00e4hrstoffe (Vitamine) vermehren sowie die Bioverf\u00fcgbarkeit und<br \/>\nWertigkeit der Zutaten verbessern. Gleichzeitig wird die Haltbarkeit<br \/>\nohne Zus\u00e4tze stabilisiert. SOJALL Royal unterst\u00fctzt die<br \/>\nLeistungsf\u00e4higkeit und Gesundheit der ganzen Familie und eignet sich zum<br \/>\nVerzehr in allen Lebenslagen. Vorteilhafterweise unterst\u00fctzen die<br \/>\nenthaltenen Vitamine B6 und B12 sowie Fols\u00e4ure unter anderem das<br \/>\nImmunsystem.<\/p>\n<div>\n<div>\n<p><strong>ZUTATEN:<\/strong><\/p>\n<\/div>\n<\/div>\n<div>\n<div>\n<p>Soja, Bl\u00fctenpollen, Buchweizen, Braunhirse und Bierhefe<\/p>\n<p><strong>Wertvolle pflanzliche Proteine mit hohem nat\u00fcrlichen Vitamin-B-Gehalt f\u00fcr<\/strong><\/p>\n<ul>\n<li>Immunsystem<\/li>\n<li>Zellteilung, Zellschutz<\/li>\n<li>Nerven, Psyche<\/li>\n<li>Geistige Leistung<\/li>\n<li>Energiestoffwechsel<\/li>\n<li>Herzfunktion<\/li>\n<\/ul>\n<p><strong>Weitere Vorteile<\/strong><\/p>\n<ul>\n<li>gut vertr\u00e4glich<\/li>\n<li>kleine Verzehrmenge<\/li>\n<li>Rohkost-Qualit\u00e4t<\/li>\n<li>laktosefrei<\/li>\n<\/ul>\n<\/div>\n<\/div>","protected":false},"excerpt":{"rendered":"<p>SOJALL Royal ist mit den enthaltenen Bl\u00fctenpollen, der nat\u00fcrlichen Quelle s\u00e4mtlicher B-Vitamine, sowie den hochwertigen pflanzlichen Soja-Proteinen das \u201ek\u00f6nigliche\u201c Produkt der SOJALL Bio-Food-Linie. Die speziell ausgew\u00e4hlten wertvollen Zutaten werden enzymschonend nach dem SOJALL KEIMO FOOD\u00ae-bzw. SOJALL\u00ae FERMENTA FOOD-Verfahren (Milchs\u00e4ure-Fermentation) gekeimt und fermentiert. Dank dieser enzymschonenden Produktveredelung (unter 40 \u00b0C) k\u00f6nnen sich u. a. Mikron\u00e4hrstoffe (Vitamine) [&hellip;]<\/p>\n","protected":false},"featured_media":5630,"template":"","meta":{"inline_featured_image":false,"site-sidebar-layout":"default","site-content-layout":"","ast-site-content-layout":"default","site-content-style":"default","site-sidebar-style":"default","ast-global-header-display":"","ast-banner-title-visibility":"","ast-main-header-display":"","ast-hfb-above-header-display":"","ast-hfb-below-header-display":"","ast-hfb-mobile-header-display":"","site-post-title":"","ast-breadcrumbs-content":"","ast-featured-img":"","footer-sml-layout":"","ast-disable-related-posts":"","theme-transparent-header-meta":"default","adv-header-id-meta":"","stick-header-meta":"default","header-above-stick-meta":"","header-main-stick-meta":"","header-below-stick-meta":"","astra-migrate-meta-layouts":"set","ast-page-background-enabled":"default","ast-page-background-meta":{"desktop":{"background-color":"","background-image":"","background-repeat":"repeat","background-position":"center center","background-size":"auto","background-attachment":"scroll","background-type":"","background-media":"","overlay-type":"","overlay-color":"","overlay-opacity":"","overlay-gradient":""},"tablet":{"background-color":"","background-image":"","background-repeat":"repeat","background-position":"center center","background-size":"auto","background-attachment":"scroll","background-type":"","background-media":"","overlay-type":"","overlay-color":"","overlay-opacity":"","overlay-gradient":""},"mobile":{"background-color":"","background-image":"","background-repeat":"repeat","background-position":"center center","background-size":"auto","background-attachment":"scroll","background-type":"","background-media":"","overlay-type":"","overlay-color":"","overlay-opacity":"","overlay-gradient":""}},"ast-content-background-meta":{"desktop":{"background-color":"var(--ast-global-color-5)","background-image":"","background-repeat":"repeat","background-position":"center center","background-size":"auto","background-attachment":"scroll","background-type":"","background-media":"","overlay-type":"","overlay-color":"","overlay-opacity":"","overlay-gradient":""},"tablet":{"background-color":"var(--ast-global-color-5)","background-image":"","background-repeat":"repeat","background-position":"center center","background-size":"auto","background-attachment":"scroll","background-type":"","background-media":"","overlay-type":"","overlay-color":"","overlay-opacity":"","overlay-gradient":""},"mobile":{"background-color":"var(--ast-global-color-5)","background-image":"","background-repeat":"repeat","background-position":"center center","background-size":"auto","background-attachment":"scroll","background-type":"","background-media":"","overlay-type":"","overlay-color":"","overlay-opacity":"","overlay-gradient":""}}},"product_brand":[],"product_cat":[62],"product_tag":[],"class_list":{"0":"post-5629","1":"product","2":"type-product","3":"status-publish","4":"has-post-thumbnail","6":"product_cat-sojall-produkte","7":"desktop-align-center","8":"tablet-align-center","9":"mobile-align-center","10":"ast-product-gallery-layout-horizontal","11":"ast-product-tabs-layout-horizontal","13":"first","14":"instock","15":"taxable","16":"shipping-taxable","17":"purchasable","18":"product-type-simple"},"_links":{"self":[{"href":"https:\/\/shop.swisspowertube.ch\/fr\/wp-json\/wp\/v2\/product\/5629","targetHints":{"allow":["GET"]}}],"collection":[{"href":"https:\/\/shop.swisspowertube.ch\/fr\/wp-json\/wp\/v2\/product"}],"about":[{"href":"https:\/\/shop.swisspowertube.ch\/fr\/wp-json\/wp\/v2\/types\/product"}],"wp:featuredmedia":[{"embeddable":true,"href":"https:\/\/shop.swisspowertube.ch\/fr\/wp-json\/wp\/v2\/media\/5630"}],"wp:attachment":[{"href":"https:\/\/shop.swisspowertube.ch\/fr\/wp-json\/wp\/v2\/media?parent=5629"}],"wp:term":[{"taxonomy":"product_brand","embeddable":true,"href":"https:\/\/shop.swisspowertube.ch\/fr\/wp-json\/wp\/v2\/product_brand?post=5629"},{"taxonomy":"product_cat","embeddable":true,"href":"https:\/\/shop.swisspowertube.ch\/fr\/wp-json\/wp\/v2\/product_cat?post=5629"},{"taxonomy":"product_tag","embeddable":true,"href":"https:\/\/shop.swisspowertube.ch\/fr\/wp-json\/wp\/v2\/product_tag?post=5629"}],"curies":[{"name":"wp","href":"https:\/\/api.w.org\/{rel}","templated":true}]}}