{"id":5601,"date":"2020-08-20T07:25:35","date_gmt":"2020-08-20T07:25:35","guid":{"rendered":"https:\/\/cms-webdesign.ch\/swisspowertube\/?product=powertube-gold"},"modified":"2026-01-01T02:07:47","modified_gmt":"2026-01-01T01:07:47","slug":"powertube-gold","status":"publish","type":"product","link":"https:\/\/shop.swisspowertube.ch\/fr\/produit\/powertube-gold\/","title":{"rendered":"Powertube Gold"},"content":{"rendered":"<ul>\n<li>1 x Powertube Gold inkl. Softbag<\/li>\n<\/ul>\n<ul>\n<li>inkl. Handelektrode vergoldet<\/li>\n<li>inkl. Kabel und Batterie<\/li>\n<li>F\u00fcr Schmerzbehandlung<\/li>\n<li>Behandlungszeiten 3 \u2013 21 Minuten<\/li>\n<li>Vollautomatisierte Programmabl\u00e4ufe in 3 Schritten<\/li>\n<li>Wechselspannung, daher kein Metalltransport in den K\u00f6rper<\/li>\n<li>Stabile Ausgangsspannungen und Frequenzen<\/li>\n<li>9-Volt-Batteriebetrieb f\u00fcr unabh\u00e4ngigen Betrieb<\/li>\n<li>LED-Anzeige f\u00fcr Therapiezeiten und Therapieschritte<\/li>\n<li>Abmessungen: L\u00e4nge 18 cm, Durchmesser 3,1 cm<\/li>\n<li>Gewicht: ca. 750 g<\/li>\n<li>Anwendungsklasse: BF, Klasse: IIa-Ger\u00e4t<\/li>\n<li>Medizinische Zertifizierung nach EN ISO 13485, CE 0482<\/li>\n<\/ul>\n<div>Die Anwendung der Powertube\u00ae ist einfacher als man denkt. Viele stellen sich die Frage, wie man therapiert. Der symmetrische hochfrequente Wechselstrom der Powertube\u00ae durchdringt den ganzen K\u00f6rper. Wo auch immer man die Powertube\u00ae hinh\u00e4lt, sie wirkt sogar \u00fcber den K\u00f6rper hinaus. Zum Beispiel auf eine Katze, wenn diese einem auf dem Schoss liegt, w\u00e4hrend man sich selbst ohne elektrischen Kontakt mit dem Tier therapiert.<\/div>\n<div>Als zertifiziertes Medizinger\u00e4t ist keinerlei nachteilige Wirkung zu erwarten. Bei dem sehr, sehr kleinen Wechselstrom k\u00f6nnen keine Hautver- brennungen auftreten respektive Krankheiten entstehen. Implantate spielen keine Rolle.<\/div>\n<div>Es kann manchmal eine leichte Erstverschlimmerung von kurzer Dauer auftreten, was viele davon abh\u00e4lt, die Therapie weiter zu f\u00fchren.<\/div>\n<div>Beim Therapieeinstieg sollte man nicht gleich das Maximum an Zeit einstellen. Dazu einige wichtige Paragraphen zur Anwendung:<\/div>\n<ul>\n<li>\u00c4ltere Leute beginnen mit kurzen Zeiten.<\/li>\n<li>Vorzugsweise am Morgen therapieren.<\/li>\n<li>Stets gen\u00fcgend reines Wasser trinken.<\/li>\n<li>Bewegung nach der Therapie macht Sinn.<\/li>\n<li>Eher kurze Zeiten mehrmals, als einmal lange.<\/li>\n<li>Ger\u00e4t mit der ganzen Hand umfassen.<\/li>\n<li>Nach M\u00f6glichkeit die Powertube\u00ae direkt ohne Kabel anwenden.<\/li>\n<li>Auf guten Hautkontakt achten.<\/li>\n<li>Bei Kindern unter 2 Jahren die Powertube\u00ae nicht anwenden.<\/li>\n<li>Powertube\u00ae auch pr\u00e4ventiv anwenden.<\/li>\n<\/ul>\n<p>Chronische Beschwerden erfordern oft Ausdauer und Disziplin. Sind die Beschwerden vergangen, sollte man mit reduzierten Therapiezeiten lange \u00fcber die vorher aufgewendete Zeit hinaus weiter therapieren. Zur Erhaltung eines besseren Gesundheitszustandes empfehle ich ohnehin eine t\u00e4gliche Therapie.<\/p>","protected":false},"excerpt":{"rendered":"<p>1 x Powertube Gold inkl. Softbag inkl. Handelektrode vergoldet inkl. Kabel und Batterie F\u00fcr Schmerzbehandlung Behandlungszeiten 3 \u2013 21 Minuten Vollautomatisierte Programmabl\u00e4ufe in 3 Schritten Wechselspannung, daher kein Metalltransport in den K\u00f6rper Stabile Ausgangsspannungen und Frequenzen 9-Volt-Batteriebetrieb f\u00fcr unabh\u00e4ngigen Betrieb LED-Anzeige f\u00fcr Therapiezeiten und Therapieschritte Abmessungen: L\u00e4nge 18 cm, Durchmesser 3,1 cm Gewicht: ca. 750 [&hellip;]<\/p>\n","protected":false},"featured_media":5602,"template":"","meta":{"inline_featured_image":false,"site-sidebar-layout":"default","site-content-layout":"","ast-site-content-layout":"default","site-content-style":"default","site-sidebar-style":"default","ast-global-header-display":"","ast-banner-title-visibility":"","ast-main-header-display":"","ast-hfb-above-header-display":"","ast-hfb-below-header-display":"","ast-hfb-mobile-header-display":"","site-post-title":"","ast-breadcrumbs-content":"","ast-featured-img":"","footer-sml-layout":"","ast-disable-related-posts":"","theme-transparent-header-meta":"default","adv-header-id-meta":"","stick-header-meta":"default","header-above-stick-meta":"","header-main-stick-meta":"","header-below-stick-meta":"","astra-migrate-meta-layouts":"set","ast-page-background-enabled":"default","ast-page-background-meta":{"desktop":{"background-color":"","background-image":"","background-repeat":"repeat","background-position":"center center","background-size":"auto","background-attachment":"scroll","background-type":"","background-media":"","overlay-type":"","overlay-color":"","overlay-opacity":"","overlay-gradient":""},"tablet":{"background-color":"","background-image":"","background-repeat":"repeat","background-position":"center center","background-size":"auto","background-attachment":"scroll","background-type":"","background-media":"","overlay-type":"","overlay-color":"","overlay-opacity":"","overlay-gradient":""},"mobile":{"background-color":"","background-image":"","background-repeat":"repeat","background-position":"center center","background-size":"auto","background-attachment":"scroll","background-type":"","background-media":"","overlay-type":"","overlay-color":"","overlay-opacity":"","overlay-gradient":""}},"ast-content-background-meta":{"desktop":{"background-color":"var(--ast-global-color-5)","background-image":"","background-repeat":"repeat","background-position":"center center","background-size":"auto","background-attachment":"scroll","background-type":"","background-media":"","overlay-type":"","overlay-color":"","overlay-opacity":"","overlay-gradient":""},"tablet":{"background-color":"var(--ast-global-color-5)","background-image":"","background-repeat":"repeat","background-position":"center center","background-size":"auto","background-attachment":"scroll","background-type":"","background-media":"","overlay-type":"","overlay-color":"","overlay-opacity":"","overlay-gradient":""},"mobile":{"background-color":"var(--ast-global-color-5)","background-image":"","background-repeat":"repeat","background-position":"center center","background-size":"auto","background-attachment":"scroll","background-type":"","background-media":"","overlay-type":"","overlay-color":"","overlay-opacity":"","overlay-gradient":""}}},"product_brand":[],"product_cat":[61],"product_tag":[],"class_list":{"0":"post-5601","1":"product","2":"type-product","3":"status-publish","4":"has-post-thumbnail","6":"product_cat-tens-therapie-gerate","7":"desktop-align-center","8":"tablet-align-center","9":"mobile-align-center","10":"ast-product-gallery-layout-horizontal","11":"ast-product-tabs-layout-horizontal","13":"first","14":"instock","15":"taxable","16":"shipping-taxable","17":"purchasable","18":"product-type-simple"},"_links":{"self":[{"href":"https:\/\/shop.swisspowertube.ch\/fr\/wp-json\/wp\/v2\/product\/5601","targetHints":{"allow":["GET"]}}],"collection":[{"href":"https:\/\/shop.swisspowertube.ch\/fr\/wp-json\/wp\/v2\/product"}],"about":[{"href":"https:\/\/shop.swisspowertube.ch\/fr\/wp-json\/wp\/v2\/types\/product"}],"wp:featuredmedia":[{"embeddable":true,"href":"https:\/\/shop.swisspowertube.ch\/fr\/wp-json\/wp\/v2\/media\/5602"}],"wp:attachment":[{"href":"https:\/\/shop.swisspowertube.ch\/fr\/wp-json\/wp\/v2\/media?parent=5601"}],"wp:term":[{"taxonomy":"product_brand","embeddable":true,"href":"https:\/\/shop.swisspowertube.ch\/fr\/wp-json\/wp\/v2\/product_brand?post=5601"},{"taxonomy":"product_cat","embeddable":true,"href":"https:\/\/shop.swisspowertube.ch\/fr\/wp-json\/wp\/v2\/product_cat?post=5601"},{"taxonomy":"product_tag","embeddable":true,"href":"https:\/\/shop.swisspowertube.ch\/fr\/wp-json\/wp\/v2\/product_tag?post=5601"}],"curies":[{"name":"wp","href":"https:\/\/api.w.org\/{rel}","templated":true}]}}