{"id":6834,"date":"2024-12-06T13:26:43","date_gmt":"2024-12-06T12:26:43","guid":{"rendered":"https:\/\/cms-webdesign.ch\/swisspowertube\/allgemeine_geschaeftsbedingungen\/"},"modified":"2025-07-14T15:15:36","modified_gmt":"2025-07-14T13:15:36","slug":"allgemeine_geschaeftsbedingungen","status":"publish","type":"page","link":"https:\/\/shop.swisspowertube.ch\/fr\/allgemeine_geschaeftsbedingungen\/","title":{"rendered":"Allgemeine Gesch\u00e4ftsbedingungen"},"content":{"rendered":"<div data-elementor-type=\"wp-page\" data-elementor-id=\"6834\" class=\"elementor elementor-6834\" data-elementor-post-type=\"page\">\n\t\t\t\t<div class=\"elementor-element elementor-element-1cbd1942 e-flex e-con-boxed e-con e-parent\" data-id=\"1cbd1942\" data-element_type=\"container\" data-e-type=\"container\">\n\t\t\t\t\t<div class=\"e-con-inner\">\n\t\t\t\t<div class=\"elementor-element elementor-element-2cde4031 elementor-widget elementor-widget-text-editor\" data-id=\"2cde4031\" data-element_type=\"widget\" data-e-type=\"widget\" data-widget_type=\"text-editor.default\">\n\t\t\t\t<div class=\"elementor-widget-container\">\n\t\t\t\t\t\t\t\t\t<div id=\"ac-1528971561366\" class=\"astroid-column col-lg-6\"><div id=\"ca-1529739248826\" class=\"astroid-component headline-bullet headline-border-light\"><div id=\"ac-1528971561366\" class=\"astroid-column col-lg-6\"><div id=\"ca-1529739248826\" class=\"astroid-component headline-bullet headline-border-light\"><div class=\"com-content-article item-page\"><div class=\"item-title\"><p><strong><em data-redactor-tag=\"em\">1. Allgemeines<\/em><\/strong><\/p><\/div><div><p>Nachstehende \u201aAllgemeine Gesch\u00e4ftsbedingungen\u2018 gelten ausschliesslich f\u00fcr Bestellungen per Internet. Die Swisspowertube ist jederzeit berechtigt, diese Allgemeinen Gesch\u00e4ftsbedingungen und die Lieferbedingungen einschliesslich aller eventuellen Anlagen zu \u00e4ndern oder zu erg\u00e4nzen. Entsprechende Mitteilungen sind auf der swisspowertube.ch vermerkt.<\/p><p><strong><em data-redactor-tag=\"em\">2. Angebot<\/em><\/strong><br \/>Unsere Angebote sind unverbindlich. Kleine Abweichungen gegen\u00fcber unseren Abbildungen oder Beschreibungen sind m\u00f6glich. Ist ein Angebot nicht mehr verf\u00fcgbar, behalten wir uns vor, den Vertrag nicht zu erf\u00fcllen.<\/p><p>Der Autor \u00fcbernimmt keinerlei Gew\u00e4hr f\u00fcr die Aktualit\u00e4t, Korrektheit, Vollst\u00e4ndigkeit oder Qualit\u00e4t der bereitgestellten Informationen. Haftungsanspr\u00fcche gegen den Autor, welche sich auf Sch\u00e4den materieller oder ideeller Art beziehen, die durch die Nutzung oder Nichtnutzung der dargebotenen Informationen bzw. durch die Nutzung fehlerhafter und unvollst\u00e4ndiger Informationen verursacht wurden, sind grunds\u00e4tzlich ausgeschlossen, sofern seitens des Autors kein nachweislich vors\u00e4tzliches oder grob fahrl\u00e4ssiges Verschulden vorliegt. Alle Angebote sind freibleibend und unverbindlich. Der Autor beh\u00e4lt es sich ausdr\u00fccklich vor, Teile der Seiten oder das gesamte Angebot ohne gesonderte Ank\u00fcndigung zu ver\u00e4ndern, zu erg\u00e4nzen, zu l\u00f6schen oder die Ver\u00f6ffentlichung zeitweise oder endg\u00fcltig einzustellen.<\/p><p><strong><em data-redactor-tag=\"em\">3. Lieferung und Zahlung<\/em><\/strong><br \/>Der Verkauf an die Kunden erfolgt grunds\u00e4tzlich gegen Rechnung. Die Firma Swisspowertube AG beh\u00e4lt sich das Recht vor, dies jederzeit an Ihre Bed\u00fcrfnisse anzupassen.(z. B. Vorauszahlung)<\/p><p>Die Versandkosten werden vom Online Shop automatisch berechnet. Alle K\u00e4ufer erhalten zur Best\u00e4tigung ihrer Bestellung eine eMail-Nachricht. Wenn diese nicht innerhalb eines Tages eintrifft, bitte per eMail eine Anfrage an\u00a0<a href=\"mailto:info@swisspowertube.ch\">info@swisspowertube.ch<\/a><\/p><p>Der Online-Shop rechnet in CHF. Als Basisw\u00e4hrung dient CHF. Die Preise sind inkl. MwSt. exkl. Versand<\/p><p>Auf die Versandpreise haben wir keinen Einfluss, diese werden durch die Schweizerische Post bestimmt.<\/p><p><strong><em data-redactor-tag=\"em\">4. Lieferzeiten<\/em><\/strong><br \/>Ware, welche am Lager ist, kommt im Regelfall innerhalb von 2 Werktagen nach Bestellungseingang zum Versand. Falls die Nichteinhaltung einer Liefer- oder Leistungsfrist auf h\u00f6here Gewalt, unvorhersehbare Hindernisse oder sonstige von uns nicht zu vertretende Umst\u00e4nde zur\u00fcckzuf\u00fchren ist, wird die Frist angemessen verl\u00e4ngert. Die Benachrichtigung erfolgt per Mail. Schadensersatzanspr\u00fcche wegen Verzug oder Unm\u00f6glichkeit bzw. Nichterf\u00fcllung sind ausgeschlossen.<\/p><p><strong><em data-redactor-tag=\"em\">5. R\u00fcckgaberecht<\/em><\/strong><br \/>Auf alle Artikel, preisreduzierten Waren und anl\u00e4sslich von Sonderverkaufsaktionen angebotenen Artikeln besteht kein R\u00fcckgabe- oder Umtauschanspruch. F\u00fcr alle anderen Produkte m\u00fcssen Sie uns vor der R\u00fccksendung kontaktieren, ob dies m\u00f6glich ist. Falls ja, werden R\u00fccksendung von uns nur angenommen, wenn sie in tadellosem Zustand ist und ausreichend frankiert wurde.<\/p><p><strong><em data-redactor-tag=\"em\">6. Gefahr\u00fcbergang<\/em><\/strong><br \/>Die Gefahr geht mit Absendung der Ware durch Swisspowertube AG auf den K\u00e4ufer \u00fcber.<\/p><p><strong><em data-redactor-tag=\"em\">7. Garantie<\/em><\/strong><br \/>Swisspowertube AG gew\u00e4hrleistet, dass die verkaufte Ware zum Zeitpunkt des Gefahr\u00fcberganges frei von Material- und Fabrikationsfehlern ist und die vertraglich zugesicherten Eigenschaften hat.<\/p><p><strong><em data-redactor-tag=\"em\">8. Eigentumsvorbehalt<\/em><\/strong><br \/>Bis zur vollst\u00e4ndigen Bezahlung bleibt die Ware Eigentum von Swisspowertube AG.<\/p><p><strong><em data-redactor-tag=\"em\">9. Gerichtsstand<\/em><\/strong><br \/>Erf\u00fcllungsort und Gerichtsstand ist der Sitz der Firma Swisspowertube AG. Es gilt ausschliesslich das schweizerische Recht.<\/p><div><h3>Alternative Streitbeilegung gem\u00e4\u00df Art. 14 Abs. 1 ODR-VO und \u00a7 36 VSBG:<\/h3><p>Die Europ\u00e4ische Kommission stellt eine Plattform zur Online-Streitbeilegung (OS) bereit, die Sie unter zu finden. Zur Teilnahme an einem Streitbeilegungsverfahren vor einer Verbraucherschlichtungsstelle sind wir nicht verpflichtet und nicht bereit.<\/p><\/div><div id=\"kpm-root\" class=\"kpm_LTR\">\u00a0<\/div><\/div><nav class=\"pagenavigation\" aria-label=\"Seitennavigation\"><\/nav><\/div><\/div><\/div><div id=\"ac-5hhc89qmq\" class=\"astroid-column col-lg-3\"><div id=\"nmp-d16orinwr\" class=\"astroid-module-position textcolorwhite\"><div class=\"moduletable\">\u00a0<\/div><\/div><\/div><\/div><\/div>\t\t\t\t\t\t\t\t<\/div>\n\t\t\t\t<\/div>\n\t\t\t\t\t<\/div>\n\t\t\t\t<\/div>\n\t\t\t\t<\/div>","protected":false},"excerpt":{"rendered":"<p>1. Allgemeines Nachstehende \u201aAllgemeine Gesch\u00e4ftsbedingungen\u2018 gelten ausschliesslich f\u00fcr Bestellungen per Internet. Die Swisspowertube ist jederzeit berechtigt, diese Allgemeinen Gesch\u00e4ftsbedingungen und die Lieferbedingungen einschliesslich aller eventuellen Anlagen zu \u00e4ndern oder zu erg\u00e4nzen. Entsprechende Mitteilungen sind auf der swisspowertube.ch vermerkt. 2. AngebotUnsere Angebote sind unverbindlich. Kleine Abweichungen gegen\u00fcber unseren Abbildungen oder Beschreibungen sind m\u00f6glich. Ist ein Angebot [&hellip;]<\/p>\n","protected":false},"author":1,"featured_media":0,"parent":0,"menu_order":0,"comment_status":"closed","ping_status":"closed","template":"","meta":{"inline_featured_image":false,"site-sidebar-layout":"default","site-content-layout":"","ast-site-content-layout":"default","site-content-style":"default","site-sidebar-style":"default","ast-global-header-display":"","ast-banner-title-visibility":"","ast-main-header-display":"","ast-hfb-above-header-display":"","ast-hfb-below-header-display":"","ast-hfb-mobile-header-display":"","site-post-title":"","ast-breadcrumbs-content":"","ast-featured-img":"","footer-sml-layout":"","ast-disable-related-posts":"","theme-transparent-header-meta":"","adv-header-id-meta":"","stick-header-meta":"","header-above-stick-meta":"","header-main-stick-meta":"","header-below-stick-meta":"","astra-migrate-meta-layouts":"set","ast-page-background-enabled":"default","ast-page-background-meta":{"desktop":{"background-color":"","background-image":"","background-repeat":"repeat","background-position":"center center","background-size":"auto","background-attachment":"scroll","background-type":"","background-media":"","overlay-type":"","overlay-color":"","overlay-opacity":"","overlay-gradient":""},"tablet":{"background-color":"","background-image":"","background-repeat":"repeat","background-position":"center center","background-size":"auto","background-attachment":"scroll","background-type":"","background-media":"","overlay-type":"","overlay-color":"","overlay-opacity":"","overlay-gradient":""},"mobile":{"background-color":"","background-image":"","background-repeat":"repeat","background-position":"center center","background-size":"auto","background-attachment":"scroll","background-type":"","background-media":"","overlay-type":"","overlay-color":"","overlay-opacity":"","overlay-gradient":""}},"ast-content-background-meta":{"desktop":{"background-color":"var(--ast-global-color-5)","background-image":"","background-repeat":"repeat","background-position":"center center","background-size":"auto","background-attachment":"scroll","background-type":"","background-media":"","overlay-type":"","overlay-color":"","overlay-opacity":"","overlay-gradient":""},"tablet":{"background-color":"var(--ast-global-color-5)","background-image":"","background-repeat":"repeat","background-position":"center center","background-size":"auto","background-attachment":"scroll","background-type":"","background-media":"","overlay-type":"","overlay-color":"","overlay-opacity":"","overlay-gradient":""},"mobile":{"background-color":"var(--ast-global-color-5)","background-image":"","background-repeat":"repeat","background-position":"center center","background-size":"auto","background-attachment":"scroll","background-type":"","background-media":"","overlay-type":"","overlay-color":"","overlay-opacity":"","overlay-gradient":""}},"footnotes":""},"class_list":["post-6834","page","type-page","status-publish","hentry"],"_links":{"self":[{"href":"https:\/\/shop.swisspowertube.ch\/fr\/wp-json\/wp\/v2\/pages\/6834","targetHints":{"allow":["GET"]}}],"collection":[{"href":"https:\/\/shop.swisspowertube.ch\/fr\/wp-json\/wp\/v2\/pages"}],"about":[{"href":"https:\/\/shop.swisspowertube.ch\/fr\/wp-json\/wp\/v2\/types\/page"}],"author":[{"embeddable":true,"href":"https:\/\/shop.swisspowertube.ch\/fr\/wp-json\/wp\/v2\/users\/1"}],"replies":[{"embeddable":true,"href":"https:\/\/shop.swisspowertube.ch\/fr\/wp-json\/wp\/v2\/comments?post=6834"}],"version-history":[{"count":0,"href":"https:\/\/shop.swisspowertube.ch\/fr\/wp-json\/wp\/v2\/pages\/6834\/revisions"}],"wp:attachment":[{"href":"https:\/\/shop.swisspowertube.ch\/fr\/wp-json\/wp\/v2\/media?parent=6834"}],"curies":[{"name":"wp","href":"https:\/\/api.w.org\/{rel}","templated":true}]}}