{"id":5736,"date":"2023-07-14T08:59:39","date_gmt":"2023-07-14T08:59:39","guid":{"rendered":"https:\/\/cms-webdesign.ch\/swisspowertube\/?product=sojall-pro-life-k-150-ml"},"modified":"2025-01-15T13:56:36","modified_gmt":"2025-01-15T12:56:36","slug":"sojall-pro-life-k-150-ml","status":"publish","type":"product","link":"https:\/\/shop.swisspowertube.ch\/es\/producto\/sojall-pro-life-k-150-ml\/","title":{"rendered":"SOJALL Pro Life K 150 ml"},"content":{"rendered":"<p>SOJALL Pro Life K<\/p>\n<ul>\n<li>reinigt, pflegt und sch\u00fctzt Haut (f\u00fcr Gelenkschmerzen und Hautreizungen geeignet)<\/li>\n<li>unterst\u00fctzt die nat\u00fcrliche Regulierung des Milieus auf der Haut<\/li>\n<li>f\u00fcr gesunde Haut und Schleimhaut,<\/li>\n<li>tr\u00e4gt auch <strong>zur wohltuenden Entspannung des K\u00f6rpers<\/strong> bei<\/li>\n<li>mit Magnesium Calcium, Natrium, Natron und Chlorid<\/li>\n<li>vielseitige Einsatzm\u00f6glichkeiten<\/li>\n<li>ohne Alkohol<sup>*<\/sup><\/li>\n<li>vegan<\/li>\n<\/ul>\n<p>die einen <strong>Schutzwall gegen Au\u00dfeneinfl\u00fcsse<\/strong> bildet<\/p>\n<p>&nbsp;<\/p>\n<p>Anwendung:<\/p>\n<p>Mehrmals t\u00e4glich <u>auf<\/u> die pflegebed\u00fcrftige Haut von K\u00f6rperstellen spr\u00fchen.<\/p>\n<p>&nbsp;<\/p>\n<p>Inhaltsstoffe: Wasser, Sodium Chlorid<\/p>","protected":false},"excerpt":{"rendered":"<p>SOJALL Pro Life K reinigt, pflegt und sch\u00fctzt Haut (f\u00fcr Gelenkschmerzen und Hautreizungen geeignet) unterst\u00fctzt die nat\u00fcrliche Regulierung des Milieus auf der Haut f\u00fcr gesunde Haut und Schleimhaut, tr\u00e4gt auch zur wohltuenden Entspannung des K\u00f6rpers bei mit Magnesium Calcium, Natrium, Natron und Chlorid vielseitige Einsatzm\u00f6glichkeiten ohne Alkohol* vegan die einen Schutzwall gegen Au\u00dfeneinfl\u00fcsse bildet &nbsp; [&hellip;]<\/p>\n","protected":false},"featured_media":5737,"template":"","meta":{"inline_featured_image":false,"site-sidebar-layout":"default","site-content-layout":"","ast-site-content-layout":"default","site-content-style":"default","site-sidebar-style":"default","ast-global-header-display":"","ast-banner-title-visibility":"","ast-main-header-display":"","ast-hfb-above-header-display":"","ast-hfb-below-header-display":"","ast-hfb-mobile-header-display":"","site-post-title":"","ast-breadcrumbs-content":"","ast-featured-img":"","footer-sml-layout":"","ast-disable-related-posts":"","theme-transparent-header-meta":"default","adv-header-id-meta":"","stick-header-meta":"default","header-above-stick-meta":"","header-main-stick-meta":"","header-below-stick-meta":"","astra-migrate-meta-layouts":"set","ast-page-background-enabled":"default","ast-page-background-meta":{"desktop":{"background-color":"","background-image":"","background-repeat":"repeat","background-position":"center center","background-size":"auto","background-attachment":"scroll","background-type":"","background-media":"","overlay-type":"","overlay-color":"","overlay-opacity":"","overlay-gradient":""},"tablet":{"background-color":"","background-image":"","background-repeat":"repeat","background-position":"center center","background-size":"auto","background-attachment":"scroll","background-type":"","background-media":"","overlay-type":"","overlay-color":"","overlay-opacity":"","overlay-gradient":""},"mobile":{"background-color":"","background-image":"","background-repeat":"repeat","background-position":"center center","background-size":"auto","background-attachment":"scroll","background-type":"","background-media":"","overlay-type":"","overlay-color":"","overlay-opacity":"","overlay-gradient":""}},"ast-content-background-meta":{"desktop":{"background-color":"var(--ast-global-color-5)","background-image":"","background-repeat":"repeat","background-position":"center center","background-size":"auto","background-attachment":"scroll","background-type":"","background-media":"","overlay-type":"","overlay-color":"","overlay-opacity":"","overlay-gradient":""},"tablet":{"background-color":"var(--ast-global-color-5)","background-image":"","background-repeat":"repeat","background-position":"center center","background-size":"auto","background-attachment":"scroll","background-type":"","background-media":"","overlay-type":"","overlay-color":"","overlay-opacity":"","overlay-gradient":""},"mobile":{"background-color":"var(--ast-global-color-5)","background-image":"","background-repeat":"repeat","background-position":"center center","background-size":"auto","background-attachment":"scroll","background-type":"","background-media":"","overlay-type":"","overlay-color":"","overlay-opacity":"","overlay-gradient":""}}},"product_brand":[],"product_cat":[62],"product_tag":[],"class_list":{"0":"post-5736","1":"product","2":"type-product","3":"status-publish","4":"has-post-thumbnail","6":"product_cat-sojall-produkte","7":"desktop-align-center","8":"tablet-align-center","9":"mobile-align-center","10":"ast-product-gallery-layout-horizontal","11":"ast-product-gallery-with-no-image","12":"ast-product-tabs-layout-horizontal","14":"first","15":"instock","16":"taxable","17":"shipping-taxable","18":"purchasable","19":"product-type-simple"},"_links":{"self":[{"href":"https:\/\/shop.swisspowertube.ch\/es\/wp-json\/wp\/v2\/product\/5736","targetHints":{"allow":["GET"]}}],"collection":[{"href":"https:\/\/shop.swisspowertube.ch\/es\/wp-json\/wp\/v2\/product"}],"about":[{"href":"https:\/\/shop.swisspowertube.ch\/es\/wp-json\/wp\/v2\/types\/product"}],"wp:featuredmedia":[{"embeddable":true,"href":"https:\/\/shop.swisspowertube.ch\/es\/wp-json\/wp\/v2\/media\/5737"}],"wp:attachment":[{"href":"https:\/\/shop.swisspowertube.ch\/es\/wp-json\/wp\/v2\/media?parent=5736"}],"wp:term":[{"taxonomy":"product_brand","embeddable":true,"href":"https:\/\/shop.swisspowertube.ch\/es\/wp-json\/wp\/v2\/product_brand?post=5736"},{"taxonomy":"product_cat","embeddable":true,"href":"https:\/\/shop.swisspowertube.ch\/es\/wp-json\/wp\/v2\/product_cat?post=5736"},{"taxonomy":"product_tag","embeddable":true,"href":"https:\/\/shop.swisspowertube.ch\/es\/wp-json\/wp\/v2\/product_tag?post=5736"}],"curies":[{"name":"wp","href":"https:\/\/api.w.org\/{rel}","templated":true}]}}