{"id":5721,"date":"2022-08-25T09:35:36","date_gmt":"2022-08-25T09:35:36","guid":{"rendered":"https:\/\/cms-webdesign.ch\/swisspowertube\/?product=sojall-vegi-mix-250-g"},"modified":"2025-01-15T15:58:27","modified_gmt":"2025-01-15T14:58:27","slug":"sojall-vegi-mix-250-g","status":"publish","type":"product","link":"https:\/\/shop.swisspowertube.ch\/es\/producto\/sojall-vegi-mix-250-g\/","title":{"rendered":"SOJALL Vegi Mix 250 g"},"content":{"rendered":"<p>Sojall Vegi Mix<\/p>\n<ul>\n<li>Keimlingsmix<\/li>\n<li>Vollkornreis, Mais, Buchweizen, Hirse, Erbsen, Linsen, Leinsamen,<br \/>\nAlafalfa, Rotklee gekeimt<\/li>\n<li>reich an Mikron\u00e4hrstoffen<\/li>\n<li>wertvolle Ballaststoffquelle<\/li>\n<li>hoher Gehalt an nat\u00fcrlichem Vitamin B12*<\/li>\n<li>2 Teel\u00f6ffel decken beinahe den Tagesbedarf an Vitamin B12<\/li>\n<li>Ideal f\u00fcr Veganer<\/li>\n<li>Rohkost-Qualit\u00e4t<\/li>\n<\/ul>\n<p>&nbsp;<\/p>\n<p>SOJALL\u00ae Vegi Mix ist mit der einzigartigen Vielfalt an neun wertvollen Keimlingen, der Quelle an Ballaststoffen und nat\u00fcrlichem Vitamin B12 ein wertvolles Bio-Lebensmittel in Rohkost-Qualit\u00e4t zur Unterst\u00fctzung des Wohlbefindens und der Leistungsf\u00e4higkeit von Jung und Alt. F\u00fcr Vegetarier und Veganer ist SOJALL\u00ae Vegi Mix speziell wegen des hohen Vitamin-B12-Gehalts empfehlenswert. Es unterst\u00fctzt das Wohlbefinden und die Leistungsf\u00e4higkeit von Jung und Alt und ist zum Verzehr in allen Lebenslagen geeignet. Alle Zutaten in SOJALL Vegi Mix werden nach dem speziellen <a href=\"https:\/\/sojall-naturen.at\/itaque-ipsum-consequatur-soluta\/\" target=\"_blank\" rel=\"noreferrer noopener\">SOJALL KEIMO-FOOD\u00ae-Verfahren<\/a> gekeimt bzw. enzymatisch aufgeschlossen. Das nat\u00fcrliche, enzymschonende Keimverfahren (unter 40 \u00b0C) tr\u00e4gt dazu bei, dass Mikron\u00e4hrstoffe (Vitamine) sich vermehren bzw. erhalten bleiben und vom K\u00f6rper gut aufgenommen werden k\u00f6nnen. G\u00fcnstig ist auch die geringe Verzehrmenge. Bereits zwei Teel\u00f6ffel (8 g) SOJALL Vegi Mix t\u00e4glich reichen aus, um ca. 85 % des Tagesbedarfs an Vitamin B12 zu decken, sodass die zahlreichen positiven Wirkungen dieses wichtigen Vitamins eintreten. Der K\u00f6rper ben\u00f6tigt f\u00fcr die Grundfunktionen der Lebenserhaltung u. a. Energie, die er aus der t\u00e4glichen Nahrung gewinnt. Das Vitamin B12 in SOJALL Vegi Mix unterst\u00fctzt den normalen Energiestoffwechsel und die normale Funktion des Immunsystems, damit die Abwehrkr\u00e4fte erhalten und wir gesund bleiben. Zus\u00e4tzlich hat Vitamin B12 eine Funktion bei der <strong>Zellteilung<\/strong>. Ein weiterer Vorteil von Vitamin B12 ist, dass es zur Verringerung von M\u00fcdigkeit und Erm\u00fcdung sowie zur normalen <strong>Bildung roter Blutk\u00f6rperchen<\/strong> bzw. zu einem geregelten <strong>Homocystein-Stoffwechsel<\/strong> beitr\u00e4gt und somit die Leistungsf\u00e4higkeit unterst\u00fctzt. Stresssituationen in Schule, Beruf und Alltag fordern uns t\u00e4glich. SOJALL Vegi Mix enth\u00e4lt von Natur aus Vitamin B12, das zu einer normalen Funktion des Nervensystems sowie der psychischen Funktion beitr\u00e4gt.<\/p>\n<h3>WEITERE VORTEILE<\/h3>\n<p>Rohkostqualit\u00e4t<br \/>\nKleine Verzehrmengen<br \/>\nGute Bioverf\u00fcgbarkeit<br \/>\nMilder Geschmack<br \/>\nVegan<br \/>\nLaktosefrei<\/p>\n<h3>Zutaten<\/h3>\n<p>Vollkornreis Buchweizen, Mais, Hirse, Erbse, Linse, Leinsamen, Alfalfa, Rotklee<\/p>\n<p>&nbsp;<\/p>","protected":false},"excerpt":{"rendered":"<p>Sojall Vegi Mix Keimlingsmix Vollkornreis, Mais, Buchweizen, Hirse, Erbsen, Linsen, Leinsamen, Alafalfa, Rotklee gekeimt reich an Mikron\u00e4hrstoffen wertvolle Ballaststoffquelle hoher Gehalt an nat\u00fcrlichem Vitamin B12* 2 Teel\u00f6ffel decken beinahe den Tagesbedarf an Vitamin B12 Ideal f\u00fcr Veganer Rohkost-Qualit\u00e4t &nbsp; SOJALL\u00ae Vegi Mix ist mit der einzigartigen Vielfalt an neun wertvollen Keimlingen, der Quelle an Ballaststoffen [&hellip;]<\/p>\n","protected":false},"featured_media":5722,"template":"","meta":{"inline_featured_image":false,"site-sidebar-layout":"default","site-content-layout":"","ast-site-content-layout":"default","site-content-style":"default","site-sidebar-style":"default","ast-global-header-display":"","ast-banner-title-visibility":"","ast-main-header-display":"","ast-hfb-above-header-display":"","ast-hfb-below-header-display":"","ast-hfb-mobile-header-display":"","site-post-title":"","ast-breadcrumbs-content":"","ast-featured-img":"","footer-sml-layout":"","ast-disable-related-posts":"","theme-transparent-header-meta":"default","adv-header-id-meta":"","stick-header-meta":"default","header-above-stick-meta":"","header-main-stick-meta":"","header-below-stick-meta":"","astra-migrate-meta-layouts":"set","ast-page-background-enabled":"default","ast-page-background-meta":{"desktop":{"background-color":"","background-image":"","background-repeat":"repeat","background-position":"center center","background-size":"auto","background-attachment":"scroll","background-type":"","background-media":"","overlay-type":"","overlay-color":"","overlay-opacity":"","overlay-gradient":""},"tablet":{"background-color":"","background-image":"","background-repeat":"repeat","background-position":"center center","background-size":"auto","background-attachment":"scroll","background-type":"","background-media":"","overlay-type":"","overlay-color":"","overlay-opacity":"","overlay-gradient":""},"mobile":{"background-color":"","background-image":"","background-repeat":"repeat","background-position":"center center","background-size":"auto","background-attachment":"scroll","background-type":"","background-media":"","overlay-type":"","overlay-color":"","overlay-opacity":"","overlay-gradient":""}},"ast-content-background-meta":{"desktop":{"background-color":"var(--ast-global-color-5)","background-image":"","background-repeat":"repeat","background-position":"center center","background-size":"auto","background-attachment":"scroll","background-type":"","background-media":"","overlay-type":"","overlay-color":"","overlay-opacity":"","overlay-gradient":""},"tablet":{"background-color":"var(--ast-global-color-5)","background-image":"","background-repeat":"repeat","background-position":"center center","background-size":"auto","background-attachment":"scroll","background-type":"","background-media":"","overlay-type":"","overlay-color":"","overlay-opacity":"","overlay-gradient":""},"mobile":{"background-color":"var(--ast-global-color-5)","background-image":"","background-repeat":"repeat","background-position":"center center","background-size":"auto","background-attachment":"scroll","background-type":"","background-media":"","overlay-type":"","overlay-color":"","overlay-opacity":"","overlay-gradient":""}}},"product_brand":[],"product_cat":[62],"product_tag":[],"class_list":{"0":"post-5721","1":"product","2":"type-product","3":"status-publish","4":"has-post-thumbnail","6":"product_cat-sojall-produkte","7":"desktop-align-center","8":"tablet-align-center","9":"mobile-align-center","10":"ast-product-gallery-layout-horizontal","11":"ast-product-gallery-with-no-image","12":"ast-product-tabs-layout-horizontal","14":"first","15":"instock","16":"taxable","17":"shipping-taxable","18":"purchasable","19":"product-type-simple"},"_links":{"self":[{"href":"https:\/\/shop.swisspowertube.ch\/es\/wp-json\/wp\/v2\/product\/5721","targetHints":{"allow":["GET"]}}],"collection":[{"href":"https:\/\/shop.swisspowertube.ch\/es\/wp-json\/wp\/v2\/product"}],"about":[{"href":"https:\/\/shop.swisspowertube.ch\/es\/wp-json\/wp\/v2\/types\/product"}],"wp:featuredmedia":[{"embeddable":true,"href":"https:\/\/shop.swisspowertube.ch\/es\/wp-json\/wp\/v2\/media\/5722"}],"wp:attachment":[{"href":"https:\/\/shop.swisspowertube.ch\/es\/wp-json\/wp\/v2\/media?parent=5721"}],"wp:term":[{"taxonomy":"product_brand","embeddable":true,"href":"https:\/\/shop.swisspowertube.ch\/es\/wp-json\/wp\/v2\/product_brand?post=5721"},{"taxonomy":"product_cat","embeddable":true,"href":"https:\/\/shop.swisspowertube.ch\/es\/wp-json\/wp\/v2\/product_cat?post=5721"},{"taxonomy":"product_tag","embeddable":true,"href":"https:\/\/shop.swisspowertube.ch\/es\/wp-json\/wp\/v2\/product_tag?post=5721"}],"curies":[{"name":"wp","href":"https:\/\/api.w.org\/{rel}","templated":true}]}}