{"id":5715,"date":"2022-08-23T13:26:09","date_gmt":"2022-08-23T13:26:09","guid":{"rendered":"https:\/\/cms-webdesign.ch\/swisspowertube\/?product=sojall-figural-300-g"},"modified":"2025-07-08T16:21:48","modified_gmt":"2025-07-08T14:21:48","slug":"sojall-figural-300-g","status":"publish","type":"product","link":"https:\/\/shop.swisspowertube.ch\/es\/producto\/sojall-figural-300-g\/","title":{"rendered":"SOJALL Figural 300 g"},"content":{"rendered":"<ul>\n<li>Bio-Abnehmdrink f\u00fcr Gesundheitsbewusste mit Glucomannan<\/li>\n<li>f\u00fcr einen attraktiven schlanken K\u00f6rper<\/li>\n<li>reich an hochwertigen pflanzlichen Proteinen (rund 40 %)<br \/>\nf\u00fcr die Zunahme und den Erhalt von Muskelmasse<\/li>\n<li>wertvoller nat\u00fcrlicher Vitamin-B-Komplex<\/li>\n<li>mit Biotin f\u00fcr nat\u00fcrlich sch\u00f6ne Haut und Haare<\/li>\n<li>hoher Gehalt an nat\u00fcrlichem Vitamin C<\/li>\n<li>reich an nat\u00fcrlichem Kalium<\/li>\n<li>mit essenziellen Aminos\u00e4uren<\/li>\n<li>ohne Jo-Jo-Effekt, Muskelfunktion, Energie-Stoffwechsel, Geistige Leistung, Immunsystem, Verringerung von M\u00fcdigkeit<\/li>\n<\/ul>\n<div>\n<div>\n<p><strong>Weitere Vorteile:<\/strong><\/p>\n<p>&nbsp;<\/p>\n<ul>\n<li>Proteingehalt rund 40 %<\/li>\n<li>neutral im Geschmack<\/li>\n<li>ohne S\u00fc\u00dfungsmittel, k\u00fcnstliche Aromen bzw. Zusatzstoffe<\/li>\n<li>100 % biologisch und gentechnikfrei<\/li>\n<li>laktosefrei<\/li>\n<li>vegan<\/li>\n<\/ul>\n<p><strong>\u00a0<\/strong><\/p>\n<p><strong>ZUTATEN:<\/strong><\/p>\n<\/div>\n<\/div>\n<div>\n<div>\n<p>Soja, Buchweizen, Topinambur und Acerola<\/p>\n<p>&nbsp;<\/p>\n<p>&nbsp;<\/p>\n<\/div>\n<\/div>","protected":false},"excerpt":{"rendered":"<p>Bio-Abnehmdrink f\u00fcr Gesundheitsbewusste mit Glucomannan f\u00fcr einen attraktiven schlanken K\u00f6rper reich an hochwertigen pflanzlichen Proteinen (rund 40 %) f\u00fcr die Zunahme und den Erhalt von Muskelmasse wertvoller nat\u00fcrlicher Vitamin-B-Komplex mit Biotin f\u00fcr nat\u00fcrlich sch\u00f6ne Haut und Haare hoher Gehalt an nat\u00fcrlichem Vitamin C reich an nat\u00fcrlichem Kalium mit essenziellen Aminos\u00e4uren ohne Jo-Jo-Effekt, Muskelfunktion, Energie-Stoffwechsel, Geistige [&hellip;]<\/p>\n","protected":false},"featured_media":6933,"template":"","meta":{"inline_featured_image":false,"site-sidebar-layout":"default","site-content-layout":"","ast-site-content-layout":"default","site-content-style":"default","site-sidebar-style":"default","ast-global-header-display":"","ast-banner-title-visibility":"","ast-main-header-display":"","ast-hfb-above-header-display":"","ast-hfb-below-header-display":"","ast-hfb-mobile-header-display":"","site-post-title":"","ast-breadcrumbs-content":"","ast-featured-img":"","footer-sml-layout":"","ast-disable-related-posts":"","theme-transparent-header-meta":"default","adv-header-id-meta":"","stick-header-meta":"default","header-above-stick-meta":"","header-main-stick-meta":"","header-below-stick-meta":"","astra-migrate-meta-layouts":"set","ast-page-background-enabled":"default","ast-page-background-meta":{"desktop":{"background-color":"","background-image":"","background-repeat":"repeat","background-position":"center center","background-size":"auto","background-attachment":"scroll","background-type":"","background-media":"","overlay-type":"","overlay-color":"","overlay-opacity":"","overlay-gradient":""},"tablet":{"background-color":"","background-image":"","background-repeat":"repeat","background-position":"center center","background-size":"auto","background-attachment":"scroll","background-type":"","background-media":"","overlay-type":"","overlay-color":"","overlay-opacity":"","overlay-gradient":""},"mobile":{"background-color":"","background-image":"","background-repeat":"repeat","background-position":"center center","background-size":"auto","background-attachment":"scroll","background-type":"","background-media":"","overlay-type":"","overlay-color":"","overlay-opacity":"","overlay-gradient":""}},"ast-content-background-meta":{"desktop":{"background-color":"var(--ast-global-color-5)","background-image":"","background-repeat":"repeat","background-position":"center center","background-size":"auto","background-attachment":"scroll","background-type":"","background-media":"","overlay-type":"","overlay-color":"","overlay-opacity":"","overlay-gradient":""},"tablet":{"background-color":"var(--ast-global-color-5)","background-image":"","background-repeat":"repeat","background-position":"center center","background-size":"auto","background-attachment":"scroll","background-type":"","background-media":"","overlay-type":"","overlay-color":"","overlay-opacity":"","overlay-gradient":""},"mobile":{"background-color":"var(--ast-global-color-5)","background-image":"","background-repeat":"repeat","background-position":"center center","background-size":"auto","background-attachment":"scroll","background-type":"","background-media":"","overlay-type":"","overlay-color":"","overlay-opacity":"","overlay-gradient":""}}},"product_brand":[],"product_cat":[62],"product_tag":[],"class_list":{"0":"post-5715","1":"product","2":"type-product","3":"status-publish","4":"has-post-thumbnail","6":"product_cat-sojall-produkte","7":"desktop-align-center","8":"tablet-align-center","9":"mobile-align-center","10":"ast-product-gallery-layout-horizontal","11":"ast-product-gallery-with-no-image","12":"ast-product-tabs-layout-horizontal","14":"first","15":"instock","16":"taxable","17":"shipping-taxable","18":"purchasable","19":"product-type-simple"},"_links":{"self":[{"href":"https:\/\/shop.swisspowertube.ch\/es\/wp-json\/wp\/v2\/product\/5715","targetHints":{"allow":["GET"]}}],"collection":[{"href":"https:\/\/shop.swisspowertube.ch\/es\/wp-json\/wp\/v2\/product"}],"about":[{"href":"https:\/\/shop.swisspowertube.ch\/es\/wp-json\/wp\/v2\/types\/product"}],"wp:featuredmedia":[{"embeddable":true,"href":"https:\/\/shop.swisspowertube.ch\/es\/wp-json\/wp\/v2\/media\/6933"}],"wp:attachment":[{"href":"https:\/\/shop.swisspowertube.ch\/es\/wp-json\/wp\/v2\/media?parent=5715"}],"wp:term":[{"taxonomy":"product_brand","embeddable":true,"href":"https:\/\/shop.swisspowertube.ch\/es\/wp-json\/wp\/v2\/product_brand?post=5715"},{"taxonomy":"product_cat","embeddable":true,"href":"https:\/\/shop.swisspowertube.ch\/es\/wp-json\/wp\/v2\/product_cat?post=5715"},{"taxonomy":"product_tag","embeddable":true,"href":"https:\/\/shop.swisspowertube.ch\/es\/wp-json\/wp\/v2\/product_tag?post=5715"}],"curies":[{"name":"wp","href":"https:\/\/api.w.org\/{rel}","templated":true}]}}