{"id":5713,"date":"2022-08-23T08:59:31","date_gmt":"2022-08-23T08:59:31","guid":{"rendered":"https:\/\/cms-webdesign.ch\/swisspowertube\/?product=sojall-makal-150-g"},"modified":"2025-01-28T14:40:38","modified_gmt":"2025-01-28T13:40:38","slug":"sojall-makal-150-g","status":"publish","type":"product","link":"https:\/\/shop.swisspowertube.ch\/es\/producto\/sojall-makal-150-g\/","title":{"rendered":"SOJALL Makal 150 g"},"content":{"rendered":"<p>Der K\u00f6rper braucht besonders in Zeiten k\u00f6rperlicher und geistiger<br \/>\nBelastung zur Erhaltung seiner Leistungsf\u00e4higkeit ausreichend<br \/>\nN\u00e4hrstoffe. <strong>Sojall Makal<\/strong> liefert einen wertvollen Beitrag f\u00fcr eine gute Kalzium-, Magnesium und Zinkversorgung.<\/p>\n<p><strong>Magnesium <\/strong>tr\u00e4gt bei zu normaler(n) Knochen, Z\u00e4hnen,<br \/>\nMuskelfunktion, Funktion des Nervensystems, Energie-Stoffwechsel,<br \/>\nElektrolytgleichgewicht, zur Verringerung von M\u00fcdigkeit und Erm\u00fcdung.<\/p>\n<p><strong>Kalzium<\/strong> tr\u00e4gt u.a. bei zur normalen: Funktion von Verdauungsenzymen und der Zellteilung, Blutgerinnung.<\/p>\n<p><strong>Zink<\/strong> tr\u00e4gt bei zu normaler(n): Knochen, Haut,<br \/>\nHaaren, N\u00e4geln, Immunsystem, Schutz der Zelle vor oxidativem Stress,<br \/>\nFruchtbarkeit und Fortpflanzung, Testosteron-Spiegel, Kohlenhydrat- und<br \/>\nS\u00e4ure-Basen-Stoffwechsel, Eiweiss-Synthese, Stoffwechsel von<br \/>\nMakron\u00e4hrstoffen, Fetts\u00e4ure- und Vitamin-A-Stoffwechsel, Sehkraft.<\/p>\n<div>\n<div>\n<p><strong>ZUTATEN:<\/strong><\/p>\n<\/div>\n<\/div>\n<div>\n<div>\n<p>Dolomitpulver mit Magnesium, Kalzium und Zink<\/p>\n<div>\n<p><strong>Magnesium, Kalzium und Zink f\u00fcr:<\/strong><\/p>\n<ul>\n<li>Knochen, Haut<\/li>\n<li>Haare, N\u00e4gel<\/li>\n<li>Z\u00e4hne<\/li>\n<li>S\u00e4ure-Basen-Haushalt<\/li>\n<li>Abwehrkr\u00e4fte<\/li>\n<\/ul>\n<p><strong>Weitere Vorteile<\/strong><\/p>\n<ul>\n<li>Immunsystem<\/li>\n<li>Schutz der Zelle vor oxidativem Stress<\/li>\n<li>Fruchtbarkeit und Fortpflanzung<\/li>\n<li>Testosteronspiegel, Zellteilung<\/li>\n<li>Fetts\u00e4ure- und Kohlenhydratstoffwechsel<\/li>\n<li>Eiwei\u00dfsynthese<\/li>\n<li>Vitamin-A-Stoffwechse<\/li>\n<li>kognitiven Funktion<\/li>\n<li>Sehkraft<\/li>\n<\/ul>\n<\/div>\n<\/div>\n<\/div>","protected":false},"excerpt":{"rendered":"<p>Der K\u00f6rper braucht besonders in Zeiten k\u00f6rperlicher und geistiger Belastung zur Erhaltung seiner Leistungsf\u00e4higkeit ausreichend N\u00e4hrstoffe. Sojall Makal liefert einen wertvollen Beitrag f\u00fcr eine gute Kalzium-, Magnesium und Zinkversorgung. Magnesium tr\u00e4gt bei zu normaler(n) Knochen, Z\u00e4hnen, Muskelfunktion, Funktion des Nervensystems, Energie-Stoffwechsel, Elektrolytgleichgewicht, zur Verringerung von M\u00fcdigkeit und Erm\u00fcdung. Kalzium tr\u00e4gt u.a. bei zur normalen: Funktion [&hellip;]<\/p>\n","protected":false},"featured_media":5714,"template":"","meta":{"inline_featured_image":false,"site-sidebar-layout":"default","site-content-layout":"","ast-site-content-layout":"default","site-content-style":"default","site-sidebar-style":"default","ast-global-header-display":"","ast-banner-title-visibility":"","ast-main-header-display":"","ast-hfb-above-header-display":"","ast-hfb-below-header-display":"","ast-hfb-mobile-header-display":"","site-post-title":"","ast-breadcrumbs-content":"","ast-featured-img":"","footer-sml-layout":"","ast-disable-related-posts":"","theme-transparent-header-meta":"default","adv-header-id-meta":"","stick-header-meta":"default","header-above-stick-meta":"","header-main-stick-meta":"","header-below-stick-meta":"","astra-migrate-meta-layouts":"set","ast-page-background-enabled":"default","ast-page-background-meta":{"desktop":{"background-color":"","background-image":"","background-repeat":"repeat","background-position":"center center","background-size":"auto","background-attachment":"scroll","background-type":"","background-media":"","overlay-type":"","overlay-color":"","overlay-opacity":"","overlay-gradient":""},"tablet":{"background-color":"","background-image":"","background-repeat":"repeat","background-position":"center center","background-size":"auto","background-attachment":"scroll","background-type":"","background-media":"","overlay-type":"","overlay-color":"","overlay-opacity":"","overlay-gradient":""},"mobile":{"background-color":"","background-image":"","background-repeat":"repeat","background-position":"center center","background-size":"auto","background-attachment":"scroll","background-type":"","background-media":"","overlay-type":"","overlay-color":"","overlay-opacity":"","overlay-gradient":""}},"ast-content-background-meta":{"desktop":{"background-color":"var(--ast-global-color-5)","background-image":"","background-repeat":"repeat","background-position":"center center","background-size":"auto","background-attachment":"scroll","background-type":"","background-media":"","overlay-type":"","overlay-color":"","overlay-opacity":"","overlay-gradient":""},"tablet":{"background-color":"var(--ast-global-color-5)","background-image":"","background-repeat":"repeat","background-position":"center center","background-size":"auto","background-attachment":"scroll","background-type":"","background-media":"","overlay-type":"","overlay-color":"","overlay-opacity":"","overlay-gradient":""},"mobile":{"background-color":"var(--ast-global-color-5)","background-image":"","background-repeat":"repeat","background-position":"center center","background-size":"auto","background-attachment":"scroll","background-type":"","background-media":"","overlay-type":"","overlay-color":"","overlay-opacity":"","overlay-gradient":""}}},"product_brand":[],"product_cat":[62],"product_tag":[],"class_list":{"0":"post-5713","1":"product","2":"type-product","3":"status-publish","4":"has-post-thumbnail","6":"product_cat-sojall-produkte","7":"desktop-align-center","8":"tablet-align-center","9":"mobile-align-center","10":"ast-product-gallery-layout-horizontal","11":"ast-product-gallery-with-no-image","12":"ast-product-tabs-layout-horizontal","14":"first","15":"instock","16":"taxable","17":"shipping-taxable","18":"purchasable","19":"product-type-simple"},"_links":{"self":[{"href":"https:\/\/shop.swisspowertube.ch\/es\/wp-json\/wp\/v2\/product\/5713","targetHints":{"allow":["GET"]}}],"collection":[{"href":"https:\/\/shop.swisspowertube.ch\/es\/wp-json\/wp\/v2\/product"}],"about":[{"href":"https:\/\/shop.swisspowertube.ch\/es\/wp-json\/wp\/v2\/types\/product"}],"wp:featuredmedia":[{"embeddable":true,"href":"https:\/\/shop.swisspowertube.ch\/es\/wp-json\/wp\/v2\/media\/5714"}],"wp:attachment":[{"href":"https:\/\/shop.swisspowertube.ch\/es\/wp-json\/wp\/v2\/media?parent=5713"}],"wp:term":[{"taxonomy":"product_brand","embeddable":true,"href":"https:\/\/shop.swisspowertube.ch\/es\/wp-json\/wp\/v2\/product_brand?post=5713"},{"taxonomy":"product_cat","embeddable":true,"href":"https:\/\/shop.swisspowertube.ch\/es\/wp-json\/wp\/v2\/product_cat?post=5713"},{"taxonomy":"product_tag","embeddable":true,"href":"https:\/\/shop.swisspowertube.ch\/es\/wp-json\/wp\/v2\/product_tag?post=5713"}],"curies":[{"name":"wp","href":"https:\/\/api.w.org\/{rel}","templated":true}]}}