{"id":5632,"date":"2020-08-20T08:59:42","date_gmt":"2020-08-20T08:59:42","guid":{"rendered":"https:\/\/cms-webdesign.ch\/swisspowertube\/?product=sojall-darmil-240-g"},"modified":"2025-01-20T08:40:11","modified_gmt":"2025-01-20T07:40:11","slug":"sojall-darmil-240-g","status":"publish","type":"product","link":"https:\/\/shop.swisspowertube.ch\/es\/producto\/sojall-darmil-240-g\/","title":{"rendered":"SOJALL Darmil 240 g"},"content":{"rendered":"<p>SOJALL Darmil enth\u00e4lt eine ausgewogene Kombination der wertvollen<br \/>\nZutaten wie Erdmandel, Topinambur sowie Leinsamen, Buchweizen und<br \/>\nBraunhirse in Rohkost-Qualit\u00e4t, die durch das nat\u00fcrliche SOJALL KEIMO<br \/>\nFOOD\u00ae- bzw. SOJALL\u00ae FERMENTA-FOOD Verfahren (Milchs\u00e4ure-Fermentation)<br \/>\ngekeimt bzw. fermentiert werden. Dank dieser enzymschonenden<br \/>\nProduktveredelung (unter 40 \u00b0C) k\u00f6nnen sich Mikron\u00e4hrstoffe (Vitamine<br \/>\nvermehren und werden dem K\u00f6rper besser bioverf\u00fcgbar gemacht.<br \/>\nEmpfehlenswert f\u00fcr Kinder und Jugendliche, M\u00e4nner und Frauen jeden<br \/>\nAlters sowie Sportlerinnen und Sportler zur Unterst\u00fctzung des t\u00e4glichen<br \/>\nWohlbefindens.<\/p>\n<div>\n<div>\n<h4><strong>ZUTATEN<\/strong><\/h4>\n<\/div>\n<\/div>\n<div>\n<div>\n<p>Topinambur: Schmeckt angenehm s\u00fc\u00dflich und enth\u00e4lt den Ballaststoff<br \/>\nInolin, der im Darm nicht enzymatisch verdaut werden kann, sondern von<br \/>\nden Bifidobakterien der Darmflora verstoffwechselt wird bzw. ihnen<br \/>\nvorteilhafterweise als \u201eNahrung\u201c dient.<\/p>\n<p>Erdmandel:Enth\u00e4lt wertvolle Ballaststoffe, pflanzliche Proteine und ist wohlschmeckend.<\/p>\n<p>Leinsamen: Gelten wegen des Anteils an Omega-3-Fetts\u00e4uren als sehr wertvoll.<\/p>\n<p>Braunhirse: Basenbildende Getreidesorte, enth\u00e4lt Silizium (Kiesels\u00e4ure) und andere Mineralstoffe.<\/p>\n<div>\n<p><strong>Hoher Ballaststoffgehalt, nat\u00fcrliches Vitamin B12, Riboflavin und Biotin f\u00fcr<\/strong><\/p>\n<ul>\n<li>(Darm-) Schleimhaut<\/li>\n<li>Haut<\/li>\n<li>Funktion der Verdauungsenzyme<\/li>\n<li>Immunsystem<\/li>\n<\/ul>\n<\/div>\n<\/div>\n<\/div>","protected":false},"excerpt":{"rendered":"<p>SOJALL Darmil enth\u00e4lt eine ausgewogene Kombination der wertvollen Zutaten wie Erdmandel, Topinambur sowie Leinsamen, Buchweizen und Braunhirse in Rohkost-Qualit\u00e4t, die durch das nat\u00fcrliche SOJALL KEIMO FOOD\u00ae- bzw. SOJALL\u00ae FERMENTA-FOOD Verfahren (Milchs\u00e4ure-Fermentation) gekeimt bzw. fermentiert werden. Dank dieser enzymschonenden Produktveredelung (unter 40 \u00b0C) k\u00f6nnen sich Mikron\u00e4hrstoffe (Vitamine vermehren und werden dem K\u00f6rper besser bioverf\u00fcgbar gemacht. Empfehlenswert [&hellip;]<\/p>\n","protected":false},"featured_media":5633,"template":"","meta":{"inline_featured_image":false,"site-sidebar-layout":"default","site-content-layout":"","ast-site-content-layout":"default","site-content-style":"default","site-sidebar-style":"default","ast-global-header-display":"","ast-banner-title-visibility":"","ast-main-header-display":"","ast-hfb-above-header-display":"","ast-hfb-below-header-display":"","ast-hfb-mobile-header-display":"","site-post-title":"","ast-breadcrumbs-content":"","ast-featured-img":"","footer-sml-layout":"","ast-disable-related-posts":"","theme-transparent-header-meta":"default","adv-header-id-meta":"","stick-header-meta":"default","header-above-stick-meta":"","header-main-stick-meta":"","header-below-stick-meta":"","astra-migrate-meta-layouts":"set","ast-page-background-enabled":"default","ast-page-background-meta":{"desktop":{"background-color":"","background-image":"","background-repeat":"repeat","background-position":"center center","background-size":"auto","background-attachment":"scroll","background-type":"","background-media":"","overlay-type":"","overlay-color":"","overlay-opacity":"","overlay-gradient":""},"tablet":{"background-color":"","background-image":"","background-repeat":"repeat","background-position":"center center","background-size":"auto","background-attachment":"scroll","background-type":"","background-media":"","overlay-type":"","overlay-color":"","overlay-opacity":"","overlay-gradient":""},"mobile":{"background-color":"","background-image":"","background-repeat":"repeat","background-position":"center center","background-size":"auto","background-attachment":"scroll","background-type":"","background-media":"","overlay-type":"","overlay-color":"","overlay-opacity":"","overlay-gradient":""}},"ast-content-background-meta":{"desktop":{"background-color":"var(--ast-global-color-5)","background-image":"","background-repeat":"repeat","background-position":"center center","background-size":"auto","background-attachment":"scroll","background-type":"","background-media":"","overlay-type":"","overlay-color":"","overlay-opacity":"","overlay-gradient":""},"tablet":{"background-color":"var(--ast-global-color-5)","background-image":"","background-repeat":"repeat","background-position":"center center","background-size":"auto","background-attachment":"scroll","background-type":"","background-media":"","overlay-type":"","overlay-color":"","overlay-opacity":"","overlay-gradient":""},"mobile":{"background-color":"var(--ast-global-color-5)","background-image":"","background-repeat":"repeat","background-position":"center center","background-size":"auto","background-attachment":"scroll","background-type":"","background-media":"","overlay-type":"","overlay-color":"","overlay-opacity":"","overlay-gradient":""}}},"product_brand":[],"product_cat":[62],"product_tag":[],"class_list":{"0":"post-5632","1":"product","2":"type-product","3":"status-publish","4":"has-post-thumbnail","6":"product_cat-sojall-produkte","7":"desktop-align-center","8":"tablet-align-center","9":"mobile-align-center","10":"ast-product-gallery-layout-horizontal","11":"ast-product-tabs-layout-horizontal","13":"first","14":"instock","15":"taxable","16":"shipping-taxable","17":"purchasable","18":"product-type-simple"},"_links":{"self":[{"href":"https:\/\/shop.swisspowertube.ch\/es\/wp-json\/wp\/v2\/product\/5632","targetHints":{"allow":["GET"]}}],"collection":[{"href":"https:\/\/shop.swisspowertube.ch\/es\/wp-json\/wp\/v2\/product"}],"about":[{"href":"https:\/\/shop.swisspowertube.ch\/es\/wp-json\/wp\/v2\/types\/product"}],"wp:featuredmedia":[{"embeddable":true,"href":"https:\/\/shop.swisspowertube.ch\/es\/wp-json\/wp\/v2\/media\/5633"}],"wp:attachment":[{"href":"https:\/\/shop.swisspowertube.ch\/es\/wp-json\/wp\/v2\/media?parent=5632"}],"wp:term":[{"taxonomy":"product_brand","embeddable":true,"href":"https:\/\/shop.swisspowertube.ch\/es\/wp-json\/wp\/v2\/product_brand?post=5632"},{"taxonomy":"product_cat","embeddable":true,"href":"https:\/\/shop.swisspowertube.ch\/es\/wp-json\/wp\/v2\/product_cat?post=5632"},{"taxonomy":"product_tag","embeddable":true,"href":"https:\/\/shop.swisspowertube.ch\/es\/wp-json\/wp\/v2\/product_tag?post=5632"}],"curies":[{"name":"wp","href":"https:\/\/api.w.org\/{rel}","templated":true}]}}