{"id":5626,"date":"2020-08-20T08:53:47","date_gmt":"2020-08-20T08:53:47","guid":{"rendered":"https:\/\/cms-webdesign.ch\/swisspowertube\/?product=sojall-balance-250-g"},"modified":"2025-01-20T16:21:52","modified_gmt":"2025-01-20T15:21:52","slug":"sojall-balance-250-g","status":"publish","type":"product","link":"https:\/\/shop.swisspowertube.ch\/es\/producto\/sojall-balance-250-g\/","title":{"rendered":"SOJALL Balance 250 g"},"content":{"rendered":"<p>SOJALL Balance ist mit den wertvollen pflanzlichen Soja-Proteinen,<br \/>\nder nat\u00fcrlichen Quelle s\u00e4mtlicher B-Vitamine, insbesondere der Fols\u00e4ure,<br \/>\nein hochwertiges Bio-Lebensmittel in Rohkost-Qualit\u00e4t \u2013 damit K\u00f6rper,<br \/>\nPsyche und Geist in jedem Alter in Einklang bleiben. Die nat\u00fcrlichen<br \/>\nZutaten werden enzymschonend (unter 40 Grad) nach dem SOJALL KEIMO<br \/>\nFOOD\u00ae- bzw. SOJALL \u00aeFERMENTA FOOD-Verfahren (Milchs\u00e4ure-Fermentation)<br \/>\ngekeimt und fermentiert. Mikron\u00e4hrstoffe (Vitamine, Mineralstoffe)<br \/>\nk\u00f6nnen sich dadurch vermehren und werden dem K\u00f6rper besser bioverf\u00fcgbar<br \/>\ngemacht. Die Isoflavone in Soja werden nicht nur von Frauen und M\u00e4nner<br \/>\nmit zunehmendem Alter zur Unterst\u00fctzung des Wohlbefindens sehr<br \/>\ngesch\u00e4tzt. Hochwertiges Sojaeiwei\u00df, das wichtige essenzielle Aminos\u00e4uren<br \/>\nenth\u00e4lt, macht SOJALL Balance wertvoll f\u00fcr Alt und Jung, Vegetarier<br \/>\nsowie Sportler. Die Fols\u00e4ure in SOJALL Balance tr\u00e4gt unter anderem<br \/>\nvorteilhaft zur Aminos\u00e4uresynthese bei. Viele Funktionen im K\u00f6rper<br \/>\nwerden durch Hormone gesteuert: Stoffwechsel, Wasserhaushalt und<br \/>\nBlutdruck bis hin zur Fruchtbarkeit. Sie bestimmen unser Leben. SOJALL<br \/>\nBalance enth\u00e4lt Vitamin B6, das die normale Regulierung der<br \/>\nHormont\u00e4tigkeit*1 unterst\u00fctzt, sowie Pantothens\u00e4ure, die zum normalen<br \/>\nStoffwechsel von Steroidhormonen (Sexualhormon) beitr\u00e4gt. Die Fols\u00e4ure<br \/>\ntr\u00e4gt zur Zellteilung ebenso wie zum normalen Wachstum des m\u00fctterlichen<br \/>\nGewebes w\u00e4hrend der Schwangerschaft bei. Zink in der Kombination mit<br \/>\nSOJALL Makal unterst\u00fctzt zus\u00e4tzlich die Fruchtbarkeit, Fortpflanzung und<br \/>\neinen normalen Testosteron-Spiegel im Blut.<\/p>\n<div>\n<div>\n<p><strong>ZUTATEN:<\/strong><\/p>\n<\/div>\n<\/div>\n<div>\n<div>\n<p>Soja*, Buchweizen* und Braunhirse*<br \/>\n*aus kontrollierter biologischer EU-Landwirtschaft AT-BIO-301<\/p>\n<ul>\n<li>Basisches Lebensmittel<\/li>\n<li>Laktosefrei, vegan<\/li>\n<li>Ideal f\u00fcr die Rohkost<\/li>\n<li>100 % biologisch und gentechnikfrei<\/li>\n<li>Kleine Verzehrmenge<\/li>\n<\/ul>\n<\/div>\n<\/div>","protected":false},"excerpt":{"rendered":"<p>SOJALL Balance ist mit den wertvollen pflanzlichen Soja-Proteinen, der nat\u00fcrlichen Quelle s\u00e4mtlicher B-Vitamine, insbesondere der Fols\u00e4ure, ein hochwertiges Bio-Lebensmittel in Rohkost-Qualit\u00e4t \u2013 damit K\u00f6rper, Psyche und Geist in jedem Alter in Einklang bleiben. Die nat\u00fcrlichen Zutaten werden enzymschonend (unter 40 Grad) nach dem SOJALL KEIMO FOOD\u00ae- bzw. SOJALL \u00aeFERMENTA FOOD-Verfahren (Milchs\u00e4ure-Fermentation) gekeimt und fermentiert. Mikron\u00e4hrstoffe [&hellip;]<\/p>\n","protected":false},"featured_media":5627,"template":"","meta":{"inline_featured_image":false,"site-sidebar-layout":"default","site-content-layout":"","ast-site-content-layout":"default","site-content-style":"default","site-sidebar-style":"default","ast-global-header-display":"","ast-banner-title-visibility":"","ast-main-header-display":"","ast-hfb-above-header-display":"","ast-hfb-below-header-display":"","ast-hfb-mobile-header-display":"","site-post-title":"","ast-breadcrumbs-content":"","ast-featured-img":"","footer-sml-layout":"","ast-disable-related-posts":"","theme-transparent-header-meta":"default","adv-header-id-meta":"","stick-header-meta":"default","header-above-stick-meta":"","header-main-stick-meta":"","header-below-stick-meta":"","astra-migrate-meta-layouts":"set","ast-page-background-enabled":"default","ast-page-background-meta":{"desktop":{"background-color":"","background-image":"","background-repeat":"repeat","background-position":"center center","background-size":"auto","background-attachment":"scroll","background-type":"","background-media":"","overlay-type":"","overlay-color":"","overlay-opacity":"","overlay-gradient":""},"tablet":{"background-color":"","background-image":"","background-repeat":"repeat","background-position":"center center","background-size":"auto","background-attachment":"scroll","background-type":"","background-media":"","overlay-type":"","overlay-color":"","overlay-opacity":"","overlay-gradient":""},"mobile":{"background-color":"","background-image":"","background-repeat":"repeat","background-position":"center center","background-size":"auto","background-attachment":"scroll","background-type":"","background-media":"","overlay-type":"","overlay-color":"","overlay-opacity":"","overlay-gradient":""}},"ast-content-background-meta":{"desktop":{"background-color":"var(--ast-global-color-5)","background-image":"","background-repeat":"repeat","background-position":"center center","background-size":"auto","background-attachment":"scroll","background-type":"","background-media":"","overlay-type":"","overlay-color":"","overlay-opacity":"","overlay-gradient":""},"tablet":{"background-color":"var(--ast-global-color-5)","background-image":"","background-repeat":"repeat","background-position":"center center","background-size":"auto","background-attachment":"scroll","background-type":"","background-media":"","overlay-type":"","overlay-color":"","overlay-opacity":"","overlay-gradient":""},"mobile":{"background-color":"var(--ast-global-color-5)","background-image":"","background-repeat":"repeat","background-position":"center center","background-size":"auto","background-attachment":"scroll","background-type":"","background-media":"","overlay-type":"","overlay-color":"","overlay-opacity":"","overlay-gradient":""}}},"product_brand":[],"product_cat":[62],"product_tag":[],"class_list":{"0":"post-5626","1":"product","2":"type-product","3":"status-publish","4":"has-post-thumbnail","6":"product_cat-sojall-produkte","7":"desktop-align-center","8":"tablet-align-center","9":"mobile-align-center","10":"ast-product-gallery-layout-horizontal","11":"ast-product-tabs-layout-horizontal","13":"first","14":"instock","15":"taxable","16":"shipping-taxable","17":"purchasable","18":"product-type-simple"},"_links":{"self":[{"href":"https:\/\/shop.swisspowertube.ch\/es\/wp-json\/wp\/v2\/product\/5626","targetHints":{"allow":["GET"]}}],"collection":[{"href":"https:\/\/shop.swisspowertube.ch\/es\/wp-json\/wp\/v2\/product"}],"about":[{"href":"https:\/\/shop.swisspowertube.ch\/es\/wp-json\/wp\/v2\/types\/product"}],"wp:featuredmedia":[{"embeddable":true,"href":"https:\/\/shop.swisspowertube.ch\/es\/wp-json\/wp\/v2\/media\/5627"}],"wp:attachment":[{"href":"https:\/\/shop.swisspowertube.ch\/es\/wp-json\/wp\/v2\/media?parent=5626"}],"wp:term":[{"taxonomy":"product_brand","embeddable":true,"href":"https:\/\/shop.swisspowertube.ch\/es\/wp-json\/wp\/v2\/product_brand?post=5626"},{"taxonomy":"product_cat","embeddable":true,"href":"https:\/\/shop.swisspowertube.ch\/es\/wp-json\/wp\/v2\/product_cat?post=5626"},{"taxonomy":"product_tag","embeddable":true,"href":"https:\/\/shop.swisspowertube.ch\/es\/wp-json\/wp\/v2\/product_tag?post=5626"}],"curies":[{"name":"wp","href":"https:\/\/api.w.org\/{rel}","templated":true}]}}