{"id":6827,"date":"2024-12-06T13:26:43","date_gmt":"2024-12-06T12:26:43","guid":{"rendered":"https:\/\/cms-webdesign.ch\/swisspowertube\/impressum\/"},"modified":"2025-01-15T18:18:26","modified_gmt":"2025-01-15T17:18:26","slug":"impressum","status":"publish","type":"page","link":"https:\/\/shop.swisspowertube.ch\/es\/impressum\/","title":{"rendered":"Pie de imprenta"},"content":{"rendered":"<div data-elementor-type=\"wp-page\" data-elementor-id=\"6827\" class=\"elementor elementor-6827\" data-elementor-post-type=\"page\">\n\t\t\t\t<div class=\"elementor-element elementor-element-112f548d e-flex e-con-boxed e-con e-parent\" data-id=\"112f548d\" data-element_type=\"container\" data-e-type=\"container\">\n\t\t\t\t\t<div class=\"e-con-inner\">\n\t\t\t\t<div class=\"elementor-element elementor-element-757f3505 elementor-widget elementor-widget-text-editor\" data-id=\"757f3505\" data-element_type=\"widget\" data-e-type=\"widget\" data-widget_type=\"text-editor.default\">\n\t\t\t\t<div class=\"elementor-widget-container\">\n\t\t\t\t\t\t\t\t\t<p><strong style=\"font-size: revert; color: var(--ast-global-color-3); background-color: var(--ast-global-color-5);\">Kontaktadresse<\/strong><\/p><p>Swisspowertube AG<br \/>Breite 9<br \/>3636 Forst b. L\u00e4ngenb\u00fchl (Schweiz)<\/p><p>Tel.: 0041 33 225 50 60<br \/><a href=\"mailto:info@swisspowertube.ch\">info@swisspowertube.ch<\/a><\/p><p><strong>UID<\/strong><br \/>CHE-377.354.546<\/p><p><strong>Copyright<\/strong><br \/>Das Copyright des Konzepts, der Bilder\/Fotos und der textlichen Inhalte liegen bei Swisspowertube AG.<\/p><p><strong>Haftungsbeschr\u00e4nkung<\/strong><\/p><p>Mit der Nutzung dieser Website akzeptieren Sie die nachfolgenden Bedingungen.<\/p><p>Wir haben diese Website mit gr\u00f6sstm\u00f6glicher Sorgfalt erstellt. Wir \u00fcbernehmen jedoch keine Gew\u00e4hr f\u00fcr der Richtigkeit, Vollst\u00e4ndigkeit, Exaktheit und Aktualit\u00e4t der auf dieser Webseite bereitgestellten Inhalte. Wir \u00fcbernehmen auch keine Gew\u00e4hrleistung hinsichtlich der Qualit\u00e4t der Inhalte, die \u00fcber diese Webseite weitergegeben oder heruntergeladen werden. Wir behalten uns vor, Teile der Website oder das gesamte Angebot ohne spezielle Ank\u00fcndigung zu ver\u00e4ndern, erg\u00e4nzen oder l\u00f6schen.<\/p><p><strong>Urheber- und Leistungsschutzrechte<\/strong><\/p><p>Alle auf dieser Website ver\u00f6ffentlichten Inhalte unterliegen dem Urheber- und Leistungsschutzrecht. Inhalte dieser Website d\u00fcrfen nur mit vorg\u00e4ngiger, schriftlicher Zustimmung und unter Angabe des Copyrights verwendet werden. Dies gilt insbesondere f\u00fcr Vervielf\u00e4ltigung, Bearbeitung, \u00dcbersetzung, Einspeicherung, Verarbeitung bzw. Wiedergabe von Inhalten in Datenbanken oder anderen elektronischen Medien und Systemen. Inhalte und Rechte Dritter sind dabei als solche gekennzeichnet.<\/p><p><strong>Externe Links<\/strong><\/p><p>Diese Website enth\u00e4lt Verkn\u00fcpfungen zu \u201eexternen Links\u201c (Websites Dritter). Diese Websites unterliegen der Haftung der jeweiligen Betreiber. Wir haben keinen Einfluss auf die aktuelle und zuk\u00fcnftige Gestaltung und auf die Inhalte der verkn\u00fcpften Seiten.Bei Kenntnis von Rechtsverst\u00f6ssen werden die entsprechenden externen Links unverz\u00fcglich gel\u00f6scht.<\/p><p>Dem Benutzer von externen Links muss bewusst sein, dass die Betreiber von verlinkten Websites pers\u00f6nliche Daten erfassen und sammeln k\u00f6nnen (inklusive Informationen, die durch die Benutzung von Cookies generiert wurden), sobald deren Websites besucht werden.<\/p><p>Wir \u00fcbernehmen keine Verantwortung daf\u00fcr, wie derartige Betreiber pers\u00f6nlichen Daten sammeln, verwenden oder offenlegen.\u00a0<\/p>\t\t\t\t\t\t\t\t<\/div>\n\t\t\t\t<\/div>\n\t\t\t\t\t<\/div>\n\t\t\t\t<\/div>\n\t\t\t\t<\/div>","protected":false},"excerpt":{"rendered":"<p>Kontaktadresse Swisspowertube AGBreite 93636 Forst b. L\u00e4ngenb\u00fchl (Schweiz) Tel.: 0041 33 225 50 60info@swisspowertube.ch UIDCHE-377.354.546 CopyrightDas Copyright des Konzepts, der Bilder\/Fotos und der textlichen Inhalte liegen bei Swisspowertube AG. Haftungsbeschr\u00e4nkung Mit der Nutzung dieser Website akzeptieren Sie die nachfolgenden Bedingungen. Wir haben diese Website mit gr\u00f6sstm\u00f6glicher Sorgfalt erstellt. Wir \u00fcbernehmen jedoch keine Gew\u00e4hr f\u00fcr der [&hellip;]<\/p>\n","protected":false},"author":1,"featured_media":0,"parent":0,"menu_order":0,"comment_status":"closed","ping_status":"closed","template":"","meta":{"inline_featured_image":false,"site-sidebar-layout":"default","site-content-layout":"","ast-site-content-layout":"default","site-content-style":"default","site-sidebar-style":"default","ast-global-header-display":"","ast-banner-title-visibility":"","ast-main-header-display":"","ast-hfb-above-header-display":"","ast-hfb-below-header-display":"","ast-hfb-mobile-header-display":"","site-post-title":"","ast-breadcrumbs-content":"","ast-featured-img":"","footer-sml-layout":"","ast-disable-related-posts":"","theme-transparent-header-meta":"","adv-header-id-meta":"","stick-header-meta":"","header-above-stick-meta":"","header-main-stick-meta":"","header-below-stick-meta":"","astra-migrate-meta-layouts":"set","ast-page-background-enabled":"default","ast-page-background-meta":{"desktop":{"background-color":"","background-image":"","background-repeat":"repeat","background-position":"center center","background-size":"auto","background-attachment":"scroll","background-type":"","background-media":"","overlay-type":"","overlay-color":"","overlay-opacity":"","overlay-gradient":""},"tablet":{"background-color":"","background-image":"","background-repeat":"repeat","background-position":"center center","background-size":"auto","background-attachment":"scroll","background-type":"","background-media":"","overlay-type":"","overlay-color":"","overlay-opacity":"","overlay-gradient":""},"mobile":{"background-color":"","background-image":"","background-repeat":"repeat","background-position":"center center","background-size":"auto","background-attachment":"scroll","background-type":"","background-media":"","overlay-type":"","overlay-color":"","overlay-opacity":"","overlay-gradient":""}},"ast-content-background-meta":{"desktop":{"background-color":"var(--ast-global-color-5)","background-image":"","background-repeat":"repeat","background-position":"center center","background-size":"auto","background-attachment":"scroll","background-type":"","background-media":"","overlay-type":"","overlay-color":"","overlay-opacity":"","overlay-gradient":""},"tablet":{"background-color":"var(--ast-global-color-5)","background-image":"","background-repeat":"repeat","background-position":"center center","background-size":"auto","background-attachment":"scroll","background-type":"","background-media":"","overlay-type":"","overlay-color":"","overlay-opacity":"","overlay-gradient":""},"mobile":{"background-color":"var(--ast-global-color-5)","background-image":"","background-repeat":"repeat","background-position":"center center","background-size":"auto","background-attachment":"scroll","background-type":"","background-media":"","overlay-type":"","overlay-color":"","overlay-opacity":"","overlay-gradient":""}},"footnotes":""},"class_list":["post-6827","page","type-page","status-publish","hentry"],"_links":{"self":[{"href":"https:\/\/shop.swisspowertube.ch\/es\/wp-json\/wp\/v2\/pages\/6827","targetHints":{"allow":["GET"]}}],"collection":[{"href":"https:\/\/shop.swisspowertube.ch\/es\/wp-json\/wp\/v2\/pages"}],"about":[{"href":"https:\/\/shop.swisspowertube.ch\/es\/wp-json\/wp\/v2\/types\/page"}],"author":[{"embeddable":true,"href":"https:\/\/shop.swisspowertube.ch\/es\/wp-json\/wp\/v2\/users\/1"}],"replies":[{"embeddable":true,"href":"https:\/\/shop.swisspowertube.ch\/es\/wp-json\/wp\/v2\/comments?post=6827"}],"version-history":[{"count":0,"href":"https:\/\/shop.swisspowertube.ch\/es\/wp-json\/wp\/v2\/pages\/6827\/revisions"}],"wp:attachment":[{"href":"https:\/\/shop.swisspowertube.ch\/es\/wp-json\/wp\/v2\/media?parent=6827"}],"curies":[{"name":"wp","href":"https:\/\/api.w.org\/{rel}","templated":true}]}}