{"id":5708,"date":"2022-06-15T07:05:40","date_gmt":"2022-06-15T07:05:40","guid":{"rendered":"https:\/\/cms-webdesign.ch\/swisspowertube\/?product=sojall-trinko-500-ml"},"modified":"2025-01-15T16:01:14","modified_gmt":"2025-01-15T15:01:14","slug":"sojall-trinko-500-ml","status":"publish","type":"product","link":"https:\/\/shop.swisspowertube.ch\/en\/product\/sojall-trinko-500-ml\/","title":{"rendered":"SOJALL Trinko 500 ml"},"content":{"rendered":"<p>SOJALL Trinko enth\u00e4lt wertvolle Kr\u00e4uter, hochwertige Frucht- und Gem\u00fcses\u00e4fte, die dem K\u00f6rper in fermentierter Form zur Verf\u00fcgung stehen. T\u00e4glich getrunken ist es f\u00fcr Kinder ebenso geeignet wie f\u00fcr Senioren oder auch Leistungssportler. Ein wertvolles Lebensmittel in Premium-Qualit\u00e4t in allen Lebenslagen.<\/p>\n<h3>LEBENDIGE MILCHS\u00c4UREBAKTERIEN<\/h3>\n<p>SOJALL Trinko wird nicht pasteurisiert und enth\u00e4lt eine Vielzahl von lebendigen Milchs\u00e4urebakterien. Dank der speziellen enzymschonenden Produktveredelung (unter 40 \u00b0C) k\u00f6nnen sich Mikron\u00e4hrstoffe (Vitamine) vermehren bzw. bleiben erhalten und werden dem K\u00f6rper besser bioverf\u00fcgbar gemacht. Die Wertigkeit der Zutaten wird somit erh\u00f6ht und gleichzeitig die Haltbarkeit ohne Zus\u00e4tze und oder Hitze stabilisiert.<\/p>\n<h3>ZUCKERFREI<\/h3>\n<p>Ein wesentlicher Vorteil gegen\u00fcber anderen hochwertigen Fruchts\u00e4ften ist, dass der enthaltene Fruchtzucker in SOJALL Trinko w\u00e4hrend des SOJALL FERMENTA FOOD\u00ae- Verfahrens mithilfe von Milchs\u00e4urebakterien in Milchs\u00e4ure umgewandelt wird. So entsteht ein milchsaures, fruchtiges zuckerfreies Bio-Fermentgetr\u00e4nk.<\/p>\n<h3>MILCHS\u00c4URE<\/h3>\n<p>Die Vorz\u00fcge von milchsauer vergorenen bzw. fermentierten Lebensmitteln (Sauerkraut, etc.) ist seit jeher bekannt. Die Milchs\u00e4ure unterst\u00fctzt u.a. die Aufnahme wertvoller Mineralstoffe. SOJALL Trinko enth\u00e4lt Milchs\u00e4ure, daher empfiehlt es sich, gleichzeitig das mineralstoffreiche Nahrungserg\u00e4nzungsmittel SOJALL Makal einzunehmen.<\/p>\n<h3>S\u00c4URE-BASEN-HAUSHALT<\/h3>\n<p>Stresssituationen und Fehlern\u00e4hrung sind beispielsweise Gr\u00fcnde f\u00fcr die \u00dcbers\u00e4uerung des K\u00f6rpers. Der t\u00e4gliche Verzehr von SOJALL Trinko in Kombination mit SOJALL Makal empfiehlt sich, denn der dort enthaltene Mineralstoff Zink unterst\u00fctzt einen normalen S\u00e4ure-Basen- Stoffwechsel und tr\u00e4gt ebenso wie das nat\u00fcrliche Vitamin C in Trinko dazu bei, die <strong>Zellen vor oxidativem Stress zu sch\u00fctzen<\/strong>. TIPP: SOJALL Trinko ist zum oder nach dem Genuss von S\u00fc\u00dfigkeiten oder S\u00fc\u00dfspeisen zu empfehlen.<\/p>\n<h3>VERDAUUNG, ELEKTROLYTHAUSHALT<\/h3>\n<p>Nicht nur Sportler sch\u00e4tzen SOJALL Trinko in Verbindung mit SOJALL Makal. Das nat\u00fcrliche Vitamin C in SOJALL Trinko tr\u00e4gt zur Eisenaufnahme und zu einem normalen Energiestoffwechsel bei. Magnesium in SOJALL Makal leistet einen wichtigen Beitrag zum Elektrolytgleichgewicht und Zink unterst\u00fctzt die Eiwei\u00df-Synthese, den Stoffwechsel von Makron\u00e4hrstoffen, Kohlenhydraten und Fetts\u00e4uren sowie die normale Funktion der Verdauungsenzyme.<\/p>\n<h3>IMMUNSYSTEM, LEISTUNGSF\u00c4HIGKEIT<\/h3>\n<p>SOJALL Trinko unterst\u00fctzt Sie in schwierigen Lebenssituation, bei Stress und ist auch auf Reisen ein angenehmer Begleiter. Das nat\u00fcrliche Vitamin C im Trinko leistet einen Beitrag zur Verringerung von M\u00fcdigkeit, Funktion des Nervensystems sowie psychischen Funktion und unterst\u00fctzt ebenso wie Zink in SOJALL Makal den Erhalt des Immunsystems.<\/p>\n<h3>KR\u00c4UTER F\u00dcR DIE GESUNDHEIT<\/h3>\n<p>Die positiven Eigenschaften von <strong>Schafgarbenkraut<\/strong>, <strong>Pfefferminze, Lemon Myrtle, Hibiskusbl\u00fcten, Himbeer- und Brombeerbl\u00e4tter<\/strong> sind in der Kr\u00e4uterkunde seit langem bekannt und runden zus\u00e4tzlich den feinen Geschmack von SOJALL Trinko besonders gut ab.<\/p>\n<h3>KOLLAGENBILDUNG<\/h3>\n<p>Neben den bereits erw\u00e4hnten positiven Wirkung von Vitamin C tr\u00e4gt es weiters bei zu normalen Funktion und Kollagenbildung der Haut, Blutgef\u00e4\u00dfe, Knorpeln, Z\u00e4hne und des Zahnfleisches bei.<\/p>\n<p>&nbsp;<\/p>\n<h3>WEITERE VORTEILE<\/h3>\n<ul>\n<li>gesunder Durstl\u00f6scher, auch f\u00fcr Sportler<\/li>\n<li>laktosefrei<\/li>\n<li>eignet sich Ansetzen bzw. Einweichen von M\u00fcsli<\/li>\n<li>nicht pasteurisiert<\/li>\n<li>ohne Konservierungsstoffe<\/li>\n<li>ohne synthetische Farb- und Aromastoffe<\/li>\n<li>ohne k\u00fcnstliche Zuckeraustauschstoffe<\/li>\n<\/ul>\n<h3>VERZEHREMPFEHLUNG:<\/h3>\n<p>Erwachsene: 30 \u2013 60 ml\/t\u00e4glich<br \/>\nKinder ab dem 2. Lebensjahr: 15 -30 ml\/t\u00e4glich<br \/>\nSOJALL Trinko mit kaltem oder warmem Wasser, Frucht- oder Gem\u00fcsesaft mischen.<\/p>\n<p>Es empfiehlt sich, gleichzeitig zu SOJALL Trinko das Nahrungserg\u00e4nzungsmittel SOJALL Makal einzunehmen. Mit dem nat\u00fcrlich s\u00fc\u00dfen Topinambursaftkonzentrat SOJALL Bio-Topil l\u00e4sst sich SOJALL Trinko speziell f\u00fcr s\u00fc\u00dfe Genie\u00dfer und Kinder noch verfeinern. Eine abwechslungsreiche und ausgewogene Ern\u00e4hrung und eine gesunde Lebensweise sind wichtig.<\/p>\n<p>SOJALL Trinko mit Wasser (1:3) verd\u00fcnnt eignet sich hervorragend zum Ansetzen vom M\u00fcsli. Eine wertvolle Alternative f\u00fcr Menschen mit Laktoseintoleranz. Die St\u00e4rke im Getreide kann unter Luftabschluss und je nach Einwirkzeit in komplexe, leichter verdauliche komplexe Kohlenhydrate aufgeschlossen werden.<\/p>","protected":false},"excerpt":{"rendered":"<p>SOJALL Trinko enth\u00e4lt wertvolle Kr\u00e4uter, hochwertige Frucht- und Gem\u00fcses\u00e4fte, die dem K\u00f6rper in fermentierter Form zur Verf\u00fcgung stehen. T\u00e4glich getrunken ist es f\u00fcr Kinder ebenso geeignet wie f\u00fcr Senioren oder auch Leistungssportler. Ein wertvolles Lebensmittel in Premium-Qualit\u00e4t in allen Lebenslagen. LEBENDIGE MILCHS\u00c4UREBAKTERIEN SOJALL Trinko wird nicht pasteurisiert und enth\u00e4lt eine Vielzahl von lebendigen Milchs\u00e4urebakterien. Dank [&hellip;]<\/p>\n","protected":false},"featured_media":5709,"template":"","meta":{"inline_featured_image":false,"site-sidebar-layout":"default","site-content-layout":"","ast-site-content-layout":"default","site-content-style":"default","site-sidebar-style":"default","ast-global-header-display":"","ast-banner-title-visibility":"","ast-main-header-display":"","ast-hfb-above-header-display":"","ast-hfb-below-header-display":"","ast-hfb-mobile-header-display":"","site-post-title":"","ast-breadcrumbs-content":"","ast-featured-img":"","footer-sml-layout":"","ast-disable-related-posts":"","theme-transparent-header-meta":"default","adv-header-id-meta":"","stick-header-meta":"default","header-above-stick-meta":"","header-main-stick-meta":"","header-below-stick-meta":"","astra-migrate-meta-layouts":"set","ast-page-background-enabled":"default","ast-page-background-meta":{"desktop":{"background-color":"","background-image":"","background-repeat":"repeat","background-position":"center center","background-size":"auto","background-attachment":"scroll","background-type":"","background-media":"","overlay-type":"","overlay-color":"","overlay-opacity":"","overlay-gradient":""},"tablet":{"background-color":"","background-image":"","background-repeat":"repeat","background-position":"center center","background-size":"auto","background-attachment":"scroll","background-type":"","background-media":"","overlay-type":"","overlay-color":"","overlay-opacity":"","overlay-gradient":""},"mobile":{"background-color":"","background-image":"","background-repeat":"repeat","background-position":"center center","background-size":"auto","background-attachment":"scroll","background-type":"","background-media":"","overlay-type":"","overlay-color":"","overlay-opacity":"","overlay-gradient":""}},"ast-content-background-meta":{"desktop":{"background-color":"var(--ast-global-color-5)","background-image":"","background-repeat":"repeat","background-position":"center center","background-size":"auto","background-attachment":"scroll","background-type":"","background-media":"","overlay-type":"","overlay-color":"","overlay-opacity":"","overlay-gradient":""},"tablet":{"background-color":"var(--ast-global-color-5)","background-image":"","background-repeat":"repeat","background-position":"center center","background-size":"auto","background-attachment":"scroll","background-type":"","background-media":"","overlay-type":"","overlay-color":"","overlay-opacity":"","overlay-gradient":""},"mobile":{"background-color":"var(--ast-global-color-5)","background-image":"","background-repeat":"repeat","background-position":"center center","background-size":"auto","background-attachment":"scroll","background-type":"","background-media":"","overlay-type":"","overlay-color":"","overlay-opacity":"","overlay-gradient":""}}},"product_brand":[],"product_cat":[62],"product_tag":[],"class_list":{"0":"post-5708","1":"product","2":"type-product","3":"status-publish","4":"has-post-thumbnail","6":"product_cat-sojall-produkte","7":"desktop-align-center","8":"tablet-align-center","9":"mobile-align-center","10":"ast-product-gallery-layout-horizontal","11":"ast-product-gallery-with-no-image","12":"ast-product-tabs-layout-horizontal","14":"first","15":"instock","16":"taxable","17":"shipping-taxable","18":"purchasable","19":"product-type-simple"},"_links":{"self":[{"href":"https:\/\/shop.swisspowertube.ch\/en\/wp-json\/wp\/v2\/product\/5708","targetHints":{"allow":["GET"]}}],"collection":[{"href":"https:\/\/shop.swisspowertube.ch\/en\/wp-json\/wp\/v2\/product"}],"about":[{"href":"https:\/\/shop.swisspowertube.ch\/en\/wp-json\/wp\/v2\/types\/product"}],"wp:featuredmedia":[{"embeddable":true,"href":"https:\/\/shop.swisspowertube.ch\/en\/wp-json\/wp\/v2\/media\/5709"}],"wp:attachment":[{"href":"https:\/\/shop.swisspowertube.ch\/en\/wp-json\/wp\/v2\/media?parent=5708"}],"wp:term":[{"taxonomy":"product_brand","embeddable":true,"href":"https:\/\/shop.swisspowertube.ch\/en\/wp-json\/wp\/v2\/product_brand?post=5708"},{"taxonomy":"product_cat","embeddable":true,"href":"https:\/\/shop.swisspowertube.ch\/en\/wp-json\/wp\/v2\/product_cat?post=5708"},{"taxonomy":"product_tag","embeddable":true,"href":"https:\/\/shop.swisspowertube.ch\/en\/wp-json\/wp\/v2\/product_tag?post=5708"}],"curies":[{"name":"wp","href":"https:\/\/api.w.org\/{rel}","templated":true}]}}