{"id":5703,"date":"2022-02-16T10:22:16","date_gmt":"2022-02-16T10:22:16","guid":{"rendered":"https:\/\/cms-webdesign.ch\/swisspowertube\/?product=sojall-vital-massagebalsam-50-ml"},"modified":"2025-01-15T16:02:48","modified_gmt":"2025-01-15T15:02:48","slug":"sojall-vital-massagebalsam-50-ml","status":"publish","type":"product","link":"https:\/\/shop.swisspowertube.ch\/en\/product\/sojall-vital-massagebalsam-50-ml\/","title":{"rendered":"SOJALL Vital Massagebalsam 50 ml"},"content":{"rendered":"<p>F\u00dcR MUSKELN UND GELENKE, MIT WOHLTUENDEN KR\u00c4UTER\u00d6LEN UND BIO-ZIEGENBUTTER, FRISCHER DUFT, F\u00dcR JUNG UND ALT&#8230;<\/p>\n<ul>\n<li>unterst\u00fctzt die Entspannung von Muskeln und Gelenken<\/li>\n<li>bei Jung und Alt sowie Sportler beliebt<\/li>\n<li>mit Bio-Ziegenbutter und Kr\u00e4uter\u00f6len<\/li>\n<li>Lavendel, Rosmarin, Zitronengras, Thymian, Wald-F\u00f6hre, Latschenkiefer mit angenehm frischen Duft<\/li>\n<li>Wirkt auch wohltuend auf Brust und R\u00fccken in Kombination mit einem w\u00e4rmenden Kirschkernkissen.<\/li>\n<\/ul>\n<div><\/div>","protected":false},"excerpt":{"rendered":"<p>F\u00dcR MUSKELN UND GELENKE, MIT WOHLTUENDEN KR\u00c4UTER\u00d6LEN UND BIO-ZIEGENBUTTER, FRISCHER DUFT, F\u00dcR JUNG UND ALT&#8230; unterst\u00fctzt die Entspannung von Muskeln und Gelenken bei Jung und Alt sowie Sportler beliebt mit Bio-Ziegenbutter und Kr\u00e4uter\u00f6len Lavendel, Rosmarin, Zitronengras, Thymian, Wald-F\u00f6hre, Latschenkiefer mit angenehm frischen Duft Wirkt auch wohltuend auf Brust und R\u00fccken in Kombination mit einem w\u00e4rmenden [&hellip;]<\/p>\n","protected":false},"featured_media":5705,"template":"","meta":{"inline_featured_image":false,"site-sidebar-layout":"default","site-content-layout":"","ast-site-content-layout":"default","site-content-style":"default","site-sidebar-style":"default","ast-global-header-display":"","ast-banner-title-visibility":"","ast-main-header-display":"","ast-hfb-above-header-display":"","ast-hfb-below-header-display":"","ast-hfb-mobile-header-display":"","site-post-title":"","ast-breadcrumbs-content":"","ast-featured-img":"","footer-sml-layout":"","ast-disable-related-posts":"","theme-transparent-header-meta":"default","adv-header-id-meta":"","stick-header-meta":"default","header-above-stick-meta":"","header-main-stick-meta":"","header-below-stick-meta":"","astra-migrate-meta-layouts":"set","ast-page-background-enabled":"default","ast-page-background-meta":{"desktop":{"background-color":"","background-image":"","background-repeat":"repeat","background-position":"center center","background-size":"auto","background-attachment":"scroll","background-type":"","background-media":"","overlay-type":"","overlay-color":"","overlay-opacity":"","overlay-gradient":""},"tablet":{"background-color":"","background-image":"","background-repeat":"repeat","background-position":"center center","background-size":"auto","background-attachment":"scroll","background-type":"","background-media":"","overlay-type":"","overlay-color":"","overlay-opacity":"","overlay-gradient":""},"mobile":{"background-color":"","background-image":"","background-repeat":"repeat","background-position":"center center","background-size":"auto","background-attachment":"scroll","background-type":"","background-media":"","overlay-type":"","overlay-color":"","overlay-opacity":"","overlay-gradient":""}},"ast-content-background-meta":{"desktop":{"background-color":"var(--ast-global-color-5)","background-image":"","background-repeat":"repeat","background-position":"center center","background-size":"auto","background-attachment":"scroll","background-type":"","background-media":"","overlay-type":"","overlay-color":"","overlay-opacity":"","overlay-gradient":""},"tablet":{"background-color":"var(--ast-global-color-5)","background-image":"","background-repeat":"repeat","background-position":"center center","background-size":"auto","background-attachment":"scroll","background-type":"","background-media":"","overlay-type":"","overlay-color":"","overlay-opacity":"","overlay-gradient":""},"mobile":{"background-color":"var(--ast-global-color-5)","background-image":"","background-repeat":"repeat","background-position":"center center","background-size":"auto","background-attachment":"scroll","background-type":"","background-media":"","overlay-type":"","overlay-color":"","overlay-opacity":"","overlay-gradient":""}}},"product_brand":[],"product_cat":[62],"product_tag":[],"class_list":{"0":"post-5703","1":"product","2":"type-product","3":"status-publish","4":"has-post-thumbnail","6":"product_cat-sojall-produkte","7":"desktop-align-center","8":"tablet-align-center","9":"mobile-align-center","10":"ast-product-gallery-layout-horizontal","11":"ast-product-tabs-layout-horizontal","13":"first","14":"instock","15":"taxable","16":"shipping-taxable","17":"purchasable","18":"product-type-simple"},"_links":{"self":[{"href":"https:\/\/shop.swisspowertube.ch\/en\/wp-json\/wp\/v2\/product\/5703","targetHints":{"allow":["GET"]}}],"collection":[{"href":"https:\/\/shop.swisspowertube.ch\/en\/wp-json\/wp\/v2\/product"}],"about":[{"href":"https:\/\/shop.swisspowertube.ch\/en\/wp-json\/wp\/v2\/types\/product"}],"wp:featuredmedia":[{"embeddable":true,"href":"https:\/\/shop.swisspowertube.ch\/en\/wp-json\/wp\/v2\/media\/5705"}],"wp:attachment":[{"href":"https:\/\/shop.swisspowertube.ch\/en\/wp-json\/wp\/v2\/media?parent=5703"}],"wp:term":[{"taxonomy":"product_brand","embeddable":true,"href":"https:\/\/shop.swisspowertube.ch\/en\/wp-json\/wp\/v2\/product_brand?post=5703"},{"taxonomy":"product_cat","embeddable":true,"href":"https:\/\/shop.swisspowertube.ch\/en\/wp-json\/wp\/v2\/product_cat?post=5703"},{"taxonomy":"product_tag","embeddable":true,"href":"https:\/\/shop.swisspowertube.ch\/en\/wp-json\/wp\/v2\/product_tag?post=5703"}],"curies":[{"name":"wp","href":"https:\/\/api.w.org\/{rel}","templated":true}]}}