{"id":5693,"date":"2021-03-22T10:44:11","date_gmt":"2021-03-22T10:44:11","guid":{"rendered":"https:\/\/cms-webdesign.ch\/swisspowertube\/?product=sojall-pro-life-50-ml"},"modified":"2025-01-15T16:04:54","modified_gmt":"2025-01-15T15:04:54","slug":"sojall-pro-life-50-ml","status":"publish","type":"product","link":"https:\/\/shop.swisspowertube.ch\/en\/product\/sojall-pro-life-50-ml\/","title":{"rendered":"SOJALL Pro Life 50 ml"},"content":{"rendered":"<p>SOJALL Pro Life<\/p>\n<p>K\u00f6rperpflegemittel f\u00fcr die Haut- und Mundhygiene auf Natursolebasis<\/p>\n<p>\u2022Sch\u00fctzt Haut und Schleimhaut<\/p>\n<p>\u2022Mundh\u00f6hle, Nase, Augenlider<\/p>\n<p>\u2022mit wertvollen Elektrolyten (Magnesium\u2026)<\/p>\n<p>\u2022neutraler Geschmack<\/p>\n<p>SOJALL Pro Life pflegt und sch\u00fctzt die Haut und Schleimhaut von K\u00f6rper und Gesicht, sowie die gesamte Mundh\u00f6hle, Nase und Augenlider.<\/p>\n<p>SOJALL Pro Life hat einen hautneutralen pH-Wert und enth\u00e4lt wertvolle Elektrolyte, wie. z.B.Magnesium, Calcium, Natrium, Natron und Chlorid. Es unterst\u00fctzt die nat\u00fcrliche Regulierung des Milieus auf der Haut und pflegt und sch\u00fctzt den nat\u00fcrlichen Hautschutzmantel, der ein Schutzschild gegen Au\u00dfeneinfl\u00fcsse ist.<\/p>\n<p>SOJALL Pro Life dient zur Mundsp\u00fclung, ebenso wie zur Pflege des Zahnfleisches. Es befeuchtet, erfrischt und reinigt den Mund sowie den \u00e4u\u00dferen Bereich der Nase und sch\u00fctzt vor dem Austrocknen der Schleimhaut. Zus\u00e4tzlich erfrischt es dem Atem und l\u00e4sst erfrisch durchatmen.<\/p>\n<p>Tipp: Es empfiehlt sich der regelm\u00e4\u00dfige Einsatz beim h\u00e4ufigen Tragen der MNS-Maske.<\/p>\n<p>Anwendung:<\/p>\n<p>Mehrmals t\u00e4glich <u>auf<\/u> die pflegebed\u00fcrftige Haut von K\u00f6rper und Gesicht einschlie\u00dflich der Augenlider und Nase sowie <u>in<\/u> die Mundh\u00f6hle spr\u00fchen. F\u00fcr schwer erreichbare Stellen sind ein praktischer schwenkbarer Nasen- und Mundh\u00f6hlenadapter und eine Pipette separat erh\u00e4ltlich.<\/p>\n<p>FREI VON:<\/p>\n<p>\u2022 Alkohol<\/p>\n<p>\u2022 Konservierungsstoffen<\/p>\n<p>\u2022 Duft- und Farbstoffen<\/p>\n<p>\u2022 Silikonen<\/p>\n<p>\u2022 Paraffinen<\/p>\n<p>VEGAN<\/p>\n<p>Indredients: Aqua, Natriumchlorid, Natriumhydrogencarbonat<\/p>","protected":false},"excerpt":{"rendered":"<p>SOJALL Pro Life K\u00f6rperpflegemittel f\u00fcr die Haut- und Mundhygiene auf Natursolebasis \u2022Sch\u00fctzt Haut und Schleimhaut \u2022Mundh\u00f6hle, Nase, Augenlider \u2022mit wertvollen Elektrolyten (Magnesium\u2026) \u2022neutraler Geschmack SOJALL Pro Life pflegt und sch\u00fctzt die Haut und Schleimhaut von K\u00f6rper und Gesicht, sowie die gesamte Mundh\u00f6hle, Nase und Augenlider. SOJALL Pro Life hat einen hautneutralen pH-Wert und enth\u00e4lt wertvolle [&hellip;]<\/p>\n","protected":false},"featured_media":5694,"template":"","meta":{"inline_featured_image":false,"site-sidebar-layout":"default","site-content-layout":"","ast-site-content-layout":"default","site-content-style":"default","site-sidebar-style":"default","ast-global-header-display":"","ast-banner-title-visibility":"","ast-main-header-display":"","ast-hfb-above-header-display":"","ast-hfb-below-header-display":"","ast-hfb-mobile-header-display":"","site-post-title":"","ast-breadcrumbs-content":"","ast-featured-img":"","footer-sml-layout":"","ast-disable-related-posts":"","theme-transparent-header-meta":"default","adv-header-id-meta":"","stick-header-meta":"default","header-above-stick-meta":"","header-main-stick-meta":"","header-below-stick-meta":"","astra-migrate-meta-layouts":"set","ast-page-background-enabled":"default","ast-page-background-meta":{"desktop":{"background-color":"","background-image":"","background-repeat":"repeat","background-position":"center center","background-size":"auto","background-attachment":"scroll","background-type":"","background-media":"","overlay-type":"","overlay-color":"","overlay-opacity":"","overlay-gradient":""},"tablet":{"background-color":"","background-image":"","background-repeat":"repeat","background-position":"center center","background-size":"auto","background-attachment":"scroll","background-type":"","background-media":"","overlay-type":"","overlay-color":"","overlay-opacity":"","overlay-gradient":""},"mobile":{"background-color":"","background-image":"","background-repeat":"repeat","background-position":"center center","background-size":"auto","background-attachment":"scroll","background-type":"","background-media":"","overlay-type":"","overlay-color":"","overlay-opacity":"","overlay-gradient":""}},"ast-content-background-meta":{"desktop":{"background-color":"var(--ast-global-color-5)","background-image":"","background-repeat":"repeat","background-position":"center center","background-size":"auto","background-attachment":"scroll","background-type":"","background-media":"","overlay-type":"","overlay-color":"","overlay-opacity":"","overlay-gradient":""},"tablet":{"background-color":"var(--ast-global-color-5)","background-image":"","background-repeat":"repeat","background-position":"center center","background-size":"auto","background-attachment":"scroll","background-type":"","background-media":"","overlay-type":"","overlay-color":"","overlay-opacity":"","overlay-gradient":""},"mobile":{"background-color":"var(--ast-global-color-5)","background-image":"","background-repeat":"repeat","background-position":"center center","background-size":"auto","background-attachment":"scroll","background-type":"","background-media":"","overlay-type":"","overlay-color":"","overlay-opacity":"","overlay-gradient":""}}},"product_brand":[],"product_cat":[62],"product_tag":[],"class_list":{"0":"post-5693","1":"product","2":"type-product","3":"status-publish","4":"has-post-thumbnail","6":"product_cat-sojall-produkte","7":"desktop-align-center","8":"tablet-align-center","9":"mobile-align-center","10":"ast-product-gallery-layout-horizontal","11":"ast-product-gallery-with-no-image","12":"ast-product-tabs-layout-horizontal","14":"first","15":"instock","16":"taxable","17":"shipping-taxable","18":"purchasable","19":"product-type-simple"},"_links":{"self":[{"href":"https:\/\/shop.swisspowertube.ch\/en\/wp-json\/wp\/v2\/product\/5693","targetHints":{"allow":["GET"]}}],"collection":[{"href":"https:\/\/shop.swisspowertube.ch\/en\/wp-json\/wp\/v2\/product"}],"about":[{"href":"https:\/\/shop.swisspowertube.ch\/en\/wp-json\/wp\/v2\/types\/product"}],"wp:featuredmedia":[{"embeddable":true,"href":"https:\/\/shop.swisspowertube.ch\/en\/wp-json\/wp\/v2\/media\/5694"}],"wp:attachment":[{"href":"https:\/\/shop.swisspowertube.ch\/en\/wp-json\/wp\/v2\/media?parent=5693"}],"wp:term":[{"taxonomy":"product_brand","embeddable":true,"href":"https:\/\/shop.swisspowertube.ch\/en\/wp-json\/wp\/v2\/product_brand?post=5693"},{"taxonomy":"product_cat","embeddable":true,"href":"https:\/\/shop.swisspowertube.ch\/en\/wp-json\/wp\/v2\/product_cat?post=5693"},{"taxonomy":"product_tag","embeddable":true,"href":"https:\/\/shop.swisspowertube.ch\/en\/wp-json\/wp\/v2\/product_tag?post=5693"}],"curies":[{"name":"wp","href":"https:\/\/api.w.org\/{rel}","templated":true}]}}